{"id":8266,"date":"2025-07-28T09:58:44","date_gmt":"2025-07-28T13:58:44","guid":{"rendered":"https:\/\/www.cyframe.com\/cookies-policy\/"},"modified":"2025-07-28T11:15:15","modified_gmt":"2025-07-28T15:15:15","slug":"politique-en-matiere-de-cookies","status":"publish","type":"page","link":"https:\/\/www.cyframe.com\/fr\/politique-en-matiere-de-cookies\/","title":{"rendered":"Politique en mati\u00e8re de cookies"},"content":{"rendered":"\t\t<div data-elementor-type=\"wp-page\" data-elementor-id=\"8266\" class=\"elementor elementor-8266 elementor-8255\" data-elementor-post-type=\"page\">\n\t\t\t\t\t\t<section data-particle_enable=\"false\" data-particle-mobile-disabled=\"false\" class=\"elementor-section elementor-top-section elementor-element elementor-element-6a8930d9 elementor-section-height-min-height elementor-section-boxed elementor-section-height-default elementor-section-items-middle\" data-id=\"6a8930d9\" data-element_type=\"section\" data-settings=\"{&quot;background_background&quot;:&quot;classic&quot;}\">\n\t\t\t\t\t\t<div class=\"elementor-container elementor-column-gap-default\">\n\t\t\t\t\t<div class=\"elementor-column elementor-col-100 elementor-top-column elementor-element elementor-element-121ba35e\" data-id=\"121ba35e\" data-element_type=\"column\">\n\t\t\t<div class=\"elementor-widget-wrap elementor-element-populated\">\n\t\t\t\t\t\t\t<\/div>\n\t\t<\/div>\n\t\t\t\t\t<\/div>\n\t\t<\/section>\n\t\t\t\t<section data-particle_enable=\"false\" data-particle-mobile-disabled=\"false\" class=\"elementor-section elementor-top-section elementor-element elementor-element-0c67c7b wrap_padding elementor-section-boxed elementor-section-height-default elementor-section-height-default\" data-id=\"0c67c7b\" data-element_type=\"section\">\n\t\t\t\t\t\t<div class=\"elementor-container elementor-column-gap-default\">\n\t\t\t\t\t<div class=\"elementor-column elementor-col-100 elementor-top-column elementor-element elementor-element-571afb3\" data-id=\"571afb3\" data-element_type=\"column\">\n\t\t\t<div class=\"elementor-widget-wrap elementor-element-populated\">\n\t\t\t\t\t\t<div class=\"elementor-element elementor-element-442f0e7 elementor-widget__width-initial elementor-widget elementor-widget-text-editor\" data-id=\"442f0e7\" data-element_type=\"widget\" data-widget_type=\"text-editor.default\">\n\t\t\t\t<div class=\"elementor-widget-container\">\n\t\t\t\t\t\t\t\t\t<p>Date d&rsquo;entr\u00e9e en vigueur : 21-07-2025<br \/>Derni\u00e8re mise \u00e0 jour : 21-07-2025<\/p><h5>Qu\u2019est-ce que les t\u00e9moins ?<\/h5><div class=\"cookie-policy-p\"><p>Cette politique en mati\u00e8re de t\u00e9moins explique ce que sont les t\u00e9moins et comment nous les utilisons, les types de t\u00e9moins que nous utilisons, les informations que nous collectons \u00e0 l&rsquo;aide des t\u00e9moins et comment ces informations sont utilis\u00e9es, et comment g\u00e9rer les param\u00e8tres des t\u00e9moins.<\/p><p>Les t\u00e9moins sont de petits fichiers texte utilis\u00e9s pour enregistrer de petites informations. Ils sont enregistr\u00e9s sur votre appareil lorsque le site internet est charg\u00e9 sur votre navigateur. Ces t\u00e9moins nous aident \u00e0 faire fonctionner le site web correctement, \u00e0 le rendre plus s\u00e9curis\u00e9, \u00e0 offrir une meilleure exp\u00e9rience utilisateur, \u00e0 comprendre les performances du site web et \u00e0 analyser ce qui fonctionne bien et ce qui doit \u00eatre am\u00e9lior\u00e9.<\/p><\/div><h5>Comment utilisons-nous les t\u00e9moins?<\/h5><div class=\"cookie-policy-p\"><p>Comme la plupart des services en ligne, notre site web utilise des t\u00e9moins propri\u00e9taires et tiers \u00e0 plusieurs fins. Les t\u00e9moins de premi\u00e8re partie sont pour la plupart n\u00e9cessaires au bon fonctionnement du site web et ils ne collectent aucune de vos donn\u00e9es personnelles identifiables.<\/p><p>Les t\u00e9moins tiers utilis\u00e9s sur notre site web servent principalement \u00e0 comprendre les performances du site web, la fa\u00e7on dont vous interagissez avec notre site web, \u00e0 assurer la s\u00e9curit\u00e9 de nos services, \u00e0 fournir des publicit\u00e9s qui vous int\u00e9ressent et, dans l&rsquo;ensemble, \u00e0 vous offrir une meilleure exp\u00e9rience utilisateur et vous aident \u00e0 acc\u00e9l\u00e9rer vos futures interactions avec notre site web.<\/p><\/div><h5>Les types de t\u00e9moins que nous utilisons<\/h5><div class=\"cky-audit-table-element\"><\/div><h5 style=\"margin-bottom: 20px;\">G\u00e9rer les pr\u00e9f\u00e9rences en mati\u00e8re de t\u00e9moins<\/h5><p><a class=\"elementor-widget-button elementor-button cky-banner-element\">Param\u00e8tres des t\u00e9moins<\/a><\/p><div><br \/>Vous pouvez modifier vos pr\u00e9f\u00e9rences en mati\u00e8re de t\u00e9moins \u00e0 tout moment en cliquant sur le bouton ci-dessus. Cela vous permettra de revoir la banni\u00e8re de consentement aux t\u00e9moins et de modifier vos pr\u00e9f\u00e9rences ou de retirer votre consentement imm\u00e9diatement.<p>En plus de cela, diff\u00e9rents navigateurs proposent diff\u00e9rentes m\u00e9thodes pour bloquer et supprimer les t\u00e9moins utilis\u00e9s par les sites web. Vous pouvez modifier les param\u00e8tres de votre navigateur pour bloquer\/supprimer les t\u00e9moins. Vous trouverez ci-dessous les liens vers les documents d&rsquo;assistance sur la fa\u00e7on de g\u00e9rer et de supprimer les t\u00e9moins des principaux navigateurs web.<\/p><p>Chrome: <a href=\"https:\/\/support.google.com\/accounts\/answer\/32050\" target=\"_blank\" rel=\"noopener\">https:\/\/support.google.com\/accounts\/answer\/32050<\/a><\/p><p>Safari: <a href=\"https:\/\/support.apple.com\/en-in\/guide\/safari\/sfri11471\/mac\" target=\"_blank\" rel=\"noopener\">https:\/\/support.apple.com\/en-in\/guide\/safari\/sfri11471\/mac<\/a><\/p><p>Firefox: <a href=\"https:\/\/support.mozilla.org\/en-US\/kb\/clear-cookies-and-site-data-firefox?redirectslug=delete-cookies-remove-info-websites-stored&amp;redirectlocale=en-US\" target=\"_blank\" rel=\"noopener\">https:\/\/support.mozilla.org\/en-US\/kb\/clear-cookies-and-site-data-firefox?redirectslug=delete-cookies-remove-info-websites-stored&amp;redirectlocale=en-US<\/a><\/p><p>Internet Explorer: <a href=\"https:\/\/support.microsoft.com\/en-us\/topic\/how-to-delete-cookie-files-in-internet-explorer-bca9446f-d873-78de-77ba-d42645fa52fc\" target=\"_blank\" rel=\"noopener\">https:\/\/support.microsoft.com\/en-us\/topic\/how-to-delete-cookie-files-in-internet-explorer-bca9446f-d873-78de-77ba-d42645fa52fc<\/a><\/p><p>Si vous utilisez un autre navigateur web, veuillez consulter les documents d&rsquo;assistance officiels de votre navigateur.<\/p><\/div>\t\t\t\t\t\t\t\t<\/div>\n\t\t\t\t<\/div>\n\t\t\t\t\t<\/div>\n\t\t<\/div>\n\t\t\t\t\t<\/div>\n\t\t<\/section>\n\t\t\t\t<\/div>\n\t\t","protected":false},"excerpt":{"rendered":"<p>Politique en mati\u00e8re de cookies<\/p>\n","protected":false},"author":18,"featured_media":0,"parent":0,"menu_order":0,"comment_status":"closed","ping_status":"closed","template":"elementor_header_footer","meta":{"content-type":"","footnotes":""},"class_list":["post-8266","page","type-page","status-publish","hentry"],"_links":{"self":[{"href":"https:\/\/www.cyframe.com\/fr\/wp-json\/wp\/v2\/pages\/8266","targetHints":{"allow":["GET"]}}],"collection":[{"href":"https:\/\/www.cyframe.com\/fr\/wp-json\/wp\/v2\/pages"}],"about":[{"href":"https:\/\/www.cyframe.com\/fr\/wp-json\/wp\/v2\/types\/page"}],"author":[{"embeddable":true,"href":"https:\/\/www.cyframe.com\/fr\/wp-json\/wp\/v2\/users\/18"}],"replies":[{"embeddable":true,"href":"https:\/\/www.cyframe.com\/fr\/wp-json\/wp\/v2\/comments?post=8266"}],"version-history":[{"count":12,"href":"https:\/\/www.cyframe.com\/fr\/wp-json\/wp\/v2\/pages\/8266\/revisions"}],"predecessor-version":[{"id":8297,"href":"https:\/\/www.cyframe.com\/fr\/wp-json\/wp\/v2\/pages\/8266\/revisions\/8297"}],"wp:attachment":[{"href":"https:\/\/www.cyframe.com\/fr\/wp-json\/wp\/v2\/media?parent=8266"}],"curies":[{"name":"wp","href":"https:\/\/api.w.org\/{rel}","templated":true}]}}