{"id":2788,"date":"2020-10-23T12:53:53","date_gmt":"2020-10-23T12:53:53","guid":{"rendered":"https:\/\/www.cyframe.com\/build-a-business-case-for-erp\/"},"modified":"2020-12-24T14:46:35","modified_gmt":"2020-12-24T14:46:35","slug":"construire-un-business-case-pour-erp","status":"publish","type":"page","link":"https:\/\/www.cyframe.com\/fr\/construire-un-business-case-pour-erp\/","title":{"rendered":"CONSTRUIRE UN BUSINESS CASE POUR ERP"},"content":{"rendered":"\t\t<div data-elementor-type=\"wp-page\" data-elementor-id=\"2788\" class=\"elementor elementor-2788 elementor-1361\" data-elementor-post-type=\"page\">\n\t\t\t\t\t\t<section data-particle_enable=\"false\" data-particle-mobile-disabled=\"false\" class=\"elementor-section elementor-top-section elementor-element elementor-element-1b96584 elementor-section-boxed elementor-section-height-default elementor-section-height-default\" data-id=\"1b96584\" data-element_type=\"section\" data-settings=\"{&quot;background_background&quot;:&quot;classic&quot;}\">\n\t\t\t\t\t\t<div class=\"elementor-container elementor-column-gap-default\">\n\t\t\t\t\t<div class=\"elementor-column elementor-col-100 elementor-top-column elementor-element elementor-element-dd221e4\" data-id=\"dd221e4\" data-element_type=\"column\">\n\t\t\t<div class=\"elementor-widget-wrap elementor-element-populated\">\n\t\t\t\t\t\t<div class=\"elementor-element elementor-element-31a3cb8 elementor-widget elementor-widget-heading\" data-id=\"31a3cb8\" data-element_type=\"widget\" data-widget_type=\"heading.default\">\n\t\t\t\t<div class=\"elementor-widget-container\">\n\t\t\t\t\t<h1 class=\"elementor-heading-title elementor-size-default\">CONSTRUIRE UN BUSINESS CASE POUR ERP<\/h1>\t\t\t\t<\/div>\n\t\t\t\t<\/div>\n\t\t\t\t\t<\/div>\n\t\t<\/div>\n\t\t\t\t\t<\/div>\n\t\t<\/section>\n\t\t\t\t<section data-particle_enable=\"false\" data-particle-mobile-disabled=\"false\" class=\"elementor-section elementor-top-section elementor-element elementor-element-5a869cd wrap_padding elementor-section-boxed elementor-section-height-default elementor-section-height-default\" data-id=\"5a869cd\" data-element_type=\"section\">\n\t\t\t\t\t\t<div class=\"elementor-container elementor-column-gap-default\">\n\t\t\t\t\t<div class=\"elementor-column elementor-col-50 elementor-top-column elementor-element elementor-element-879fa3f\" data-id=\"879fa3f\" data-element_type=\"column\">\n\t\t\t<div class=\"elementor-widget-wrap elementor-element-populated\">\n\t\t\t\t\t\t<div class=\"elementor-element elementor-element-68930ac free_presentation-text wrap_padding-specific elementor-widget elementor-widget-text-editor\" data-id=\"68930ac\" data-element_type=\"widget\" data-widget_type=\"text-editor.default\">\n\t\t\t\t<div class=\"elementor-widget-container\">\n\t\t\t\t\t\t\t\t\t<h1 class=\"gold\" style=\"text-align: left;\">Faire l\u2019analyse de rentabilisation d\u2019un syst\u00e8me ERP<\/h1>\n\t\t\t\t\t\t\t\t<\/div>\n\t\t\t\t<\/div>\n\t\t\t\t<div class=\"elementor-element elementor-element-8cbd0fe free_presentation-text osnovno-pe wrap_padding-specific elementor-widget elementor-widget-text-editor\" data-id=\"8cbd0fe\" data-element_type=\"widget\" data-widget_type=\"text-editor.default\">\n\t\t\t\t<div class=\"elementor-widget-container\">\n\t\t\t\t\t\t\t\t\t<p>M\u00eame si l\u2019\u00e9conomie continue de s\u2019am\u00e9liorer, le taux de ch\u00f4mage \u00e9lev\u00e9 et le d\u00e9sir d\u2019\u00e9conomiser des consommateurs freinent quelque peu la reprise et la rendent incertaine. Ainsi, bien que les entreprises se pr\u00e9parent d\u00e9sormais \u00e0 la croissance en augmentant leurs investissements technologiques, elles demeurent malgr\u00e9 tout prudentes.<\/p>\n\t\t\t\t\t\t\t\t<\/div>\n\t\t\t\t<\/div>\n\t\t\t\t<div class=\"elementor-element elementor-element-fea7fc9 osnovno-pe wrap_padding-specific elementor-widget elementor-widget-text-editor\" data-id=\"fea7fc9\" data-element_type=\"widget\" data-widget_type=\"text-editor.default\">\n\t\t\t\t<div class=\"elementor-widget-container\">\n\t\t\t\t\t\t\t\t\t<h3 class=\"blue\">Faire l\u2019analyse de rentabilisation d\u2019un syst\u00e8me ERP<\/h3>\n\t\t\t\t\t\t\t\t<\/div>\n\t\t\t\t<\/div>\n\t\t\t\t<div class=\"elementor-element elementor-element-e8d622b osnovno-pe wrap_padding-specific elementor-widget elementor-widget-text-editor\" data-id=\"e8d622b\" data-element_type=\"widget\" data-widget_type=\"text-editor.default\">\n\t\t\t\t<div class=\"elementor-widget-container\">\n\t\t\t\t\t\t\t\t\t<ul class=\"nabr-kocka\">\n<li>D\u00e9crire le d\u00e9fi d\u2019affaires<\/li>\n<li>\u00c9valuer les avantages potentiels d\u2019un investissement dans un syst\u00e8me ERP;<\/li>\n<li>\u00c9valuer les co\u00fbts potentiels de chaque option de syst\u00e8me ERP<\/li>\n<li>\u00c9valuer les risques \u00e9ventuels pendant la mise en \u0153uvre<\/li>\n<li>Recommander la solution de premier choix<\/li>\n<li>D\u00e9crire l\u2019approche de mise en \u0153uvre<\/li>\n<\/ul>\n\t\t\t\t\t\t\t\t<\/div>\n\t\t\t\t<\/div>\n\t\t\t\t\t<\/div>\n\t\t<\/div>\n\t\t\t\t<div class=\"elementor-column elementor-col-50 elementor-top-column elementor-element elementor-element-f37695e gfrorm_holder-r\" data-id=\"f37695e\" data-element_type=\"column\" data-settings=\"{&quot;background_background&quot;:&quot;classic&quot;}\">\n\t\t\t<div class=\"elementor-widget-wrap elementor-element-populated\">\n\t\t\t\t\t\t<div class=\"elementor-element elementor-element-4e0c9e2 elementor-widget elementor-widget-shortcode\" data-id=\"4e0c9e2\" data-element_type=\"widget\" data-widget_type=\"shortcode.default\">\n\t\t\t\t<div class=\"elementor-widget-container\">\n\t\t\t\t\t\t\t<div class=\"elementor-shortcode\"><script>\nvar gform;gform||(document.addEventListener(\"gform_main_scripts_loaded\",function(){gform.scriptsLoaded=!0}),document.addEventListener(\"gform\/theme\/scripts_loaded\",function(){gform.themeScriptsLoaded=!0}),window.addEventListener(\"DOMContentLoaded\",function(){gform.domLoaded=!0}),gform={domLoaded:!1,scriptsLoaded:!1,themeScriptsLoaded:!1,isFormEditor:()=>\"function\"==typeof InitializeEditor,callIfLoaded:function(o){return!(!gform.domLoaded||!gform.scriptsLoaded||!gform.themeScriptsLoaded&&!gform.isFormEditor()||(gform.isFormEditor()&&console.warn(\"The use of gform.initializeOnLoaded() is deprecated in the form editor context and will be removed in Gravity Forms 3.1.\"),o(),0))},initializeOnLoaded:function(o){gform.callIfLoaded(o)||(document.addEventListener(\"gform_main_scripts_loaded\",()=>{gform.scriptsLoaded=!0,gform.callIfLoaded(o)}),document.addEventListener(\"gform\/theme\/scripts_loaded\",()=>{gform.themeScriptsLoaded=!0,gform.callIfLoaded(o)}),window.addEventListener(\"DOMContentLoaded\",()=>{gform.domLoaded=!0,gform.callIfLoaded(o)}))},hooks:{action:{},filter:{}},addAction:function(o,r,e,t){gform.addHook(\"action\",o,r,e,t)},addFilter:function(o,r,e,t){gform.addHook(\"filter\",o,r,e,t)},doAction:function(o){gform.doHook(\"action\",o,arguments)},applyFilters:function(o){return gform.doHook(\"filter\",o,arguments)},removeAction:function(o,r){gform.removeHook(\"action\",o,r)},removeFilter:function(o,r,e){gform.removeHook(\"filter\",o,r,e)},addHook:function(o,r,e,t,n){null==gform.hooks[o][r]&&(gform.hooks[o][r]=[]);var d=gform.hooks[o][r];null==n&&(n=r+\"_\"+d.length),gform.hooks[o][r].push({tag:n,callable:e,priority:t=null==t?10:t})},doHook:function(r,o,e){var t;if(e=Array.prototype.slice.call(e,1),null!=gform.hooks[r][o]&&((o=gform.hooks[r][o]).sort(function(o,r){return o.priority-r.priority}),o.forEach(function(o){\"function\"!=typeof(t=o.callable)&&(t=window[t]),\"action\"==r?t.apply(null,e):e[0]=t.apply(null,e)})),\"filter\"==r)return e[0]},removeHook:function(o,r,t,n){var e;null!=gform.hooks[o][r]&&(e=(e=gform.hooks[o][r]).filter(function(o,r,e){return!!(null!=n&&n!=o.tag||null!=t&&t!=o.priority)}),gform.hooks[o][r]=e)}});\n<\/script>\n\n                <div class='gf_browser_gecko gform_wrapper gform_legacy_markup_wrapper gform-theme--no-framework gform_style1_wrapper' data-form-theme='legacy' data-form-index='0' id='gform_wrapper_7' >\n                        <div class='gform_heading'>\n                            <h3 class=\"gform_title\">\u00c9laborer une analyse de rentabilisation pour l'ERP<\/h3>\n                            <p class='gform_description'>Les champs marqu\u00e9s d\u2019un ast\u00e9risque sont obligatoires. Nous n\u2019acceptons que les adresses courriel d\u2019affaires.\n<\/p>\n                        <\/div><form method='post' enctype='multipart\/form-data'  id='gform_7' class='gform_style1' action='\/fr\/wp-json\/wp\/v2\/pages\/2788' data-formid='7' novalidate>\n                        <div class='gform-body gform_body'><ul id='gform_fields_7' class='gform_fields top_label form_sublabel_below description_below validation_below'><li id=\"field_7_10\" class=\"gfield gfield--type-html gfield_html gfield_html_formatted gfield_no_follows_desc field_sublabel_below gfield--no-description field_description_below field_validation_below gfield_visibility_visible\"  >T\u00e9l\u00e9charger maintenant<\/li><li id=\"field_7_1\" class=\"gfield gfield--type-text gfield_contains_required field_sublabel_below gfield--no-description field_description_below field_validation_below gfield_visibility_visible\"  ><label class='gfield_label gform-field-label' for='input_7_1'>PR\u00c9NOM<span class=\"gfield_required\"><span class=\"gfield_required gfield_required_asterisk\">*<\/span><\/span><\/label><div class='ginput_container ginput_container_text'><input name='input_1' id='input_7_1' type='text' value='' class='large'    placeholder='PR\u00c9NOM' aria-required=\"true\" aria-invalid=\"false\"   \/><\/div><\/li><li id=\"field_7_2\" class=\"gfield gfield--type-text gfield_contains_required field_sublabel_below gfield--no-description field_description_below field_validation_below gfield_visibility_visible\"  ><label class='gfield_label gform-field-label' for='input_7_2'>NOM DE FAMILLE<span class=\"gfield_required\"><span class=\"gfield_required gfield_required_asterisk\">*<\/span><\/span><\/label><div class='ginput_container ginput_container_text'><input name='input_2' id='input_7_2' type='text' value='' class='large'    placeholder='NOM DE FAMILLE' aria-required=\"true\" aria-invalid=\"false\"   \/><\/div><\/li><li id=\"field_7_7\" class=\"gfield gfield--type-email gfield_contains_required field_sublabel_below gfield--no-description field_description_below field_validation_below gfield_visibility_visible\"  ><label class='gfield_label gform-field-label' for='input_7_7'>EMAIL<span class=\"gfield_required\"><span class=\"gfield_required gfield_required_asterisk\">*<\/span><\/span><\/label><div class='ginput_container ginput_container_email'>\n                            <input name='input_7' id='input_7_7' type='email' value='' class='large'   placeholder='EMAIL *' aria-required=\"true\" aria-invalid=\"false\"  \/>\n                        <\/div><\/li><li id=\"field_7_3\" class=\"gfield gfield--type-text gfield_contains_required field_sublabel_below gfield--no-description field_description_below field_validation_below gfield_visibility_visible\"  ><label class='gfield_label gform-field-label' for='input_7_3'>ORGANISATION<span class=\"gfield_required\"><span class=\"gfield_required gfield_required_asterisk\">*<\/span><\/span><\/label><div class='ginput_container ginput_container_text'><input name='input_3' id='input_7_3' type='text' value='' class='large'    placeholder='ORGANISATION' aria-required=\"true\" aria-invalid=\"false\"   \/><\/div><\/li><li id=\"field_7_5\" class=\"gfield gfield--type-textarea field_sublabel_below gfield--no-description field_description_below field_validation_below gfield_visibility_visible\"  ><label class='gfield_label gform-field-label' for='input_7_5'>COMMENTAIRES<\/label><div class='ginput_container ginput_container_textarea'><textarea name='input_5' id='input_7_5' class='textarea large'    placeholder='COMMENTAIRES'  aria-invalid=\"false\"   rows='10' cols='50'><\/textarea><\/div><\/li><li id=\"field_7_6\" class=\"gfield gfield--type-captcha field_sublabel_below gfield--no-description field_description_below field_validation_below gfield_visibility_visible\"  ><label class='gfield_label gform-field-label' for='input_7_6'>CAPTCHA<\/label><div id='input_7_6' class='ginput_container ginput_recaptcha' data-sitekey='6Ld_QVosAAAAAPfy5Unc7cTAqoQ28B-TUnzU_gBM'  data-theme='light' data-tabindex='0'  data-badge=''><\/div><\/li><li id=\"field_7_8\" class=\"gfield gfield--type-hidden gform_hidden field_sublabel_below gfield--no-description field_description_below field_validation_below gfield_visibility_visible\"  ><div class='ginput_container ginput_container_text'><input name='input_8' id='input_7_8' type='hidden' class='gform_hidden'  aria-invalid=\"false\" value='\u00c9laborer une analyse de rentabilisation pour l&#039;ERP' \/><\/div><\/li><li id=\"field_7_11\" class=\"gfield gfield--type-hidden gfield--width-full gform_hidden field_sublabel_below gfield--no-description field_description_below field_validation_below gfield_visibility_visible\"  ><div class='ginput_container ginput_container_text'><input name='input_11' id='input_7_11' type='hidden' class='gform_hidden'  aria-invalid=\"false\" value='' \/><\/div><\/li><\/ul><\/div>\n        <div class='gform-footer gform_footer top_label'> <input type='submit' id='gform_submit_button_7' class='gform_button button' onclick='gform.submission.handleButtonClick(this);' data-submission-type='submit' value='T\u00c9L\u00c9CHARGER ERP'  \/><!-- Begin Daddy Analytics fields --><input type=\"hidden\" name=\"\" value=\"\" \/><input type=\"hidden\" name=\"\" value=\"\" \/><!-- End Daddy Analytics fields --> \n            <input type='hidden' class='gform_hidden' name='gform_submission_method' data-js='gform_submission_method_7' value='postback' \/>\n            <input type='hidden' class='gform_hidden' name='gform_theme' data-js='gform_theme_7' id='gform_theme_7' value='legacy' \/>\n            <input type='hidden' class='gform_hidden' name='gform_style_settings' data-js='gform_style_settings_7' id='gform_style_settings_7' value='[]' \/>\n            <input type='hidden' class='gform_hidden' name='is_submit_7' value='1' \/>\n            <input type='hidden' class='gform_hidden' name='gform_submit' value='7' \/>\n            \n            <input type='hidden' class='gform_hidden' name='gform_unique_id' value='' \/>\n            <input type='hidden' class='gform_hidden' name='state_7' value='WyJbXSIsImE1ZDA3YmU0NTZlYzVkY2E1YzU4Mjk0YTQ1MzcxZjE1Il0=' \/>\n            <input type='hidden' autocomplete='off' class='gform_hidden' name='gform_target_page_number_7' id='gform_target_page_number_7' value='0' \/>\n            <input type='hidden' autocomplete='off' class='gform_hidden' name='gform_source_page_number_7' id='gform_source_page_number_7' value='1' \/>\n            <input type='hidden' name='gform_field_values' value='' \/>\n            \n        <\/div>\n                        <p style=\"display: none !important;\" class=\"akismet-fields-container\" data-prefix=\"ak_\"><label>&#916;<textarea name=\"ak_hp_textarea\" cols=\"45\" rows=\"8\" maxlength=\"100\"><\/textarea><\/label><input type=\"hidden\" id=\"ak_js_1\" name=\"ak_js\" value=\"202\"\/><script>document.getElementById( \"ak_js_1\" ).setAttribute( \"value\", ( new Date() ).getTime() );<\/script><\/p><\/form>\n                        <\/div><script>\ngform.initializeOnLoaded( function() {gformInitSpinner( 7, 'https:\/\/www.cyframe.com\/wp-content\/plugins\/gravityforms\/images\/spinner.svg', true );jQuery('#gform_ajax_frame_7').on('load',function(){var contents = jQuery(this).contents().find('*').html();var is_postback = contents.indexOf('GF_AJAX_POSTBACK') >= 0;if(!is_postback){return;}var form_content = jQuery(this).contents().find('#gform_wrapper_7');var is_confirmation = jQuery(this).contents().find('#gform_confirmation_wrapper_7').length > 0;var is_redirect = contents.indexOf('gformRedirect(){') >= 0;var is_form = form_content.length > 0 && ! is_redirect && ! is_confirmation;var mt = parseInt(jQuery('html').css('margin-top'), 10) + parseInt(jQuery('body').css('margin-top'), 10) + 100;if(is_form){jQuery('#gform_wrapper_7').html(form_content.html());if(form_content.hasClass('gform_validation_error')){jQuery('#gform_wrapper_7').addClass('gform_validation_error');} else {jQuery('#gform_wrapper_7').removeClass('gform_validation_error');}setTimeout( function() { \/* delay the scroll by 50 milliseconds to fix a bug in chrome *\/  }, 50 );if(window['gformInitDatepicker']) {gformInitDatepicker();}if(window['gformInitPriceFields']) {gformInitPriceFields();}var current_page = jQuery('#gform_source_page_number_7').val();gformInitSpinner( 7, 'https:\/\/www.cyframe.com\/wp-content\/plugins\/gravityforms\/images\/spinner.svg', true );jQuery(document).trigger('gform_page_loaded', [7, current_page]);window['gf_submitting_7'] = false;}else if(!is_redirect){var confirmation_content = jQuery(this).contents().find('.GF_AJAX_POSTBACK').html();if(!confirmation_content){confirmation_content = contents;}jQuery('#gform_wrapper_7').replaceWith(confirmation_content);jQuery(document).trigger('gform_confirmation_loaded', [7]);window['gf_submitting_7'] = false;wp.a11y.speak(jQuery('#gform_confirmation_message_7').text());}else{jQuery('#gform_7').append(contents);if(window['gformRedirect']) {gformRedirect();}}jQuery(document).trigger(\"gform_pre_post_render\", [{ formId: \"7\", currentPage: \"current_page\", abort: function() { this.preventDefault(); } }]);        if (event && event.defaultPrevented) {                return;        }        const gformWrapperDiv = document.getElementById( \"gform_wrapper_7\" );        if ( gformWrapperDiv ) {            const visibilitySpan = document.createElement( \"span\" );            visibilitySpan.id = \"gform_visibility_test_7\";            gformWrapperDiv.insertAdjacentElement( \"afterend\", visibilitySpan );        }        const visibilityTestDiv = document.getElementById( \"gform_visibility_test_7\" );        let postRenderFired = false;        function triggerPostRender() {            if ( postRenderFired ) {                return;            }            postRenderFired = true;            gform.core.triggerPostRenderEvents( 7, current_page );            if ( visibilityTestDiv ) {                visibilityTestDiv.parentNode.removeChild( visibilityTestDiv );            }        }        function debounce( func, wait, immediate ) {            var timeout;            return function() {                var context = this, args = arguments;                var later = function() {                    timeout = null;                    if ( !immediate ) func.apply( context, args );                };                var callNow = immediate && !timeout;                clearTimeout( timeout );                timeout = setTimeout( later, wait );                if ( callNow ) func.apply( context, args );            };        }        const debouncedTriggerPostRender = debounce( function() {            triggerPostRender();        }, 200 );        if ( visibilityTestDiv && visibilityTestDiv.offsetParent === null ) {            const observer = new MutationObserver( ( mutations ) => {                mutations.forEach( ( mutation ) => {                    if ( mutation.type === 'attributes' && visibilityTestDiv.offsetParent !== null ) {                        debouncedTriggerPostRender();                        observer.disconnect();                    }                });            });            observer.observe( document.body, {                attributes: true,                childList: false,                subtree: true,                attributeFilter: [ 'style', 'class' ],            });        } else {            triggerPostRender();        }    } );} );\n<\/script>\n<\/div>\n\t\t\t\t\t\t<\/div>\n\t\t\t\t<\/div>\n\t\t\t\t\t<\/div>\n\t\t<\/div>\n\t\t\t\t\t<\/div>\n\t\t<\/section>\n\t\t\t\t<\/div>\n\t\t","protected":false},"excerpt":{"rendered":"<p>CONSTRUIRE UN BUSINESS CASE POUR ERP Faire l\u2019analyse de rentabilisation d\u2019un syst\u00e8me ERP M\u00eame si l\u2019\u00e9conomie continue de s\u2019am\u00e9liorer, le taux de ch\u00f4mage \u00e9lev\u00e9 et le d\u00e9sir d\u2019\u00e9conomiser des consommateurs freinent quelque peu la reprise et la rendent incertaine. Ainsi, bien que les entreprises se pr\u00e9parent d\u00e9sormais \u00e0 la croissance en augmentant leurs investissements technologiques, [&hellip;]<\/p>\n","protected":false},"author":3,"featured_media":1740,"parent":0,"menu_order":0,"comment_status":"closed","ping_status":"closed","template":"","meta":{"content-type":"","footnotes":""},"class_list":["post-2788","page","type-page","status-publish","has-post-thumbnail","hentry"],"_links":{"self":[{"href":"https:\/\/www.cyframe.com\/fr\/wp-json\/wp\/v2\/pages\/2788","targetHints":{"allow":["GET"]}}],"collection":[{"href":"https:\/\/www.cyframe.com\/fr\/wp-json\/wp\/v2\/pages"}],"about":[{"href":"https:\/\/www.cyframe.com\/fr\/wp-json\/wp\/v2\/types\/page"}],"author":[{"embeddable":true,"href":"https:\/\/www.cyframe.com\/fr\/wp-json\/wp\/v2\/users\/3"}],"replies":[{"embeddable":true,"href":"https:\/\/www.cyframe.com\/fr\/wp-json\/wp\/v2\/comments?post=2788"}],"version-history":[{"count":9,"href":"https:\/\/www.cyframe.com\/fr\/wp-json\/wp\/v2\/pages\/2788\/revisions"}],"predecessor-version":[{"id":6581,"href":"https:\/\/www.cyframe.com\/fr\/wp-json\/wp\/v2\/pages\/2788\/revisions\/6581"}],"wp:featuredmedia":[{"embeddable":true,"href":"https:\/\/www.cyframe.com\/fr\/wp-json\/wp\/v2\/media\/1740"}],"wp:attachment":[{"href":"https:\/\/www.cyframe.com\/fr\/wp-json\/wp\/v2\/media?parent=2788"}],"curies":[{"name":"wp","href":"https:\/\/api.w.org\/{rel}","templated":true}]}}