{"id":2491,"date":"2020-10-21T12:36:48","date_gmt":"2020-10-21T12:36:48","guid":{"rendered":"https:\/\/www.cyframe.com\/category-resource-articles\/"},"modified":"2020-12-23T12:17:11","modified_gmt":"2020-12-23T12:17:11","slug":"category-resource-articles","status":"publish","type":"page","link":"https:\/\/www.cyframe.com\/fr\/category-resource-articles\/","title":{"rendered":"Articles Archives"},"content":{"rendered":"\t\t<div data-elementor-type=\"wp-page\" data-elementor-id=\"2491\" class=\"elementor elementor-2491 elementor-808\" data-elementor-post-type=\"page\">\n\t\t\t\t\t\t<section data-particle_enable=\"false\" data-particle-mobile-disabled=\"false\" class=\"elementor-section elementor-top-section elementor-element elementor-element-e6d59f5 elementor-section-boxed elementor-section-height-default elementor-section-height-default\" data-id=\"e6d59f5\" data-element_type=\"section\" data-settings=\"{&quot;background_background&quot;:&quot;classic&quot;}\">\n\t\t\t\t\t\t<div class=\"elementor-container elementor-column-gap-default\">\n\t\t\t\t\t<div class=\"elementor-column elementor-col-100 elementor-top-column elementor-element elementor-element-57d9419\" data-id=\"57d9419\" data-element_type=\"column\">\n\t\t\t<div class=\"elementor-widget-wrap elementor-element-populated\">\n\t\t\t\t\t\t<div class=\"elementor-element elementor-element-4303a1e elementor-widget elementor-widget-heading\" data-id=\"4303a1e\" data-element_type=\"widget\" data-widget_type=\"heading.default\">\n\t\t\t\t<div class=\"elementor-widget-container\">\n\t\t\t\t\t<h1 class=\"elementor-heading-title elementor-size-default\">Resources<\/h1>\t\t\t\t<\/div>\n\t\t\t\t<\/div>\n\t\t\t\t\t<\/div>\n\t\t<\/div>\n\t\t\t\t\t<\/div>\n\t\t<\/section>\n\t\t\t\t<section data-particle_enable=\"false\" data-particle-mobile-disabled=\"false\" class=\"elementor-section elementor-top-section elementor-element elementor-element-69d8ccb elementor-section-boxed elementor-section-height-default elementor-section-height-default\" data-id=\"69d8ccb\" data-element_type=\"section\">\n\t\t\t\t\t\t<div class=\"elementor-container elementor-column-gap-default\">\n\t\t\t\t\t<div class=\"elementor-column elementor-col-100 elementor-top-column elementor-element elementor-element-7803a60\" data-id=\"7803a60\" data-element_type=\"column\">\n\t\t\t<div class=\"elementor-widget-wrap elementor-element-populated\">\n\t\t\t\t\t\t<div class=\"elementor-element elementor-element-a28cea6 elementor-grid-3 elementor-grid-tablet-2 elementor-grid-mobile-1 elementor-posts--thumbnail-top elementor-card-shadow-yes elementor-posts__hover-gradient elementor-widget elementor-widget-posts\" data-id=\"a28cea6\" data-element_type=\"widget\" data-settings=\"{&quot;pagination_type&quot;:&quot;numbers&quot;,&quot;cards_columns&quot;:&quot;3&quot;,&quot;cards_columns_tablet&quot;:&quot;2&quot;,&quot;cards_columns_mobile&quot;:&quot;1&quot;,&quot;cards_row_gap&quot;:{&quot;unit&quot;:&quot;px&quot;,&quot;size&quot;:35,&quot;sizes&quot;:[]},&quot;cards_row_gap_tablet&quot;:{&quot;unit&quot;:&quot;px&quot;,&quot;size&quot;:&quot;&quot;,&quot;sizes&quot;:[]},&quot;cards_row_gap_mobile&quot;:{&quot;unit&quot;:&quot;px&quot;,&quot;size&quot;:&quot;&quot;,&quot;sizes&quot;:[]}}\" data-widget_type=\"posts.cards\">\n\t\t\t\t<div class=\"elementor-widget-container\">\n\t\t\t\t\t\t\t<div class=\"elementor-posts-container elementor-posts elementor-posts--skin-cards elementor-grid\">\n\t\t\t\t<article class=\"elementor-post elementor-grid-item post-8244 post type-post status-publish format-standard has-post-thumbnail hentry category-articles-fr category-ressources\">\n\t\t\t<div class=\"elementor-post__card\">\n\t\t\t\t<a class=\"elementor-post__thumbnail__link\" href=\"https:\/\/www.cyframe.com\/fr\/erp-qui-parle-plastique-et-pourquoi-ca-change-tout\/\" tabindex=\"-1\" ><div class=\"elementor-post__thumbnail\"><img fetchpriority=\"high\" decoding=\"async\" width=\"300\" height=\"300\" src=\"https:\/\/www.cyframe.com\/wp-content\/uploads\/2025\/06\/ERP-Operation-Headeach-Plastic-Processor-1-300x300.png\" class=\"attachment-medium size-medium wp-image-8248\" alt=\"Maux de t\u00eate pour un ERP g\u00e9n\u00e9rique chez les processeur de plastique\" srcset=\"https:\/\/www.cyframe.com\/wp-content\/uploads\/2025\/06\/ERP-Operation-Headeach-Plastic-Processor-1-300x300.png 300w, https:\/\/www.cyframe.com\/wp-content\/uploads\/2025\/06\/ERP-Operation-Headeach-Plastic-Processor-1-150x150.png 150w, https:\/\/www.cyframe.com\/wp-content\/uploads\/2025\/06\/ERP-Operation-Headeach-Plastic-Processor-1-768x768.png 768w, https:\/\/www.cyframe.com\/wp-content\/uploads\/2025\/06\/ERP-Operation-Headeach-Plastic-Processor-1.png 1024w\" sizes=\"(max-width: 300px) 100vw, 300px\" \/><\/div><\/a>\n\t\t\t\t<div class=\"elementor-post__badge\">Articles<\/div>\n\t\t\t\t<div class=\"elementor-post__text\">\n\t\t\t\t<h3 class=\"elementor-post__title\">\n\t\t\t<a href=\"https:\/\/www.cyframe.com\/fr\/erp-qui-parle-plastique-et-pourquoi-ca-change-tout\/\" >\n\t\t\t\tL\u2019ERP qui \u00ab\u00a0parle plastique\u00a0\u00bb \u2014 et pourquoi \u00e7a change tout\t\t\t<\/a>\n\t\t<\/h3>\n\t\t\t\t<div class=\"elementor-post__excerpt\">\n\t\t\t<p>&nbsp; Nous sommes en 2025. Si vous g\u00e9rez une entreprise de transformation du plastique, vous savez probablement d\u00e9j\u00e0 qu\u2019un ERP<\/p>\n\t\t<\/div>\n\t\t\n\t\t<a class=\"elementor-post__read-more\" href=\"https:\/\/www.cyframe.com\/fr\/erp-qui-parle-plastique-et-pourquoi-ca-change-tout\/\" aria-label=\"En savoir plus sur L\u2019ERP qui \u00ab\u00a0parle plastique\u00a0\u00bb \u2014 et pourquoi \u00e7a change tout\" tabindex=\"-1\" >\n\t\t\tCONTINUER LA LECTURE &gt;&gt;\t\t<\/a>\n\n\t\t\t\t<\/div>\n\t\t\t\t\t<\/div>\n\t\t<\/article>\n\t\t\t\t<article class=\"elementor-post elementor-grid-item post-8164 post type-post status-publish format-standard has-post-thumbnail hentry category-case-studies-fr\">\n\t\t\t<div class=\"elementor-post__card\">\n\t\t\t\t<a class=\"elementor-post__thumbnail__link\" href=\"https:\/\/www.cyframe.com\/fr\/rocheleau-improves-efficiency-and-grows-buisiness-with-cyframe-erp\/\" tabindex=\"-1\" ><div class=\"elementor-post__thumbnail\"><img decoding=\"async\" width=\"300\" height=\"185\" src=\"https:\/\/www.cyframe.com\/wp-content\/uploads\/2024\/11\/Rocheleau-300x185.png\" class=\"attachment-medium size-medium wp-image-8166\" alt=\"Rocheleau Case Study with Cyframe\" srcset=\"https:\/\/www.cyframe.com\/wp-content\/uploads\/2024\/11\/Rocheleau-300x185.png 300w, https:\/\/www.cyframe.com\/wp-content\/uploads\/2024\/11\/Rocheleau.png 340w\" sizes=\"(max-width: 300px) 100vw, 300px\" \/><\/div><\/a>\n\t\t\t\t<div class=\"elementor-post__badge\">Cas d&#039;\u00e9tudes<\/div>\n\t\t\t\t<div class=\"elementor-post__text\">\n\t\t\t\t<h3 class=\"elementor-post__title\">\n\t\t\t<a href=\"https:\/\/www.cyframe.com\/fr\/rocheleau-improves-efficiency-and-grows-buisiness-with-cyframe-erp\/\" >\n\t\t\t\tROCHELEAU AM\u00c9LIORE SON EFFICACIT\u00c9 ET SA CROISSANCE AVEC LA SOLUTION ERP DE CYFRAME\t\t\t<\/a>\n\t\t<\/h3>\n\t\t\t\t<div class=\"elementor-post__excerpt\">\n\t\t\t<p>ROCHELEAU con\u00e7oit, construit, entretient et exploite des machines de moulage par soufflage hautement productives et efficaces, de conception simple et exceptionnellement polyvalentes. Depuis 1938, la famille Rocheleau poss\u00e8de et exploite l\u2019entreprise de fabrication et a mis sur pied une \u00e9quipe d\u2019ing\u00e9nieurs, de vendeurs, de techniciens de service et de personnel de soutien comp\u00e9tents afin de fournir le meilleur service et le meilleur soutien de l\u2019industrie pour des ann\u00e9es de production fiable.<\/p>\n\t\t<\/div>\n\t\t\n\t\t<a class=\"elementor-post__read-more\" href=\"https:\/\/www.cyframe.com\/fr\/rocheleau-improves-efficiency-and-grows-buisiness-with-cyframe-erp\/\" aria-label=\"En savoir plus sur ROCHELEAU AM\u00c9LIORE SON EFFICACIT\u00c9 ET SA CROISSANCE AVEC LA SOLUTION ERP DE CYFRAME\" tabindex=\"-1\" >\n\t\t\tCONTINUER LA LECTURE &gt;&gt;\t\t<\/a>\n\n\t\t\t\t<\/div>\n\t\t\t\t\t<\/div>\n\t\t<\/article>\n\t\t\t\t<article class=\"elementor-post elementor-grid-item post-8148 post type-post status-publish format-standard has-post-thumbnail hentry category-case-studies-fr\">\n\t\t\t<div class=\"elementor-post__card\">\n\t\t\t\t<a class=\"elementor-post__thumbnail__link\" href=\"https:\/\/www.cyframe.com\/fr\/manterra-genere-de-la-croissance-avec-cyframe-erp\/\" tabindex=\"-1\" ><div class=\"elementor-post__thumbnail\"><img decoding=\"async\" width=\"300\" height=\"222\" src=\"https:\/\/www.cyframe.com\/wp-content\/uploads\/2024\/07\/Manterra-Case-Study-300x222.png\" class=\"attachment-medium size-medium wp-image-8149\" alt=\"\" srcset=\"https:\/\/www.cyframe.com\/wp-content\/uploads\/2024\/07\/Manterra-Case-Study-300x222.png 300w, https:\/\/www.cyframe.com\/wp-content\/uploads\/2024\/07\/Manterra-Case-Study.png 540w\" sizes=\"(max-width: 300px) 100vw, 300px\" \/><\/div><\/a>\n\t\t\t\t<div class=\"elementor-post__badge\">Cas d&#039;\u00e9tudes<\/div>\n\t\t\t\t<div class=\"elementor-post__text\">\n\t\t\t\t<h3 class=\"elementor-post__title\">\n\t\t\t<a href=\"https:\/\/www.cyframe.com\/fr\/manterra-genere-de-la-croissance-avec-cyframe-erp\/\" >\n\t\t\t\tMANTERRA G\u00c9N\u00c8RE DE LA CROISSANCE AVEC LA SOLUTION DE ERP DE CYFRAME\t\t\t<\/a>\n\t\t<\/h3>\n\t\t\t\t<div class=\"elementor-post__excerpt\">\n\t\t\t<p>D\u00e9couvrez comment Manterra Technologies a transform\u00e9 ses op\u00e9rations et atteint une croissance sans pr\u00e9c\u00e9dent en mettant en \u0153uvre la solution ERP de CyFrame. Cette \u00e9tude de cas examine les d\u00e9fis auxquels ils ont \u00e9t\u00e9 confront\u00e9s avec des processus manuels et inefficaces et comment CyFrame a fourni une visibilit\u00e9 en temps r\u00e9el, optimis\u00e9 les flux de travail et r\u00e9duit les erreurs manuelles. En int\u00e9grant les applications commerciales et de production, Manterra a consid\u00e9rablement am\u00e9lior\u00e9 la productivit\u00e9, accru la pr\u00e9cision des pr\u00e9visions et obtenu une meilleure rentabilit\u00e9. T\u00e9l\u00e9chargez l&rsquo;\u00e9tude de cas compl\u00e8te pour d\u00e9couvrir comment Manterra a tir\u00e9 parti de CyFrame pour rationaliser les op\u00e9rations, am\u00e9liorer l&rsquo;efficacit\u00e9 et se positionner pour une r\u00e9ussite continue dans l&rsquo;industrie comp\u00e9titive des plastiques.<\/p>\n\t\t<\/div>\n\t\t\n\t\t<a class=\"elementor-post__read-more\" href=\"https:\/\/www.cyframe.com\/fr\/manterra-genere-de-la-croissance-avec-cyframe-erp\/\" aria-label=\"En savoir plus sur MANTERRA G\u00c9N\u00c8RE DE LA CROISSANCE AVEC LA SOLUTION DE ERP DE CYFRAME\" tabindex=\"-1\" >\n\t\t\tCONTINUER LA LECTURE &gt;&gt;\t\t<\/a>\n\n\t\t\t\t<\/div>\n\t\t\t\t\t<\/div>\n\t\t<\/article>\n\t\t\t\t<article class=\"elementor-post elementor-grid-item post-8042 post type-post status-publish format-standard has-post-thumbnail hentry category-articles-fr category-ressources\">\n\t\t\t<div class=\"elementor-post__card\">\n\t\t\t\t<a class=\"elementor-post__thumbnail__link\" href=\"https:\/\/www.cyframe.com\/fr\/la-rentabilite-via-l-acquisition-de-donnees-de-production-dans-un-erp-pour-les-transformateurs-de-matieres-plastiques\/\" tabindex=\"-1\" ><div class=\"elementor-post__thumbnail\"><img loading=\"lazy\" decoding=\"async\" width=\"300\" height=\"300\" src=\"https:\/\/www.cyframe.com\/wp-content\/uploads\/2023\/11\/Profit-Header-Data-Acquisition-1-300x300.png\" class=\"attachment-medium size-medium wp-image-8055\" alt=\"\" srcset=\"https:\/\/www.cyframe.com\/wp-content\/uploads\/2023\/11\/Profit-Header-Data-Acquisition-1-300x300.png 300w, https:\/\/www.cyframe.com\/wp-content\/uploads\/2023\/11\/Profit-Header-Data-Acquisition-1-150x150.png 150w, https:\/\/www.cyframe.com\/wp-content\/uploads\/2023\/11\/Profit-Header-Data-Acquisition-1-768x768.png 768w, https:\/\/www.cyframe.com\/wp-content\/uploads\/2023\/11\/Profit-Header-Data-Acquisition-1.png 900w\" sizes=\"(max-width: 300px) 100vw, 300px\" \/><\/div><\/a>\n\t\t\t\t<div class=\"elementor-post__badge\">Articles<\/div>\n\t\t\t\t<div class=\"elementor-post__text\">\n\t\t\t\t<h3 class=\"elementor-post__title\">\n\t\t\t<a href=\"https:\/\/www.cyframe.com\/fr\/la-rentabilite-via-l-acquisition-de-donnees-de-production-dans-un-erp-pour-les-transformateurs-de-matieres-plastiques\/\" >\n\t\t\t\tLa rentabilit\u00e9 gr\u00e2ce \u00e0 l&rsquo;acquisition de donn\u00e9es de production dans un ERP pour les transformateurs de mati\u00e8res plastiques\t\t\t<\/a>\n\t\t<\/h3>\n\t\t\t\t<div class=\"elementor-post__excerpt\">\n\t\t\t<p>Le poste d\u2019acquisition de donn\u00e9es de production joue un r\u00f4le crucial dans la rentabilit\u00e9 du syst\u00e8me de PRE d\u2019un transformateur<\/p>\n\t\t<\/div>\n\t\t\n\t\t<a class=\"elementor-post__read-more\" href=\"https:\/\/www.cyframe.com\/fr\/la-rentabilite-via-l-acquisition-de-donnees-de-production-dans-un-erp-pour-les-transformateurs-de-matieres-plastiques\/\" aria-label=\"En savoir plus sur La rentabilit\u00e9 gr\u00e2ce \u00e0 l&rsquo;acquisition de donn\u00e9es de production dans un ERP pour les transformateurs de mati\u00e8res plastiques\" tabindex=\"-1\" >\n\t\t\tCONTINUER LA LECTURE &gt;&gt;\t\t<\/a>\n\n\t\t\t\t<\/div>\n\t\t\t\t\t<\/div>\n\t\t<\/article>\n\t\t\t\t<article class=\"elementor-post elementor-grid-item post-8040 post type-post status-publish format-standard has-post-thumbnail hentry category-non-classifiee\">\n\t\t\t<div class=\"elementor-post__card\">\n\t\t\t\t<a class=\"elementor-post__thumbnail__link\" href=\"https:\/\/www.cyframe.com\/fr\/la-puissance-de-l-expertise-l-industrie-plastique-erp\/\" tabindex=\"-1\" ><div class=\"elementor-post__thumbnail\"><img loading=\"lazy\" decoding=\"async\" width=\"300\" height=\"300\" src=\"https:\/\/www.cyframe.com\/wp-content\/uploads\/2023\/11\/Talks-Plastics-1-1024x1024-1-300x300.png\" class=\"attachment-medium size-medium wp-image-8044\" alt=\"Profitabilit\u00e9 ERP Industrie Plastique\" srcset=\"https:\/\/www.cyframe.com\/wp-content\/uploads\/2023\/11\/Talks-Plastics-1-1024x1024-1-300x300.png 300w, https:\/\/www.cyframe.com\/wp-content\/uploads\/2023\/11\/Talks-Plastics-1-1024x1024-1-150x150.png 150w, https:\/\/www.cyframe.com\/wp-content\/uploads\/2023\/11\/Talks-Plastics-1-1024x1024-1-768x768.png 768w, https:\/\/www.cyframe.com\/wp-content\/uploads\/2023\/11\/Talks-Plastics-1-1024x1024-1.png 1024w\" sizes=\"(max-width: 300px) 100vw, 300px\" \/><\/div><\/a>\n\t\t\t\t<div class=\"elementor-post__badge\">Non classifi\u00e9(e)<\/div>\n\t\t\t\t<div class=\"elementor-post__text\">\n\t\t\t\t<h3 class=\"elementor-post__title\">\n\t\t\t<a href=\"https:\/\/www.cyframe.com\/fr\/la-puissance-de-l-expertise-l-industrie-plastique-erp\/\" >\n\t\t\t\tLa puissance de l\u2019expertise sp\u00e9cifique \u00e0 l&rsquo;industrie: l\u2019avantage d\u2019une \u00e9quipe ERP qui parle \u00ab plastiques \u00bb\t\t\t<\/a>\n\t\t<\/h3>\n\t\t\t\t<div class=\"elementor-post__excerpt\">\n\t\t\t<p>&nbsp; En nous choisissant \u00e0 titre de fournisseur de solutions de planification des ressources de l\u2019entreprise (PRE) sp\u00e9cialis\u00e9 dans l\u2019industrie<\/p>\n\t\t<\/div>\n\t\t\n\t\t<a class=\"elementor-post__read-more\" href=\"https:\/\/www.cyframe.com\/fr\/la-puissance-de-l-expertise-l-industrie-plastique-erp\/\" aria-label=\"En savoir plus sur La puissance de l\u2019expertise sp\u00e9cifique \u00e0 l&rsquo;industrie: l\u2019avantage d\u2019une \u00e9quipe ERP qui parle \u00ab plastiques \u00bb\" tabindex=\"-1\" >\n\t\t\tCONTINUER LA LECTURE &gt;&gt;\t\t<\/a>\n\n\t\t\t\t<\/div>\n\t\t\t\t\t<\/div>\n\t\t<\/article>\n\t\t\t\t<article class=\"elementor-post elementor-grid-item post-8006 post type-post status-publish format-standard has-post-thumbnail hentry category-articles-fr category-ressources\">\n\t\t\t<div class=\"elementor-post__card\">\n\t\t\t\t<a class=\"elementor-post__thumbnail__link\" href=\"https:\/\/www.cyframe.com\/fr\/l-experience-avec-les-matieres-rebroyees-curciales-pour-les-erp\/\" tabindex=\"-1\" ><div class=\"elementor-post__thumbnail\"><img loading=\"lazy\" decoding=\"async\" width=\"300\" height=\"300\" src=\"https:\/\/www.cyframe.com\/wp-content\/uploads\/2023\/11\/Mastering-Regrind-1-300x300.png\" class=\"attachment-medium size-medium wp-image-8008\" alt=\"mati\u00e8res rebroy\u00e9es\" srcset=\"https:\/\/www.cyframe.com\/wp-content\/uploads\/2023\/11\/Mastering-Regrind-1-300x300.png 300w, https:\/\/www.cyframe.com\/wp-content\/uploads\/2023\/11\/Mastering-Regrind-1-150x150.png 150w, https:\/\/www.cyframe.com\/wp-content\/uploads\/2023\/11\/Mastering-Regrind-1-768x768.png 768w, https:\/\/www.cyframe.com\/wp-content\/uploads\/2023\/11\/Mastering-Regrind-1.png 1024w\" sizes=\"(max-width: 300px) 100vw, 300px\" \/><\/div><\/a>\n\t\t\t\t<div class=\"elementor-post__badge\">Articles<\/div>\n\t\t\t\t<div class=\"elementor-post__text\">\n\t\t\t\t<h3 class=\"elementor-post__title\">\n\t\t\t<a href=\"https:\/\/www.cyframe.com\/fr\/l-experience-avec-les-matieres-rebroyees-curciales-pour-les-erp\/\" >\n\t\t\t\tL&rsquo;exp\u00e9rience avec les mati\u00e8res rebroy\u00e9es  : les consid\u00e9rations cruciales pour les syst\u00e8mes ERP.\t\t\t<\/a>\n\t\t<\/h3>\n\t\t\t\t<div class=\"elementor-post__excerpt\">\n\t\t\t<p>&nbsp; La production et le retraitement des mati\u00e8res rebroy\u00e9es est un aspect essentiel pour de nombreux transformateurs, et la capacit\u00e9<\/p>\n\t\t<\/div>\n\t\t\n\t\t<a class=\"elementor-post__read-more\" href=\"https:\/\/www.cyframe.com\/fr\/l-experience-avec-les-matieres-rebroyees-curciales-pour-les-erp\/\" aria-label=\"En savoir plus sur L&rsquo;exp\u00e9rience avec les mati\u00e8res rebroy\u00e9es  : les consid\u00e9rations cruciales pour les syst\u00e8mes ERP.\" tabindex=\"-1\" >\n\t\t\tCONTINUER LA LECTURE &gt;&gt;\t\t<\/a>\n\n\t\t\t\t<\/div>\n\t\t\t\t\t<\/div>\n\t\t<\/article>\n\t\t\t\t<\/div>\n\t\t\n\t\t\t\t<div class=\"e-load-more-anchor\" data-page=\"1\" data-max-page=\"11\" data-next-page=\"https:\/\/www.cyframe.com\/fr\/wp-json\/wp\/v2\/pages\/2491\/page\/2\/\"><\/div>\n\t\t\t\t<nav class=\"elementor-pagination\" aria-label=\"Pagination\">\n\t\t\t<span aria-current=\"page\" class=\"page-numbers current\"><span class=\"elementor-screen-only\">Page<\/span>1<\/span>\n<a class=\"page-numbers\" href=\"https:\/\/www.cyframe.com\/fr\/wp-json\/wp\/v2\/pages\/2491\/page\/2\/\"><span class=\"elementor-screen-only\">Page<\/span>2<\/a>\n<a class=\"page-numbers\" href=\"https:\/\/www.cyframe.com\/fr\/wp-json\/wp\/v2\/pages\/2491\/page\/3\/\"><span class=\"elementor-screen-only\">Page<\/span>3<\/a>\n<a class=\"page-numbers\" href=\"https:\/\/www.cyframe.com\/fr\/wp-json\/wp\/v2\/pages\/2491\/page\/4\/\"><span class=\"elementor-screen-only\">Page<\/span>4<\/a>\n<a class=\"page-numbers\" href=\"https:\/\/www.cyframe.com\/fr\/wp-json\/wp\/v2\/pages\/2491\/page\/5\/\"><span class=\"elementor-screen-only\">Page<\/span>5<\/a>\n<a class=\"page-numbers\" href=\"https:\/\/www.cyframe.com\/fr\/wp-json\/wp\/v2\/pages\/2491\/page\/6\/\"><span class=\"elementor-screen-only\">Page<\/span>6<\/a>\n<a class=\"page-numbers\" href=\"https:\/\/www.cyframe.com\/fr\/wp-json\/wp\/v2\/pages\/2491\/page\/7\/\"><span class=\"elementor-screen-only\">Page<\/span>7<\/a>\n<a class=\"page-numbers\" href=\"https:\/\/www.cyframe.com\/fr\/wp-json\/wp\/v2\/pages\/2491\/page\/8\/\"><span class=\"elementor-screen-only\">Page<\/span>8<\/a>\n<a class=\"page-numbers\" href=\"https:\/\/www.cyframe.com\/fr\/wp-json\/wp\/v2\/pages\/2491\/page\/9\/\"><span class=\"elementor-screen-only\">Page<\/span>9<\/a>\n<a class=\"page-numbers\" href=\"https:\/\/www.cyframe.com\/fr\/wp-json\/wp\/v2\/pages\/2491\/page\/10\/\"><span class=\"elementor-screen-only\">Page<\/span>10<\/a>\n<a class=\"page-numbers\" href=\"https:\/\/www.cyframe.com\/fr\/wp-json\/wp\/v2\/pages\/2491\/page\/11\/\"><span class=\"elementor-screen-only\">Page<\/span>11<\/a>\t\t<\/nav>\n\t\t\t\t\t\t<\/div>\n\t\t\t\t<\/div>\n\t\t\t\t\t<\/div>\n\t\t<\/div>\n\t\t\t\t\t<\/div>\n\t\t<\/section>\n\t\t\t\t<\/div>\n\t\t","protected":false},"excerpt":{"rendered":"<p>Resources<\/p>\n","protected":false},"author":3,"featured_media":0,"parent":0,"menu_order":0,"comment_status":"closed","ping_status":"closed","template":"","meta":{"content-type":"","footnotes":""},"class_list":["post-2491","page","type-page","status-publish","hentry"],"_links":{"self":[{"href":"https:\/\/www.cyframe.com\/fr\/wp-json\/wp\/v2\/pages\/2491","targetHints":{"allow":["GET"]}}],"collection":[{"href":"https:\/\/www.cyframe.com\/fr\/wp-json\/wp\/v2\/pages"}],"about":[{"href":"https:\/\/www.cyframe.com\/fr\/wp-json\/wp\/v2\/types\/page"}],"author":[{"embeddable":true,"href":"https:\/\/www.cyframe.com\/fr\/wp-json\/wp\/v2\/users\/3"}],"replies":[{"embeddable":true,"href":"https:\/\/www.cyframe.com\/fr\/wp-json\/wp\/v2\/comments?post=2491"}],"version-history":[{"count":3,"href":"https:\/\/www.cyframe.com\/fr\/wp-json\/wp\/v2\/pages\/2491\/revisions"}],"predecessor-version":[{"id":4081,"href":"https:\/\/www.cyframe.com\/fr\/wp-json\/wp\/v2\/pages\/2491\/revisions\/4081"}],"wp:attachment":[{"href":"https:\/\/www.cyframe.com\/fr\/wp-json\/wp\/v2\/media?parent=2491"}],"curies":[{"name":"wp","href":"https:\/\/api.w.org\/{rel}","templated":true}]}}