{"id":2480,"date":"2020-10-17T11:15:13","date_gmt":"2020-10-17T11:15:13","guid":{"rendered":"https:\/\/www.cyframe.com\/price-list-management\/"},"modified":"2020-12-17T15:31:35","modified_gmt":"2020-12-17T15:31:35","slug":"gestion-de-la-liste-de-prix","status":"publish","type":"page","link":"https:\/\/www.cyframe.com\/fr\/gestion-de-la-liste-de-prix\/","title":{"rendered":"Gestion de la liste de prix"},"content":{"rendered":"\t\t<div data-elementor-type=\"wp-page\" data-elementor-id=\"2480\" class=\"elementor elementor-2480 elementor-405\" data-elementor-post-type=\"page\">\n\t\t\t\t\t\t<section data-particle_enable=\"false\" data-particle-mobile-disabled=\"false\" class=\"elementor-section elementor-top-section elementor-element elementor-element-e6d59f5 elementor-section-boxed elementor-section-height-default elementor-section-height-default\" data-id=\"e6d59f5\" data-element_type=\"section\" data-settings=\"{&quot;background_background&quot;:&quot;classic&quot;}\">\n\t\t\t\t\t\t<div class=\"elementor-container elementor-column-gap-default\">\n\t\t\t\t\t<div class=\"elementor-column elementor-col-100 elementor-top-column elementor-element elementor-element-57d9419\" data-id=\"57d9419\" data-element_type=\"column\">\n\t\t\t<div class=\"elementor-widget-wrap elementor-element-populated\">\n\t\t\t\t\t\t<div class=\"elementor-element elementor-element-4303a1e elementor-widget elementor-widget-heading\" data-id=\"4303a1e\" data-element_type=\"widget\" data-widget_type=\"heading.default\">\n\t\t\t\t<div class=\"elementor-widget-container\">\n\t\t\t\t\t<h1 class=\"elementor-heading-title elementor-size-default\">Gestion de la liste de prix<\/h1>\t\t\t\t<\/div>\n\t\t\t\t<\/div>\n\t\t\t\t\t<\/div>\n\t\t<\/div>\n\t\t\t\t\t<\/div>\n\t\t<\/section>\n\t\t\t\t<section data-particle_enable=\"false\" data-particle-mobile-disabled=\"false\" class=\"elementor-section elementor-top-section elementor-element elementor-element-8c3ec5a wrap_padding elementor-section-boxed elementor-section-height-default elementor-section-height-default\" data-id=\"8c3ec5a\" data-element_type=\"section\">\n\t\t\t\t\t\t<div class=\"elementor-container elementor-column-gap-default\">\n\t\t\t\t\t<div class=\"elementor-column elementor-col-100 elementor-top-column elementor-element elementor-element-1860f49\" data-id=\"1860f49\" data-element_type=\"column\">\n\t\t\t<div class=\"elementor-widget-wrap elementor-element-populated\">\n\t\t\t\t\t\t<div class=\"elementor-element elementor-element-5fcba19 elementor-widget elementor-widget-text-editor\" data-id=\"5fcba19\" data-element_type=\"widget\" data-widget_type=\"text-editor.default\">\n\t\t\t\t<div class=\"elementor-widget-container\">\n\t\t\t\t\t\t\t\t\t<h1 class=\"gold\">La mise \u00e0 jour des prix est un facteur constant dans l\u2019industrie du plastique<\/h1>\n\t\t\t\t\t\t\t\t<\/div>\n\t\t\t\t<\/div>\n\t\t\t\t<div class=\"elementor-element elementor-element-a131e1f paragraf-400 udarno elementor-widget elementor-widget-text-editor\" data-id=\"a131e1f\" data-element_type=\"widget\" data-widget_type=\"text-editor.default\">\n\t\t\t\t<div class=\"elementor-widget-container\">\n\t\t\t\t\t\t\t\t\t<p>Nous reconnaissons que les co\u00fbts de la r\u00e9sine varient continuellement et les listes de prix et les mises \u00e0 jour des co\u00fbts standards doivent \u00eatre ex\u00e9cut\u00e9es efficacement et avec pr\u00e9cision, avec un minimum de temps et d\u2019efforts. Que la strat\u00e9gie soit d\u2019inclure la hausse ou de maintenir la m\u00eame marge de profit, CyFrame offre les meilleurs outils sur le march\u00e9 pour recalculer et offrir de nouvelles mises \u00e0 jour des listes de prix \u00e0 vos clients.<\/p>\n\t\t\t\t\t\t\t\t<\/div>\n\t\t\t\t<\/div>\n\t\t\t\t\t<\/div>\n\t\t<\/div>\n\t\t\t\t\t<\/div>\n\t\t<\/section>\n\t\t\t\t<section data-particle_enable=\"false\" data-particle-mobile-disabled=\"false\" class=\"elementor-section elementor-top-section elementor-element elementor-element-961a9a1 wrap_padding-top elementor-section-boxed elementor-section-height-default elementor-section-height-default\" data-id=\"961a9a1\" data-element_type=\"section\" data-settings=\"{&quot;background_background&quot;:&quot;classic&quot;}\">\n\t\t\t\t\t\t<div class=\"elementor-container elementor-column-gap-default\">\n\t\t\t\t\t<div class=\"elementor-column elementor-col-100 elementor-top-column elementor-element elementor-element-0956344\" data-id=\"0956344\" data-element_type=\"column\">\n\t\t\t<div class=\"elementor-widget-wrap elementor-element-populated\">\n\t\t\t\t\t\t<div class=\"elementor-element elementor-element-fa173c6 elementor-widget elementor-widget-text-editor\" data-id=\"fa173c6\" data-element_type=\"widget\" data-widget_type=\"text-editor.default\">\n\t\t\t\t<div class=\"elementor-widget-container\">\n\t\t\t\t\t\t\t\t\t<h1 class=\"blue\">CyFrame a \u00e9t\u00e9 con\u00e7u pour optimiser le processus d\u2019examen de la liste de prix<\/h1>\n\t\t\t\t\t\t\t\t<\/div>\n\t\t\t\t<\/div>\n\t\t\t\t<div class=\"elementor-element elementor-element-2c039f6 osnovno-pe elementor-widget elementor-widget-text-editor\" data-id=\"2c039f6\" data-element_type=\"widget\" data-widget_type=\"text-editor.default\">\n\t\t\t\t<div class=\"elementor-widget-container\">\n\t\t\t\t\t\t\t\t\t<p class=\"center\">CyFrame a \u00e9t\u00e9 con\u00e7u pour optimiser le processus d\u2019examen de la liste de prix \u00e0 toutes les \u00e9tapes \u2013 de la r\u00e9sine et des mati\u00e8res premi\u00e8res provenant des fournisseurs jusqu\u2019\u00e0 la mise en place de nouveaux co\u00fbts standards qui sont ensuite utilis\u00e9es pour recalculer la liste de prix client d\u2019avance. Une gamme compl\u00e8te de rapports affichent l\u2019impact des co\u00fbts et la nouvelle tarification sugg\u00e9r\u00e9e ainsi que la rentabilit\u00e9 globale pour prendre les bonnes d\u00e9cisions en mati\u00e8re de hausse des prix moyens.<\/p>\n<h4 style=\"text-align: center; color: #1b3a5d; font-size: 24px;\"><b>Notre processus d\u2019examen de liste de prix comprend les caract\u00e9ristiques qui suivent :<\/b><\/h4>\n\t\t\t\t\t\t\t\t<\/div>\n\t\t\t\t<\/div>\n\t\t\t\t\t<\/div>\n\t\t<\/div>\n\t\t\t\t\t<\/div>\n\t\t<\/section>\n\t\t\t\t<section data-particle_enable=\"false\" data-particle-mobile-disabled=\"false\" class=\"elementor-section elementor-top-section elementor-element elementor-element-f51d151  blow_molding-threeicons wrap_padding-bottom elementor-section-boxed elementor-section-height-default elementor-section-height-default\" data-id=\"f51d151\" data-element_type=\"section\" data-settings=\"{&quot;background_background&quot;:&quot;classic&quot;}\">\n\t\t\t\t\t\t<div class=\"elementor-container elementor-column-gap-default\">\n\t\t\t\t\t<div class=\"elementor-column elementor-col-50 elementor-top-column elementor-element elementor-element-e30c83b\" data-id=\"e30c83b\" data-element_type=\"column\">\n\t\t\t<div class=\"elementor-widget-wrap elementor-element-populated\">\n\t\t\t\t\t\t<div class=\"elementor-element elementor-element-5d14be2 osnovno-pe elementor-widget elementor-widget-text-editor\" data-id=\"5d14be2\" data-element_type=\"widget\" data-widget_type=\"text-editor.default\">\n\t\t\t\t<div class=\"elementor-widget-container\">\n\t\t\t\t\t\t\t\t\t<ul class=\"nabr-kocka\">\n<li>Affiche ais\u00e9ment les co\u00fbts unitaires ant\u00e9rieurs en comparaison avec les nouveaux co\u00fbts unitaires<\/li>\n<li>Affiche le nouveau prix propos\u00e9 se basant sur le m\u00eame pourcentage de marge ou sur le changement de co\u00fbt seulement<\/li>\n<li>Peut appliquer automatiquement toute hausse ou diminution de montant ou de pourcentage<\/li>\n<li>Affiche tous les frais de transport connexes (compris ou non) dans le prix<\/li>\n<\/ul>\n\t\t\t\t\t\t\t\t<\/div>\n\t\t\t\t<\/div>\n\t\t\t\t\t<\/div>\n\t\t<\/div>\n\t\t\t\t<div class=\"elementor-column elementor-col-50 elementor-top-column elementor-element elementor-element-de927fe\" data-id=\"de927fe\" data-element_type=\"column\">\n\t\t\t<div class=\"elementor-widget-wrap elementor-element-populated\">\n\t\t\t\t\t\t<div class=\"elementor-element elementor-element-0bb9178 osnovno-pe elementor-widget elementor-widget-text-editor\" data-id=\"0bb9178\" data-element_type=\"widget\" data-widget_type=\"text-editor.default\">\n\t\t\t\t<div class=\"elementor-widget-container\">\n\t\t\t\t\t\t\t\t\t<ul class=\"nabr-kocka\">\n<li>Tient compte des remises ou r\u00e9ductions et des commissions externes<\/li>\n<li>Permet de saisir manuellement des prix ou de les importer \u00e0 partir d\u2019Excel<\/li>\n<li>Les rapports de rentabilit\u00e9 peuvent montrer le sc\u00e9nario \u00ab avant et apr\u00e8s \u00bb sur les profits<\/li>\n<li>Rapport de simulation de l\u2019examen des prix (peut \u00eatre imprim\u00e9 pour une analyse plus pouss\u00e9e ou une approbation)<\/li>\n<\/ul>\n\t\t\t\t\t\t\t\t<\/div>\n\t\t\t\t<\/div>\n\t\t\t\t\t<\/div>\n\t\t<\/div>\n\t\t\t\t\t<\/div>\n\t\t<\/section>\n\t\t\t\t<section data-particle_enable=\"false\" data-particle-mobile-disabled=\"false\" class=\"elementor-section elementor-top-section elementor-element elementor-element-84dc41e wrap_padding-top elementor-section-boxed elementor-section-height-default elementor-section-height-default\" data-id=\"84dc41e\" data-element_type=\"section\" data-settings=\"{&quot;background_background&quot;:&quot;classic&quot;}\">\n\t\t\t\t\t\t<div class=\"elementor-container elementor-column-gap-default\">\n\t\t\t\t\t<div class=\"elementor-column elementor-col-100 elementor-top-column elementor-element elementor-element-892c55a\" data-id=\"892c55a\" data-element_type=\"column\">\n\t\t\t<div class=\"elementor-widget-wrap elementor-element-populated\">\n\t\t\t\t\t\t<div class=\"elementor-element elementor-element-4613df9 elementor-widget elementor-widget-text-editor\" data-id=\"4613df9\" data-element_type=\"widget\" data-widget_type=\"text-editor.default\">\n\t\t\t\t<div class=\"elementor-widget-container\">\n\t\t\t\t\t\t\t\t\t<h1 class=\"gold\">Le calcul des nouveaux prix rapidement et efficacement n\u2019est qu\u2019une petite partie de l\u2019\u00e9quation.<\/h1>\n\t\t\t\t\t\t\t\t<\/div>\n\t\t\t\t<\/div>\n\t\t\t\t<div class=\"elementor-element elementor-element-1451503 paragraf-400 sub-headline elementor-widget elementor-widget-text-editor\" data-id=\"1451503\" data-element_type=\"widget\" data-widget_type=\"text-editor.default\">\n\t\t\t\t<div class=\"elementor-widget-container\">\n\t\t\t\t\t\t\t\t\t<p class=\"center\">Vous devez communiquer ces nouvelles listes de prix efficacement pour que les clients puissent planifier ad\u00e9quatement. Pour ce faire, CyFrame offre les outils suivants:<\/p>\n\t\t\t\t\t\t\t\t<\/div>\n\t\t\t\t<\/div>\n\t\t\t\t\t<\/div>\n\t\t<\/div>\n\t\t\t\t\t<\/div>\n\t\t<\/section>\n\t\t\t\t<section data-particle_enable=\"false\" data-particle-mobile-disabled=\"false\" class=\"elementor-section elementor-top-section elementor-element elementor-element-179996b wrap_padding-middle elementor-section-boxed elementor-section-height-default elementor-section-height-default\" data-id=\"179996b\" data-element_type=\"section\">\n\t\t\t\t\t\t<div class=\"elementor-container elementor-column-gap-default\">\n\t\t\t\t\t<div class=\"elementor-column elementor-col-50 elementor-top-column elementor-element elementor-element-c4ab755\" data-id=\"c4ab755\" data-element_type=\"column\">\n\t\t\t<div class=\"elementor-widget-wrap elementor-element-populated\">\n\t\t\t\t\t\t<div class=\"elementor-element elementor-element-2776826 osnovno-pe elementor-widget elementor-widget-text-editor\" data-id=\"2776826\" data-element_type=\"widget\" data-widget_type=\"text-editor.default\">\n\t\t\t\t<div class=\"elementor-widget-container\">\n\t\t\t\t\t\t\t\t\t<ul class=\"nabr-kocka\" style=\"font-size: 18px;\">\n<li style=\"color: #3d3d3d;\"><b>Listes de prix t\u00e9l\u00e9copi\u00e9es et par courriel:<\/b> les PDF du syst\u00e8me sont g\u00e9n\u00e9r\u00e9s automatiquement et envoy\u00e9s individuellement par le logiciel ou en masse lorsque la liste est approuv\u00e9e<\/li>\n<li style=\"color: #3d3d3d;\"><b>Module de commerce \u00e9lectronique:<\/b> option de libre-service par l\u2019entremise de votre site Web d\u2019entreprise<\/li>\n<\/ul>\n\t\t\t\t\t\t\t\t<\/div>\n\t\t\t\t<\/div>\n\t\t\t\t\t<\/div>\n\t\t<\/div>\n\t\t\t\t<div class=\"elementor-column elementor-col-50 elementor-top-column elementor-element elementor-element-6079cdb\" data-id=\"6079cdb\" data-element_type=\"column\">\n\t\t\t<div class=\"elementor-widget-wrap elementor-element-populated\">\n\t\t\t\t\t\t<div class=\"elementor-element elementor-element-69bd49b elementor-widget elementor-widget-image\" data-id=\"69bd49b\" data-element_type=\"widget\" data-widget_type=\"image.default\">\n\t\t\t\t<div class=\"elementor-widget-container\">\n\t\t\t\t\t\t\t\t\t\t\t\t\t\t\t<img fetchpriority=\"high\" decoding=\"async\" width=\"525\" height=\"286\" src=\"https:\/\/www.cyframe.com\/wp-content\/uploads\/2020\/11\/img_price_list-FR.png\" class=\"attachment-medium_large size-medium_large wp-image-5189\" alt=\"\" srcset=\"https:\/\/www.cyframe.com\/wp-content\/uploads\/2020\/11\/img_price_list-FR.png 525w, https:\/\/www.cyframe.com\/wp-content\/uploads\/2020\/11\/img_price_list-FR-300x163.png 300w\" sizes=\"(max-width: 525px) 100vw, 525px\" \/>\t\t\t\t\t\t\t\t\t\t\t\t\t\t\t<\/div>\n\t\t\t\t<\/div>\n\t\t\t\t\t<\/div>\n\t\t<\/div>\n\t\t\t\t\t<\/div>\n\t\t<\/section>\n\t\t\t\t<section data-particle_enable=\"false\" data-particle-mobile-disabled=\"false\" class=\"elementor-section elementor-top-section elementor-element elementor-element-4cbc470 wrap_padding-bottom elementor-section-boxed elementor-section-height-default elementor-section-height-default\" data-id=\"4cbc470\" data-element_type=\"section\" data-settings=\"{&quot;background_background&quot;:&quot;classic&quot;}\">\n\t\t\t\t\t\t<div class=\"elementor-container elementor-column-gap-default\">\n\t\t\t\t\t<div class=\"elementor-column elementor-col-100 elementor-top-column elementor-element elementor-element-904322d\" data-id=\"904322d\" data-element_type=\"column\">\n\t\t\t<div class=\"elementor-widget-wrap elementor-element-populated\">\n\t\t\t\t\t\t<div class=\"elementor-element elementor-element-8c946c7 elementor-align-center gold-kopce elementor-widget elementor-widget-button\" data-id=\"8c946c7\" data-element_type=\"widget\" data-widget_type=\"button.default\">\n\t\t\t\t<div class=\"elementor-widget-container\">\n\t\t\t\t\t\t\t\t\t<div class=\"elementor-button-wrapper\">\n\t\t\t\t\t<a class=\"elementor-button elementor-button-link elementor-size-sm\" href=\"https:\/\/www.cyframe.com\/fr\/obtenez-une-presentation-gratuite\/\">\n\t\t\t\t\t\t<span class=\"elementor-button-content-wrapper\">\n\t\t\t\t\t\t\t\t\t<span class=\"elementor-button-text\">DEMANDEZ UNE PRES\u00c9NTATION GRATUITE<\/span>\n\t\t\t\t\t<\/span>\n\t\t\t\t\t<\/a>\n\t\t\t\t<\/div>\n\t\t\t\t\t\t\t\t<\/div>\n\t\t\t\t<\/div>\n\t\t\t\t\t<\/div>\n\t\t<\/div>\n\t\t\t\t\t<\/div>\n\t\t<\/section>\n\t\t\t\t<\/div>\n\t\t","protected":false},"excerpt":{"rendered":"<p>Gestion de la liste de prix La mise \u00e0 jour des prix est un facteur constant dans l\u2019industrie du plastique Nous reconnaissons que les co\u00fbts de la r\u00e9sine varient continuellement et les listes de prix et les mises \u00e0 jour des co\u00fbts standards doivent \u00eatre ex\u00e9cut\u00e9es efficacement et avec pr\u00e9cision, avec un minimum de temps [&hellip;]<\/p>\n","protected":false},"author":3,"featured_media":0,"parent":0,"menu_order":0,"comment_status":"closed","ping_status":"closed","template":"","meta":{"content-type":"","footnotes":""},"class_list":["post-2480","page","type-page","status-publish","hentry"],"_links":{"self":[{"href":"https:\/\/www.cyframe.com\/fr\/wp-json\/wp\/v2\/pages\/2480","targetHints":{"allow":["GET"]}}],"collection":[{"href":"https:\/\/www.cyframe.com\/fr\/wp-json\/wp\/v2\/pages"}],"about":[{"href":"https:\/\/www.cyframe.com\/fr\/wp-json\/wp\/v2\/types\/page"}],"author":[{"embeddable":true,"href":"https:\/\/www.cyframe.com\/fr\/wp-json\/wp\/v2\/users\/3"}],"replies":[{"embeddable":true,"href":"https:\/\/www.cyframe.com\/fr\/wp-json\/wp\/v2\/comments?post=2480"}],"version-history":[{"count":11,"href":"https:\/\/www.cyframe.com\/fr\/wp-json\/wp\/v2\/pages\/2480\/revisions"}],"predecessor-version":[{"id":6229,"href":"https:\/\/www.cyframe.com\/fr\/wp-json\/wp\/v2\/pages\/2480\/revisions\/6229"}],"wp:attachment":[{"href":"https:\/\/www.cyframe.com\/fr\/wp-json\/wp\/v2\/media?parent=2480"}],"curies":[{"name":"wp","href":"https:\/\/api.w.org\/{rel}","templated":true}]}}