{"id":2378,"date":"2020-10-16T10:41:21","date_gmt":"2020-10-16T10:41:21","guid":{"rendered":"https:\/\/www.cyframe.com\/b2b-customer-portal\/"},"modified":"2020-12-08T15:00:23","modified_gmt":"2020-12-08T15:00:23","slug":"portail-client-b2b","status":"publish","type":"page","link":"https:\/\/www.cyframe.com\/fr\/portail-client-b2b\/","title":{"rendered":"Portail client B2B"},"content":{"rendered":"\t\t<div data-elementor-type=\"wp-page\" data-elementor-id=\"2378\" class=\"elementor elementor-2378 elementor-353\" data-elementor-post-type=\"page\">\n\t\t\t\t\t\t<section data-particle_enable=\"false\" data-particle-mobile-disabled=\"false\" class=\"elementor-section elementor-top-section elementor-element elementor-element-e6d59f5 elementor-section-boxed elementor-section-height-default elementor-section-height-default\" data-id=\"e6d59f5\" data-element_type=\"section\" data-settings=\"{&quot;background_background&quot;:&quot;classic&quot;}\">\n\t\t\t\t\t\t<div class=\"elementor-container elementor-column-gap-default\">\n\t\t\t\t\t<div class=\"elementor-column elementor-col-100 elementor-top-column elementor-element elementor-element-57d9419\" data-id=\"57d9419\" data-element_type=\"column\">\n\t\t\t<div class=\"elementor-widget-wrap elementor-element-populated\">\n\t\t\t\t\t\t<div class=\"elementor-element elementor-element-4303a1e elementor-widget elementor-widget-heading\" data-id=\"4303a1e\" data-element_type=\"widget\" data-widget_type=\"heading.default\">\n\t\t\t\t<div class=\"elementor-widget-container\">\n\t\t\t\t\t<h1 class=\"elementor-heading-title elementor-size-default\">Portail client B2B<\/h1>\t\t\t\t<\/div>\n\t\t\t\t<\/div>\n\t\t\t\t\t<\/div>\n\t\t<\/div>\n\t\t\t\t\t<\/div>\n\t\t<\/section>\n\t\t\t\t<section data-particle_enable=\"false\" data-particle-mobile-disabled=\"false\" class=\"elementor-section elementor-top-section elementor-element elementor-element-8c3ec5a wrap_padding elementor-section-boxed elementor-section-height-default elementor-section-height-default\" data-id=\"8c3ec5a\" data-element_type=\"section\">\n\t\t\t\t\t\t<div class=\"elementor-container elementor-column-gap-default\">\n\t\t\t\t\t<div class=\"elementor-column elementor-col-100 elementor-top-column elementor-element elementor-element-1860f49\" data-id=\"1860f49\" data-element_type=\"column\">\n\t\t\t<div class=\"elementor-widget-wrap elementor-element-populated\">\n\t\t\t\t\t\t<div class=\"elementor-element elementor-element-5fcba19 elementor-widget elementor-widget-text-editor\" data-id=\"5fcba19\" data-element_type=\"widget\" data-widget_type=\"text-editor.default\">\n\t\t\t\t<div class=\"elementor-widget-container\">\n\t\t\t\t\t\t\t\t\t<h1 class=\"gold\">Comment cr\u00e9er une relation de confiance avec vos clients?<\/h1>\n\t\t\t\t\t\t\t\t<\/div>\n\t\t\t\t<\/div>\n\t\t\t\t<div class=\"elementor-element elementor-element-a131e1f paragraf-400 elementor-widget elementor-widget-text-editor\" data-id=\"a131e1f\" data-element_type=\"widget\" data-widget_type=\"text-editor.default\">\n\t\t\t\t<div class=\"elementor-widget-container\">\n\t\t\t\t\t\t\t\t\t<p class=\"center\" style=\"font-size: 24px;\">D\u00e9passez les attentes de vos clients et d\u00e9marquez-vous en leur offrant la possibilit\u00e9 d\u2019ex\u00e9cuter des activit\u00e9s cl\u00e9s et d\u2019acc\u00e9der \u00e0 l\u2019information dont ils ont besoin. Offrir \u00e0 vos clients les options d\u2019un guichet libre-service 24\/7\/365 se traduit par une \u00e9conomie de personnel et de d\u00e9penses de fonctionnement tout en am\u00e9liorant le service \u00e0 la client\u00e8le. Les clients n\u2019ont qu\u2019\u00e0 se connecter \u00e0 notre site Web s\u00e9curis\u00e9 pour v\u00e9rifier le solde de leur compte, visualiser les factures, passer des commandes, t\u00e9l\u00e9charger des listes de prix et v\u00e9rifier le statut des commandes.<\/p>\n\t\t\t\t\t\t\t\t<\/div>\n\t\t\t\t<\/div>\n\t\t\t\t\t<\/div>\n\t\t<\/div>\n\t\t\t\t\t<\/div>\n\t\t<\/section>\n\t\t\t\t<section data-particle_enable=\"false\" data-particle-mobile-disabled=\"false\" class=\"elementor-section elementor-top-section elementor-element elementor-element-ee00755 wrap_padding-top elementor-section-boxed elementor-section-height-default elementor-section-height-default\" data-id=\"ee00755\" data-element_type=\"section\" data-settings=\"{&quot;background_background&quot;:&quot;classic&quot;}\">\n\t\t\t\t\t\t<div class=\"elementor-container elementor-column-gap-default\">\n\t\t\t\t\t<div class=\"elementor-column elementor-col-100 elementor-top-column elementor-element elementor-element-236b9d2\" data-id=\"236b9d2\" data-element_type=\"column\">\n\t\t\t<div class=\"elementor-widget-wrap elementor-element-populated\">\n\t\t\t\t\t\t<div class=\"elementor-element elementor-element-2e29773 elementor-widget elementor-widget-text-editor\" data-id=\"2e29773\" data-element_type=\"widget\" data-widget_type=\"text-editor.default\">\n\t\t\t\t<div class=\"elementor-widget-container\">\n\t\t\t\t\t\t\t\t\t<h1 class=\"blue\">Trois avantages du portail libre-service pour vos clients<\/h1>\n\t\t\t\t\t\t\t\t<\/div>\n\t\t\t\t<\/div>\n\t\t\t\t\t<\/div>\n\t\t<\/div>\n\t\t\t\t\t<\/div>\n\t\t<\/section>\n\t\t\t\t<section data-particle_enable=\"false\" data-particle-mobile-disabled=\"false\" class=\"elementor-section elementor-top-section elementor-element elementor-element-f51d151 blow_molding-threeicons wrap_padding-bottom elementor-section-boxed elementor-section-height-default elementor-section-height-default\" data-id=\"f51d151\" data-element_type=\"section\" data-settings=\"{&quot;background_background&quot;:&quot;classic&quot;}\">\n\t\t\t\t\t\t<div class=\"elementor-container elementor-column-gap-default\">\n\t\t\t\t\t<div class=\"elementor-column elementor-col-33 elementor-top-column elementor-element elementor-element-ca603da\" data-id=\"ca603da\" data-element_type=\"column\">\n\t\t\t<div class=\"elementor-widget-wrap elementor-element-populated\">\n\t\t\t\t\t\t<div class=\"elementor-element elementor-element-901f275 osnovno-pe elementor-widget elementor-widget-text-editor\" data-id=\"901f275\" data-element_type=\"widget\" data-widget_type=\"text-editor.default\">\n\t\t\t\t<div class=\"elementor-widget-container\">\n\t\t\t\t\t\t\t\t\t<h3>Habiliter vos clients<\/h3>\n<p>L\u2019\u00e9volution technologique fait en sorte que vos clients s\u2019attendent \u00e0 une exp\u00e9rience de service moderne. L\u2019envoi d\u2019un simple courriel ne suffit plus. Les clients souhaitent se connecter \u00e0 leur compte, v\u00e9rifier le statut d\u2019une commande, en passer de nouvelles, faire le suivi des envois et examiner les factures ant\u00e9rieures.<\/p>\n\t\t\t\t\t\t\t\t<\/div>\n\t\t\t\t<\/div>\n\t\t\t\t\t<\/div>\n\t\t<\/div>\n\t\t\t\t<div class=\"elementor-column elementor-col-33 elementor-top-column elementor-element elementor-element-e30c83b\" data-id=\"e30c83b\" data-element_type=\"column\">\n\t\t\t<div class=\"elementor-widget-wrap elementor-element-populated\">\n\t\t\t\t\t\t<div class=\"elementor-element elementor-element-5d14be2 osnovno-pe elementor-widget elementor-widget-text-editor\" data-id=\"5d14be2\" data-element_type=\"widget\" data-widget_type=\"text-editor.default\">\n\t\t\t\t<div class=\"elementor-widget-container\">\n\t\t\t\t\t\t\t\t\t<h3>R\u00e9duire les co\u00fbts<\/h3>\n<p>En offrant les bons outils \u00e0 vos clients, un portail libre-service peut se r\u00e9v\u00e9ler \u00eatre une arme secr\u00e8te pour la r\u00e9duction des co\u00fbts. R\u00e9alisez des gains d\u2019efficacit\u00e9 remarquables et r\u00e9duisez les demandes aupr\u00e8s de vos associ\u00e9s aux ventes en les d\u00e9lestant des t\u00e2ches routini\u00e8res, pour qu\u2019ils puissent se consacrer \u00e0 un travail plus strat\u00e9gique.<\/p>\n\t\t\t\t\t\t\t\t<\/div>\n\t\t\t\t<\/div>\n\t\t\t\t\t<\/div>\n\t\t<\/div>\n\t\t\t\t<div class=\"elementor-column elementor-col-33 elementor-top-column elementor-element elementor-element-de927fe\" data-id=\"de927fe\" data-element_type=\"column\">\n\t\t\t<div class=\"elementor-widget-wrap elementor-element-populated\">\n\t\t\t\t\t\t<div class=\"elementor-element elementor-element-0bb9178 osnovno-pe elementor-widget elementor-widget-text-editor\" data-id=\"0bb9178\" data-element_type=\"widget\" data-widget_type=\"text-editor.default\">\n\t\t\t\t<div class=\"elementor-widget-container\">\n\t\t\t\t\t\t\t\t\t<h3>\u00c9conomiser de temps pour vous et vos clients<\/h3>\n<p>Un portail client est un moyen s\u00e9curitaire et efficace d\u2019obtenir un acc\u00e8s permanent \u00e0 l\u2019information sans attendre un appel ou un courriel. En quelques clics, les clients peuvent afficher l\u2019inventaire et passer directement des commandes, acc\u00e9l\u00e9rant ainsi le processus.<\/p>\n\t\t\t\t\t\t\t\t<\/div>\n\t\t\t\t<\/div>\n\t\t\t\t\t<\/div>\n\t\t<\/div>\n\t\t\t\t\t<\/div>\n\t\t<\/section>\n\t\t\t\t<section data-particle_enable=\"false\" data-particle-mobile-disabled=\"false\" class=\"elementor-section elementor-top-section elementor-element elementor-element-9e3f8f8 wrap_padding elementor-section-boxed elementor-section-height-default elementor-section-height-default\" data-id=\"9e3f8f8\" data-element_type=\"section\">\n\t\t\t\t\t\t<div class=\"elementor-container elementor-column-gap-default\">\n\t\t\t\t\t<div class=\"elementor-column elementor-col-100 elementor-top-column elementor-element elementor-element-559869b\" data-id=\"559869b\" data-element_type=\"column\">\n\t\t\t<div class=\"elementor-widget-wrap elementor-element-populated\">\n\t\t\t\t\t\t<div class=\"elementor-element elementor-element-c9f4318 elementor-widget elementor-widget-text-editor\" data-id=\"c9f4318\" data-element_type=\"widget\" data-widget_type=\"text-editor.default\">\n\t\t\t\t<div class=\"elementor-widget-container\">\n\t\t\t\t\t\t\t\t\t<h1 class=\"blue\">Les fonctionnalit\u00e9s combin\u00e9es de l\u2019ERP et du MES<\/h1>\n\t\t\t\t\t\t\t\t<\/div>\n\t\t\t\t<\/div>\n\t\t\t\t<div class=\"elementor-element elementor-element-1071b3b osnovno-pe elementor-widget elementor-widget-text-editor\" data-id=\"1071b3b\" data-element_type=\"widget\" data-widget_type=\"text-editor.default\">\n\t\t\t\t<div class=\"elementor-widget-container\">\n\t\t\t\t\t\t\t\t\t<p>Un guichet libre-service est rapidement devenu la m\u00e9thode pr\u00e9f\u00e9r\u00e9e d\u2019interagir avec une organisation. Dans le cadre de votre solution, vos clients peuvent acqu\u00e9rir un acc\u00e8s permanent au statut de leurs commandes et, encore mieux, \u00e0 la gestion de leurs inventaires au moment souhait\u00e9, tout en les encourageant \u00e0 passer de nouvelles commandes sans assistance. Des bons de commande \u00e0 l\u2019inventaire, du statut de la production \u00e0 l\u2019information sur l\u2019exp\u00e9dition, les portails client en ligne de CyFrame pr\u00e9sentent l\u2019information la plus \u00e0 jour pour offrir une exp\u00e9rience client exceptionnelle tout en r\u00e9duisant la d\u00e9pendance de ceux-ci envers leurs propres responsables des achats.<\/p>\n\t\t\t\t\t\t\t\t<\/div>\n\t\t\t\t<\/div>\n\t\t\t\t\t<\/div>\n\t\t<\/div>\n\t\t\t\t\t<\/div>\n\t\t<\/section>\n\t\t\t\t<section data-particle_enable=\"false\" data-particle-mobile-disabled=\"false\" class=\"elementor-section elementor-top-section elementor-element elementor-element-2705db8 wrap_padding-najdole elementor-section-boxed elementor-section-height-default elementor-section-height-default\" data-id=\"2705db8\" data-element_type=\"section\" data-settings=\"{&quot;background_background&quot;:&quot;classic&quot;}\">\n\t\t\t\t\t\t<div class=\"elementor-container elementor-column-gap-default\">\n\t\t\t\t\t<div class=\"elementor-column elementor-col-100 elementor-top-column elementor-element elementor-element-f5fb524\" data-id=\"f5fb524\" data-element_type=\"column\">\n\t\t\t<div class=\"elementor-widget-wrap elementor-element-populated\">\n\t\t\t\t\t\t<div class=\"elementor-element elementor-element-1dc3c59 elementor-widget elementor-widget-text-editor\" data-id=\"1dc3c59\" data-element_type=\"widget\" data-widget_type=\"text-editor.default\">\n\t\t\t\t<div class=\"elementor-widget-container\">\n\t\t\t\t\t\t\t\t\t<h1 class=\"gold\">Importantes ressources connexes<\/h1>\n\t\t\t\t\t\t\t\t<\/div>\n\t\t\t\t<\/div>\n\t\t\t\t\t<\/div>\n\t\t<\/div>\n\t\t\t\t\t<\/div>\n\t\t<\/section>\n\t\t\t\t<section data-particle_enable=\"false\" data-particle-mobile-disabled=\"false\" class=\"elementor-section elementor-top-section elementor-element elementor-element-bf7ae39 wrap_padding-bottom elementor-section-boxed elementor-section-height-default elementor-section-height-default\" data-id=\"bf7ae39\" data-element_type=\"section\" data-settings=\"{&quot;background_background&quot;:&quot;classic&quot;}\">\n\t\t\t\t\t\t<div class=\"elementor-container elementor-column-gap-default\">\n\t\t\t\t\t<div class=\"elementor-column elementor-col-50 elementor-top-column elementor-element elementor-element-73e591c\" data-id=\"73e591c\" data-element_type=\"column\">\n\t\t\t<div class=\"elementor-widget-wrap elementor-element-populated\">\n\t\t\t\t\t\t<div class=\"elementor-element elementor-element-e5afd65 zatemneti_fotki elementor-widget elementor-widget-text-editor\" data-id=\"e5afd65\" data-element_type=\"widget\" data-widget_type=\"text-editor.default\">\n\t\t\t\t<div class=\"elementor-widget-container\">\n\t\t\t\t\t\t\t\t\t<h5><a href=\"\/fr\/category\/ressources\/case-studies-fr\/\">Cas d\u2019\u00e9tudes,<\/a> <a href=\"\/fr\/category\/ressources\/\" rel=\"category tag\">Ressources<\/a><\/h5>\n<h3><a href=\"\/fr\/plastic-parts-remplacent-leur-erp\/\">Plastic Parts Remplacent Leur Erp<\/a><\/h3>\n<p><a href=\"\/fr\/plastic-parts-remplacent-leur-erp\/\"><button>En Savoir Plus<\/button><\/a><\/p>\n\t\t\t\t\t\t\t\t<\/div>\n\t\t\t\t<\/div>\n\t\t\t\t\t<\/div>\n\t\t<\/div>\n\t\t\t\t<div class=\"elementor-column elementor-col-50 elementor-top-column elementor-element elementor-element-e09a06e\" data-id=\"e09a06e\" data-element_type=\"column\">\n\t\t\t<div class=\"elementor-widget-wrap elementor-element-populated\">\n\t\t\t\t\t\t<div class=\"elementor-element elementor-element-dd125db zatemneti_fotki elementor-widget elementor-widget-text-editor\" data-id=\"dd125db\" data-element_type=\"widget\" data-widget_type=\"text-editor.default\">\n\t\t\t\t<div class=\"elementor-widget-container\">\n\t\t\t\t\t\t\t\t\t<h5><a href=\"\/fr\/category\/ressources\/case-studies-fr\/\">Cas d\u2019\u00e9tudes,<\/a> <a href=\"\/fr\/category\/ressources\/\" rel=\"category tag\">Ressources<\/a><\/h5>\n<h3><a href=\"\/fr\/martins-toys-et-proarce-ont-reduit-les-taches-administratives-les-temps-darret-et-les-configurations-des-machines-tout-en-ameliorant-leur-capacite-de-production\/\">Martin\u2019s Toys et Proarce ont r\u00e9duit les t\u00e2ches administratives, les temps d\u2019arr\u00eat et les configurations<\/a><\/h3>\n<p><a href=\"\/fr\/martins-toys-et-proarce-ont-reduit-les-taches-administratives-les-temps-darret-et-les-configurations-des-machines-tout-en-ameliorant-leur-capacite-de-production\/\"><button>En Savoir Plus<\/button><\/a><\/p>\n\t\t\t\t\t\t\t\t<\/div>\n\t\t\t\t<\/div>\n\t\t\t\t\t<\/div>\n\t\t<\/div>\n\t\t\t\t\t<\/div>\n\t\t<\/section>\n\t\t\t\t<\/div>\n\t\t","protected":false},"excerpt":{"rendered":"<p>Portail client B2B Comment cr\u00e9er une relation de confiance avec vos clients? D\u00e9passez les attentes de vos clients et d\u00e9marquez-vous en leur offrant la possibilit\u00e9 d\u2019ex\u00e9cuter des activit\u00e9s cl\u00e9s et d\u2019acc\u00e9der \u00e0 l\u2019information dont ils ont besoin. Offrir \u00e0 vos clients les options d\u2019un guichet libre-service 24\/7\/365 se traduit par une \u00e9conomie de personnel et [&hellip;]<\/p>\n","protected":false},"author":3,"featured_media":0,"parent":0,"menu_order":0,"comment_status":"closed","ping_status":"closed","template":"","meta":{"content-type":"","footnotes":""},"class_list":["post-2378","page","type-page","status-publish","hentry"],"_links":{"self":[{"href":"https:\/\/www.cyframe.com\/fr\/wp-json\/wp\/v2\/pages\/2378","targetHints":{"allow":["GET"]}}],"collection":[{"href":"https:\/\/www.cyframe.com\/fr\/wp-json\/wp\/v2\/pages"}],"about":[{"href":"https:\/\/www.cyframe.com\/fr\/wp-json\/wp\/v2\/types\/page"}],"author":[{"embeddable":true,"href":"https:\/\/www.cyframe.com\/fr\/wp-json\/wp\/v2\/users\/3"}],"replies":[{"embeddable":true,"href":"https:\/\/www.cyframe.com\/fr\/wp-json\/wp\/v2\/comments?post=2378"}],"version-history":[{"count":8,"href":"https:\/\/www.cyframe.com\/fr\/wp-json\/wp\/v2\/pages\/2378\/revisions"}],"predecessor-version":[{"id":5823,"href":"https:\/\/www.cyframe.com\/fr\/wp-json\/wp\/v2\/pages\/2378\/revisions\/5823"}],"wp:attachment":[{"href":"https:\/\/www.cyframe.com\/fr\/wp-json\/wp\/v2\/media?parent=2378"}],"curies":[{"name":"wp","href":"https:\/\/api.w.org\/{rel}","templated":true}]}}