{"id":2376,"date":"2020-10-17T10:58:46","date_gmt":"2020-10-17T10:58:46","guid":{"rendered":"https:\/\/www.cyframe.com\/quality-management\/"},"modified":"2020-12-17T16:43:00","modified_gmt":"2020-12-17T16:43:00","slug":"gestion-de-la-qualite","status":"publish","type":"page","link":"https:\/\/www.cyframe.com\/fr\/gestion-de-la-qualite\/","title":{"rendered":"Gestion de la qualit\u00e9"},"content":{"rendered":"\t\t<div data-elementor-type=\"wp-page\" data-elementor-id=\"2376\" class=\"elementor elementor-2376 elementor-399\" data-elementor-post-type=\"page\">\n\t\t\t\t\t\t<section data-particle_enable=\"false\" data-particle-mobile-disabled=\"false\" class=\"elementor-section elementor-top-section elementor-element elementor-element-e6d59f5 elementor-section-boxed elementor-section-height-default elementor-section-height-default\" data-id=\"e6d59f5\" data-element_type=\"section\" data-settings=\"{&quot;background_background&quot;:&quot;classic&quot;}\">\n\t\t\t\t\t\t<div class=\"elementor-container elementor-column-gap-default\">\n\t\t\t\t\t<div class=\"elementor-column elementor-col-100 elementor-top-column elementor-element elementor-element-57d9419\" data-id=\"57d9419\" data-element_type=\"column\">\n\t\t\t<div class=\"elementor-widget-wrap elementor-element-populated\">\n\t\t\t\t\t\t<div class=\"elementor-element elementor-element-4303a1e elementor-widget elementor-widget-heading\" data-id=\"4303a1e\" data-element_type=\"widget\" data-widget_type=\"heading.default\">\n\t\t\t\t<div class=\"elementor-widget-container\">\n\t\t\t\t\t<h1 class=\"elementor-heading-title elementor-size-default\">Gestion de la qualit\u00e9<\/h1>\t\t\t\t<\/div>\n\t\t\t\t<\/div>\n\t\t\t\t\t<\/div>\n\t\t<\/div>\n\t\t\t\t\t<\/div>\n\t\t<\/section>\n\t\t\t\t<section data-particle_enable=\"false\" data-particle-mobile-disabled=\"false\" class=\"elementor-section elementor-top-section elementor-element elementor-element-8c3ec5a wrap_padding elementor-section-boxed elementor-section-height-default elementor-section-height-default\" data-id=\"8c3ec5a\" data-element_type=\"section\">\n\t\t\t\t\t\t<div class=\"elementor-container elementor-column-gap-default\">\n\t\t\t\t\t<div class=\"elementor-column elementor-col-100 elementor-top-column elementor-element elementor-element-1860f49\" data-id=\"1860f49\" data-element_type=\"column\">\n\t\t\t<div class=\"elementor-widget-wrap elementor-element-populated\">\n\t\t\t\t\t\t<div class=\"elementor-element elementor-element-5fcba19 elementor-widget elementor-widget-text-editor\" data-id=\"5fcba19\" data-element_type=\"widget\" data-widget_type=\"text-editor.default\">\n\t\t\t\t<div class=\"elementor-widget-container\">\n\t\t\t\t\t\t\t\t\t<h1 class=\"gold\">Outils essentiels de tra\u00e7abilit\u00e9 de la qualit\u00e9<\/h1>\n\t\t\t\t\t\t\t\t<\/div>\n\t\t\t\t<\/div>\n\t\t\t\t<div class=\"elementor-element elementor-element-a131e1f paragraf-400 udarno elementor-widget elementor-widget-text-editor\" data-id=\"a131e1f\" data-element_type=\"widget\" data-widget_type=\"text-editor.default\">\n\t\t\t\t<div class=\"elementor-widget-container\">\n\t\t\t\t\t\t\t\t\t<p>En plus de maintenir des normes de contr\u00f4le de la qualit\u00e9 et de respecter les sp\u00e9cifications des produits du client, les transformateurs de mati\u00e8res plastiques doivent se conformer \u00e0 de nombreux r\u00e8glements et aux normes ISO, HACCP (analyse des risques et ma\u00eetrise des points critiques), FDA et obtenir d\u2019autres certifications tout en cr\u00e9ant des environnements de production de \u00ab\u2009salle blanche\u2009\u00bb. CyFrame automatise ces processus pour \u00e9liminer les t\u00e2ches manuelles que les transformateurs doivent souvent traiter pour \u00eatre conformes \u00e0 ces r\u00e8glements.<\/p>\n\t\t\t\t\t\t\t\t<\/div>\n\t\t\t\t<\/div>\n\t\t\t\t\t<\/div>\n\t\t<\/div>\n\t\t\t\t\t<\/div>\n\t\t<\/section>\n\t\t\t\t<section data-particle_enable=\"false\" data-particle-mobile-disabled=\"false\" class=\"elementor-section elementor-top-section elementor-element elementor-element-0aeaa47 wrap_padding-top elementor-section-boxed elementor-section-height-default elementor-section-height-default\" data-id=\"0aeaa47\" data-element_type=\"section\" data-settings=\"{&quot;background_background&quot;:&quot;classic&quot;}\">\n\t\t\t\t\t\t<div class=\"elementor-container elementor-column-gap-default\">\n\t\t\t\t\t<div class=\"elementor-column elementor-col-100 elementor-top-column elementor-element elementor-element-ea361df\" data-id=\"ea361df\" data-element_type=\"column\">\n\t\t\t<div class=\"elementor-widget-wrap elementor-element-populated\">\n\t\t\t\t\t\t<div class=\"elementor-element elementor-element-cae7cc4 elementor-widget elementor-widget-text-editor\" data-id=\"cae7cc4\" data-element_type=\"widget\" data-widget_type=\"text-editor.default\">\n\t\t\t\t<div class=\"elementor-widget-container\">\n\t\t\t\t\t\t\t\t\t<h1 class=\"blue\">Fonctionnalit\u00e9s essentielles de qualit\u00e9<\/h1>\n\t\t\t\t\t\t\t\t<\/div>\n\t\t\t\t<\/div>\n\t\t\t\t<div class=\"elementor-element elementor-element-fe0fd43 paragraf-400 sub-headline elementor-widget elementor-widget-text-editor\" data-id=\"fe0fd43\" data-element_type=\"widget\" data-widget_type=\"text-editor.default\">\n\t\t\t\t<div class=\"elementor-widget-container\">\n\t\t\t\t\t\t\t\t\t<p class=\"center\"><b>Voici certaines des fonctionnalit\u00e9s essentielles de qualit\u00e9 de l\u2019entreprise int\u00e9gr\u00e9es dans notre ERP et les modules de notre MES afin de s\u2019assurer que les produits respectent les plus hautes normes et permettent aux fabricants de faire le suivi et de surveiller les contr\u00f4les de la qualit\u00e9 tout au long de la production:<\/b><\/p>\n\t\t\t\t\t\t\t\t<\/div>\n\t\t\t\t<\/div>\n\t\t\t\t\t<\/div>\n\t\t<\/div>\n\t\t\t\t\t<\/div>\n\t\t<\/section>\n\t\t\t\t<section data-particle_enable=\"false\" data-particle-mobile-disabled=\"false\" class=\"elementor-section elementor-top-section elementor-element elementor-element-f51d151 blow_molding-threeicons elementor-section-boxed elementor-section-height-default elementor-section-height-default\" data-id=\"f51d151\" data-element_type=\"section\" data-settings=\"{&quot;background_background&quot;:&quot;classic&quot;}\">\n\t\t\t\t\t\t<div class=\"elementor-container elementor-column-gap-default\">\n\t\t\t\t\t<div class=\"elementor-column elementor-col-25 elementor-top-column elementor-element elementor-element-ca603da\" data-id=\"ca603da\" data-element_type=\"column\">\n\t\t\t<div class=\"elementor-widget-wrap elementor-element-populated\">\n\t\t\t\t\t\t<div class=\"elementor-element elementor-element-74dd07a osnovno-pe elementor-widget elementor-widget-text-editor\" data-id=\"74dd07a\" data-element_type=\"widget\" data-widget_type=\"text-editor.default\">\n\t\t\t\t<div class=\"elementor-widget-container\">\n\t\t\t\t\t\t\t\t\t<ul class=\"nabr-kocka\">\n<li>R\u00e9ception des inspections de l\u2019AQ<\/li>\n<li>Entretien pr\u00e9ventif des machines et des outils<\/li>\n<li>Suivi des rebuts et du rendement de la production pour les bons de travail de la production<\/li>\n<li>Documentation des directives de l\u2019AQ pour chaque op\u00e9ration du bon de travail<\/li>\n<\/ul>\n\t\t\t\t\t\t\t\t<\/div>\n\t\t\t\t<\/div>\n\t\t\t\t\t<\/div>\n\t\t<\/div>\n\t\t\t\t<div class=\"elementor-column elementor-col-25 elementor-top-column elementor-element elementor-element-79f3d5c\" data-id=\"79f3d5c\" data-element_type=\"column\">\n\t\t\t<div class=\"elementor-widget-wrap elementor-element-populated\">\n\t\t\t\t\t\t<div class=\"elementor-element elementor-element-901f275 osnovno-pe elementor-widget elementor-widget-text-editor\" data-id=\"901f275\" data-element_type=\"widget\" data-widget_type=\"text-editor.default\">\n\t\t\t\t<div class=\"elementor-widget-container\">\n\t\t\t\t\t\t\t\t\t<ul class=\"nabr-kocka\">\n<li>Entr\u00e9es des lots des mati\u00e8res premi\u00e8res \u00e0 la r\u00e9ception et contr\u00f4les durant la production<\/li>\n<li>Num\u00e9ros de s\u00e9rie interreli\u00e9s des bo\u00eetes emball\u00e9es de la production et des palettes pour le suivi des mouvements de l\u2019inventaire<\/li>\n<li>M\u00e9thode d\u2019\u00e9tiquette de codes \u00e0 barres de la production en \u00ab\u2009salle blanche\u2009\u00bb pour maintenir une propret\u00e9 irr\u00e9prochable<\/li>\n<li>Contr\u00f4le de suivi en cours de production des machines de l\u2019aire de production, des outils et de l\u2019op\u00e9rateur<\/li>\n<\/ul>\n\t\t\t\t\t\t\t\t<\/div>\n\t\t\t\t<\/div>\n\t\t\t\t\t<\/div>\n\t\t<\/div>\n\t\t\t\t<div class=\"elementor-column elementor-col-25 elementor-top-column elementor-element elementor-element-e30c83b\" data-id=\"e30c83b\" data-element_type=\"column\">\n\t\t\t<div class=\"elementor-widget-wrap elementor-element-populated\">\n\t\t\t\t\t\t<div class=\"elementor-element elementor-element-5d14be2 osnovno-pe elementor-widget elementor-widget-text-editor\" data-id=\"5d14be2\" data-element_type=\"widget\" data-widget_type=\"text-editor.default\">\n\t\t\t\t<div class=\"elementor-widget-container\">\n\t\t\t\t\t\t\t\t\t<ul class=\"nabr-kocka\">\n<li>Tests des qualit\u00e9s de tol\u00e9rance des produits en cours de production<\/li>\n<li>Certificats de tra\u00e7abilit\u00e9 automatis\u00e9s des lots de mati\u00e8res pour les produits finis \u00e9mis \u00e0 l\u2019exp\u00e9dition<\/li>\n<li>Inspections de l\u2019AQ de l\u2019inventaire<\/li>\n<li>Processus complet de v\u00e9rification des retours d\u2019articles dans les lieux de l\u2019AQ<\/li>\n<\/ul>\n\t\t\t\t\t\t\t\t<\/div>\n\t\t\t\t<\/div>\n\t\t\t\t\t<\/div>\n\t\t<\/div>\n\t\t\t\t<div class=\"elementor-column elementor-col-25 elementor-top-column elementor-element elementor-element-de927fe\" data-id=\"de927fe\" data-element_type=\"column\">\n\t\t\t<div class=\"elementor-widget-wrap elementor-element-populated\">\n\t\t\t\t\t\t<div class=\"elementor-element elementor-element-0bb9178 osnovno-pe elementor-widget elementor-widget-text-editor\" data-id=\"0bb9178\" data-element_type=\"widget\" data-widget_type=\"text-editor.default\">\n\t\t\t\t<div class=\"elementor-widget-container\">\n\t\t\t\t\t\t\t\t\t<ul class=\"nabr-kocka\">\n<li>Pi\u00e8ce jointe universelle pour tous les processus ou pour les composants du fichier principal<\/li>\n<li>Machine and mold\/die conflicts are highlighted<\/li>\n<li>Centres d\u2019information des processus complets de transactions pour tous les types de commandes<\/li>\n<li>Contr\u00f4le de la version des outils et des produits<\/li>\n<li>Notes de l\u2019AQ sur les produits pour les configurations et les solutions \u00e0 des probl\u00e8mes pr\u00e9c\u00e9dents<\/li>\n<\/ul>\n\t\t\t\t\t\t\t\t<\/div>\n\t\t\t\t<\/div>\n\t\t\t\t\t<\/div>\n\t\t<\/div>\n\t\t\t\t\t<\/div>\n\t\t<\/section>\n\t\t\t\t<section data-particle_enable=\"false\" data-particle-mobile-disabled=\"false\" class=\"elementor-section elementor-top-section elementor-element elementor-element-c6f0eae wrap_padding-bottom elementor-section-boxed elementor-section-height-default elementor-section-height-default\" data-id=\"c6f0eae\" data-element_type=\"section\" data-settings=\"{&quot;background_background&quot;:&quot;classic&quot;}\">\n\t\t\t\t\t\t<div class=\"elementor-container elementor-column-gap-default\">\n\t\t\t\t\t<div class=\"elementor-column elementor-col-100 elementor-top-column elementor-element elementor-element-551f6a2\" data-id=\"551f6a2\" data-element_type=\"column\">\n\t\t\t<div class=\"elementor-widget-wrap elementor-element-populated\">\n\t\t\t\t\t\t<div class=\"elementor-element elementor-element-6e48776 elementor-align-center gold-kopce elementor-widget elementor-widget-button\" data-id=\"6e48776\" data-element_type=\"widget\" data-widget_type=\"button.default\">\n\t\t\t\t<div class=\"elementor-widget-container\">\n\t\t\t\t\t\t\t\t\t<div class=\"elementor-button-wrapper\">\n\t\t\t\t\t<a class=\"elementor-button elementor-button-link elementor-size-sm\" href=\"https:\/\/www.cyframe.com\/fr\/obtenez-une-presentation-gratuite\/\">\n\t\t\t\t\t\t<span class=\"elementor-button-content-wrapper\">\n\t\t\t\t\t\t\t\t\t<span class=\"elementor-button-text\">OBTENEZ UNE PR\u00c9SENTATION GRATUITE<\/span>\n\t\t\t\t\t<\/span>\n\t\t\t\t\t<\/a>\n\t\t\t\t<\/div>\n\t\t\t\t\t\t\t\t<\/div>\n\t\t\t\t<\/div>\n\t\t\t\t\t<\/div>\n\t\t<\/div>\n\t\t\t\t\t<\/div>\n\t\t<\/section>\n\t\t\t\t<section data-particle_enable=\"false\" data-particle-mobile-disabled=\"false\" class=\"elementor-section elementor-top-section elementor-element elementor-element-9e3f8f8 wrap_padding-top elementor-section-boxed elementor-section-height-default elementor-section-height-default\" data-id=\"9e3f8f8\" data-element_type=\"section\" data-settings=\"{&quot;background_background&quot;:&quot;classic&quot;}\">\n\t\t\t\t\t\t<div class=\"elementor-container elementor-column-gap-default\">\n\t\t\t\t\t<div class=\"elementor-column elementor-col-100 elementor-top-column elementor-element elementor-element-559869b\" data-id=\"559869b\" data-element_type=\"column\">\n\t\t\t<div class=\"elementor-widget-wrap elementor-element-populated\">\n\t\t\t\t\t\t<div class=\"elementor-element elementor-element-b817950 elementor-widget elementor-widget-text-editor\" data-id=\"b817950\" data-element_type=\"widget\" data-widget_type=\"text-editor.default\">\n\t\t\t\t<div class=\"elementor-widget-container\">\n\t\t\t\t\t\t\t\t\t<h1 class=\"white\">Suivi des rejets<\/h1>\n\t\t\t\t\t\t\t\t<\/div>\n\t\t\t\t<\/div>\n\t\t\t\t<div class=\"elementor-element elementor-element-1071b3b osnovno-pe elementor-widget elementor-widget-text-editor\" data-id=\"1071b3b\" data-element_type=\"widget\" data-widget_type=\"text-editor.default\">\n\t\t\t\t<div class=\"elementor-widget-container\">\n\t\t\t\t\t\t\t\t\t<p class=\"center\">Dans le module de l\u2019AQ de CyFrame, des codes de motifs sont d\u00e9finis et enregistr\u00e9s \u00e0 l\u2019aide des codes \u00e0 barres ou des \u00e9crans tactiles faciles d\u2019utilisation tout au long du processus et de la postproduction, ce qui permet une utilisation \u00e0 la minute pr\u00e8s de tous les graphiques et des capacit\u00e9s de g\u00e9n\u00e9ration de rapports. Ce processus:<\/p>\n\t\t\t\t\t\t\t\t<\/div>\n\t\t\t\t<\/div>\n\t\t\t\t\t<\/div>\n\t\t<\/div>\n\t\t\t\t\t<\/div>\n\t\t<\/section>\n\t\t\t\t<section data-particle_enable=\"false\" data-particle-mobile-disabled=\"false\" class=\"elementor-section elementor-top-section elementor-element elementor-element-ceb9f3b elementor-section-boxed elementor-section-height-default elementor-section-height-default\" data-id=\"ceb9f3b\" data-element_type=\"section\" data-settings=\"{&quot;background_background&quot;:&quot;classic&quot;}\">\n\t\t\t\t\t\t<div class=\"elementor-container elementor-column-gap-default\">\n\t\t\t\t\t<div class=\"elementor-column elementor-col-100 elementor-top-column elementor-element elementor-element-c2f46b7\" data-id=\"c2f46b7\" data-element_type=\"column\">\n\t\t\t<div class=\"elementor-widget-wrap elementor-element-populated\">\n\t\t\t\t\t\t<div class=\"elementor-element elementor-element-a2275fb osnovno-pe wrap_padding-middle elementor-widget elementor-widget-text-editor\" data-id=\"a2275fb\" data-element_type=\"widget\" data-widget_type=\"text-editor.default\">\n\t\t\t\t<div class=\"elementor-widget-container\">\n\t\t\t\t\t\t\t\t\t<ul class=\"nabr-kocka\">\n<li>\u00c9limine les obligations de d\u00e9claration manuelle fastidieuse de l\u2019AQ<\/li>\n<li>Fournit une r\u00e9troaction professionnelle du respect des \u00e9ch\u00e9ances de livraison aux clients<\/li>\n<li>Vous aide \u00e0 accorder la priorit\u00e9 \u00e0 la qualit\u00e9 de vos produits<\/li>\n<\/ul>\n\t\t\t\t\t\t\t\t<\/div>\n\t\t\t\t<\/div>\n\t\t\t\t\t<\/div>\n\t\t<\/div>\n\t\t\t\t\t<\/div>\n\t\t<\/section>\n\t\t\t\t<section data-particle_enable=\"false\" data-particle-mobile-disabled=\"false\" class=\"elementor-section elementor-top-section elementor-element elementor-element-bc2d506 wrap_padding-bottom elementor-section-boxed elementor-section-height-default elementor-section-height-default\" data-id=\"bc2d506\" data-element_type=\"section\" data-settings=\"{&quot;background_background&quot;:&quot;classic&quot;}\">\n\t\t\t\t\t\t<div class=\"elementor-container elementor-column-gap-default\">\n\t\t\t\t\t<div class=\"elementor-column elementor-col-100 elementor-top-column elementor-element elementor-element-421d21e\" data-id=\"421d21e\" data-element_type=\"column\">\n\t\t\t<div class=\"elementor-widget-wrap elementor-element-populated\">\n\t\t\t\t\t\t<div class=\"elementor-element elementor-element-4b4c1bc osnovno-pe elementor-widget elementor-widget-text-editor\" data-id=\"4b4c1bc\" data-element_type=\"widget\" data-widget_type=\"text-editor.default\">\n\t\t\t\t<div class=\"elementor-widget-container\">\n\t\t\t\t\t\t\t\t\t<p class=\"center\">L\u2019un des aspects les plus importants du suivi des rejets de l\u2019AQ est l\u2019enregistrement automatique des donn\u00e9es facilement accessibles. Notre syst\u00e8me pr\u00e9sente les rendements, les codes de motifs et les mesures correctives n\u00e9cessaires et fournit toujours une tra\u00e7abilit\u00e9 compl\u00e8te jusqu\u2019\u00e0 l\u2019op\u00e9rateur et l\u2019inspecteur.<\/p>\n\t\t\t\t\t\t\t\t<\/div>\n\t\t\t\t<\/div>\n\t\t\t\t\t<\/div>\n\t\t<\/div>\n\t\t\t\t\t<\/div>\n\t\t<\/section>\n\t\t\t\t<section data-particle_enable=\"false\" data-particle-mobile-disabled=\"false\" class=\"elementor-section elementor-top-section elementor-element elementor-element-84dc41e wrap_padding elementor-section-boxed elementor-section-height-default elementor-section-height-default\" data-id=\"84dc41e\" data-element_type=\"section\" data-settings=\"{&quot;background_background&quot;:&quot;classic&quot;}\">\n\t\t\t\t\t\t<div class=\"elementor-container elementor-column-gap-default\">\n\t\t\t\t\t<div class=\"elementor-column elementor-col-100 elementor-top-column elementor-element elementor-element-892c55a\" data-id=\"892c55a\" data-element_type=\"column\">\n\t\t\t<div class=\"elementor-widget-wrap elementor-element-populated\">\n\t\t\t\t\t\t<div class=\"elementor-element elementor-element-7b26a30 elementor-widget elementor-widget-text-editor\" data-id=\"7b26a30\" data-element_type=\"widget\" data-widget_type=\"text-editor.default\">\n\t\t\t\t<div class=\"elementor-widget-container\">\n\t\t\t\t\t\t\t\t\t<h1 class=\"blue\">Suivi et g\u00e9n\u00e9ration de rapports<\/h1>\n\t\t\t\t\t\t\t\t<\/div>\n\t\t\t\t<\/div>\n\t\t\t\t<div class=\"elementor-element elementor-element-1451503 osnovno-pe elementor-widget elementor-widget-text-editor\" data-id=\"1451503\" data-element_type=\"widget\" data-widget_type=\"text-editor.default\">\n\t\t\t\t<div class=\"elementor-widget-container\">\n\t\t\t\t\t\t\t\t\t<p class=\"center\">CyFrame fournit tous les outils n\u00e9cessaires pour permettre une tra\u00e7abilit\u00e9 compl\u00e8te des produits et \u00e9limine tous les enregistrements manuels de qualit\u00e9 de l\u2019aire de production qui provoquent souvent des erreurs humaines et entra\u00eenent une perte de temps et de main-d\u2019\u0153uvre, ainsi que de l\u2019information fragment\u00e9e. L\u2019avantage du module de l\u2019AQ de CyFrame est de fournir des rapports de contr\u00f4le de la qualit\u00e9 transparents en temps r\u00e9el, visible dans l\u2019ensemble de l\u2019usine.<\/p>\n\t\t\t\t\t\t\t\t<\/div>\n\t\t\t\t<\/div>\n\t\t\t\t<div class=\"elementor-element elementor-element-8c946c7 elementor-align-center gold-kopce elementor-widget elementor-widget-button\" data-id=\"8c946c7\" data-element_type=\"widget\" data-widget_type=\"button.default\">\n\t\t\t\t<div class=\"elementor-widget-container\">\n\t\t\t\t\t\t\t\t\t<div class=\"elementor-button-wrapper\">\n\t\t\t\t\t<a class=\"elementor-button elementor-button-link elementor-size-sm\" href=\"https:\/\/www.cyframe.com\/fr\/obtenez-une-presentation-gratuite\/\">\n\t\t\t\t\t\t<span class=\"elementor-button-content-wrapper\">\n\t\t\t\t\t\t\t\t\t<span class=\"elementor-button-text\">DEMANDEZ UNE PR\u00c9SENTATION<\/span>\n\t\t\t\t\t<\/span>\n\t\t\t\t\t<\/a>\n\t\t\t\t<\/div>\n\t\t\t\t\t\t\t\t<\/div>\n\t\t\t\t<\/div>\n\t\t\t\t\t<\/div>\n\t\t<\/div>\n\t\t\t\t\t<\/div>\n\t\t<\/section>\n\t\t\t\t<\/div>\n\t\t","protected":false},"excerpt":{"rendered":"<p>Gestion de la qualit\u00e9 Outils essentiels de tra\u00e7abilit\u00e9 de la qualit\u00e9 En plus de maintenir des normes de contr\u00f4le de la qualit\u00e9 et de respecter les sp\u00e9cifications des produits du client, les transformateurs de mati\u00e8res plastiques doivent se conformer \u00e0 de nombreux r\u00e8glements et aux normes ISO, HACCP (analyse des risques et ma\u00eetrise des points [&hellip;]<\/p>\n","protected":false},"author":3,"featured_media":0,"parent":0,"menu_order":0,"comment_status":"closed","ping_status":"closed","template":"","meta":{"content-type":"","footnotes":""},"class_list":["post-2376","page","type-page","status-publish","hentry"],"_links":{"self":[{"href":"https:\/\/www.cyframe.com\/fr\/wp-json\/wp\/v2\/pages\/2376","targetHints":{"allow":["GET"]}}],"collection":[{"href":"https:\/\/www.cyframe.com\/fr\/wp-json\/wp\/v2\/pages"}],"about":[{"href":"https:\/\/www.cyframe.com\/fr\/wp-json\/wp\/v2\/types\/page"}],"author":[{"embeddable":true,"href":"https:\/\/www.cyframe.com\/fr\/wp-json\/wp\/v2\/users\/3"}],"replies":[{"embeddable":true,"href":"https:\/\/www.cyframe.com\/fr\/wp-json\/wp\/v2\/comments?post=2376"}],"version-history":[{"count":11,"href":"https:\/\/www.cyframe.com\/fr\/wp-json\/wp\/v2\/pages\/2376\/revisions"}],"predecessor-version":[{"id":5833,"href":"https:\/\/www.cyframe.com\/fr\/wp-json\/wp\/v2\/pages\/2376\/revisions\/5833"}],"wp:attachment":[{"href":"https:\/\/www.cyframe.com\/fr\/wp-json\/wp\/v2\/media?parent=2376"}],"curies":[{"name":"wp","href":"https:\/\/api.w.org\/{rel}","templated":true}]}}