{"id":2354,"date":"2020-10-12T21:20:04","date_gmt":"2020-10-12T21:20:04","guid":{"rendered":"https:\/\/www.cyframe.com\/home\/"},"modified":"2023-10-06T12:28:45","modified_gmt":"2023-10-06T16:28:45","slug":"accueil","status":"publish","type":"page","link":"https:\/\/www.cyframe.com\/fr\/","title":{"rendered":"Accueil"},"content":{"rendered":"\t\t<div data-elementor-type=\"wp-page\" data-elementor-id=\"2354\" class=\"elementor elementor-2354 elementor-104\" data-elementor-post-type=\"page\">\n\t\t\t\t\t\t<section data-particle_enable=\"false\" data-particle-mobile-disabled=\"false\" class=\"elementor-section elementor-top-section elementor-element elementor-element-ca860fa elementor-section-boxed elementor-section-height-default elementor-section-height-default\" data-id=\"ca860fa\" data-element_type=\"section\">\n\t\t\t\t\t\t<div class=\"elementor-container elementor-column-gap-default\">\n\t\t\t\t\t<div class=\"elementor-column elementor-col-100 elementor-top-column elementor-element elementor-element-dc193b8\" data-id=\"dc193b8\" data-element_type=\"column\">\n\t\t\t<div class=\"elementor-widget-wrap elementor-element-populated\">\n\t\t\t\t\t\t<div class=\"elementor-element elementor-element-b8eefa7 elementor-widget elementor-widget-heading\" data-id=\"b8eefa7\" data-element_type=\"widget\" data-widget_type=\"heading.default\">\n\t\t\t\t<div class=\"elementor-widget-container\">\n\t\t\t\t\t<h2 class=\"elementor-heading-title elementor-size-default\">Articles<\/h2>\t\t\t\t<\/div>\n\t\t\t\t<\/div>\n\t\t\t\t\t<\/div>\n\t\t<\/div>\n\t\t\t\t\t<\/div>\n\t\t<\/section>\n\t\t\t\t<section data-particle_enable=\"false\" data-particle-mobile-disabled=\"false\" class=\"elementor-section elementor-top-section elementor-element elementor-element-1f159620 elementor-section-full_width elementor-section-height-default elementor-section-height-default\" data-id=\"1f159620\" data-element_type=\"section\">\n\t\t\t\t\t\t<div class=\"elementor-container elementor-column-gap-no\">\n\t\t\t\t\t<div class=\"elementor-column elementor-col-100 elementor-top-column elementor-element elementor-element-2653c03f\" data-id=\"2653c03f\" data-element_type=\"column\">\n\t\t\t<div class=\"elementor-widget-wrap elementor-element-populated\">\n\t\t\t\t\t\t<div class=\"elementor-element elementor-element-44ba7a94 elementor--h-position-center elementor--v-position-middle elementor-arrows-position-inside elementor-pagination-position-inside elementor-widget elementor-widget-slides\" data-id=\"44ba7a94\" data-element_type=\"widget\" data-settings=\"{&quot;transition_speed&quot;:600,&quot;navigation&quot;:&quot;both&quot;,&quot;autoplay&quot;:&quot;yes&quot;,&quot;pause_on_hover&quot;:&quot;yes&quot;,&quot;pause_on_interaction&quot;:&quot;yes&quot;,&quot;autoplay_speed&quot;:5000,&quot;infinite&quot;:&quot;yes&quot;,&quot;transition&quot;:&quot;slide&quot;}\" data-widget_type=\"slides.default\">\n\t\t\t\t<div class=\"elementor-widget-container\">\n\t\t\t\t\t\t\t\t\t<div class=\"elementor-swiper\">\n\t\t\t\t\t<div class=\"elementor-slides-wrapper elementor-main-swiper swiper\" role=\"region\" aria-roledescription=\"carousel\" aria-label=\"Diapositives\" dir=\"ltr\" data-animation=\"fadeInUp\">\n\t\t\t\t<div class=\"swiper-wrapper elementor-slides\">\n\t\t\t\t\t\t\t\t\t\t<div class=\"elementor-repeater-item-3b0488b swiper-slide\" role=\"group\" aria-roledescription=\"slide\"><div class=\"swiper-slide-bg\" role=\"img\"><\/div><a class=\"swiper-slide-inner\" href=\"https:\/\/www.cyframe.com\/fr\/votre-approche-a-la-tarification-pourrait-tuer-votre-entreprise\/\"><div class=\"swiper-slide-contents\"><div class=\"elementor-slide-heading\">Votre approche \u00e0 la tarification pourrait tuer votre entreprise<\/div><div class=\"elementor-slide-description\"><p>Lisez notre nouvel article sur les plastiques aujourd'hui et d\u00e9couvrez de meilleures fa\u00e7ons de calculer les co\u00fbts<\/p>\n<\/div><div  class=\"elementor-button elementor-slide-button elementor-size-sm\">En Savoir Plus<\/div><\/div><\/a><\/div><div class=\"elementor-repeater-item-e3ac4b1 swiper-slide\" role=\"group\" aria-roledescription=\"slide\"><div class=\"swiper-slide-bg\" role=\"img\"><\/div><a class=\"swiper-slide-inner\" href=\"https:\/\/www.cyframe.com\/fr\/erp-pour-les-plastiques\/\"><div class=\"swiper-slide-contents\"><div class=\"elementor-slide-heading\">Un ERP con\u00e7u pour la croissance des entreprises de l\u2019industrie du plastique<\/div><div class=\"elementor-slide-description\"><p>Une solution compl\u00e8te pour l\u2019entreprise et l\u2019usine de production.<\/p>\n<\/div><div  class=\"elementor-button elementor-slide-button elementor-size-sm\">En Savoir Plus<\/div><\/div><\/a><\/div><div class=\"elementor-repeater-item-fc6f67d swiper-slide\" role=\"group\" aria-roledescription=\"slide\"><div class=\"swiper-slide-bg\" role=\"img\"><\/div><a class=\"swiper-slide-inner\" href=\"https:\/\/www.cyframe.com\/fr\/acquisition-des-donnees-de-laire-de-production-du-mes\/\"><div class=\"swiper-slide-contents\"><div class=\"elementor-slide-heading\">Surveiller les donn\u00e9es de l\u2019usine en temps r\u00e9el<\/div><div class=\"elementor-slide-description\"><p>Surveiller les donn\u00e9es de l\u2019usine en temps r\u00e9el<\/p>\n<\/div><div  class=\"elementor-button elementor-slide-button elementor-size-sm\">En Savoir Plus<\/div><\/div><\/a><\/div><div class=\"elementor-repeater-item-37bf3f8 swiper-slide\" role=\"group\" aria-roledescription=\"slide\"><div class=\"swiper-slide-bg\" role=\"img\"><\/div><a class=\"swiper-slide-inner\" href=\"https:\/\/www.cyframe.com\/fr\/projets-de-deploiement\/\"><div class=\"swiper-slide-contents\"><div class=\"elementor-slide-heading\">Donner un \u00e9lan \u00e0 votre r\u00e9ussite<\/div><div class=\"elementor-slide-description\"><p>Notre approche unique \u00e9limine les risques, r\u00e9duit les co\u00fbts et am\u00e9liore le rendement.<\/p>\n<\/div><div  class=\"elementor-button elementor-slide-button elementor-size-sm\">En Savoir Plus<\/div><\/div><\/a><\/div><div class=\"elementor-repeater-item-3b82265 swiper-slide\" role=\"group\" aria-roledescription=\"slide\"><div class=\"swiper-slide-bg\" role=\"img\"><\/div><a class=\"swiper-slide-inner\" href=\"https:\/\/www.cyframe.com\/fr\/projets-speciaux\/\"><div class=\"swiper-slide-contents\"><div class=\"elementor-slide-heading\">30 ann\u00e9es d\u2019exp\u00e9rience de l\u2019industrie \u00e0 votre service<\/div><div class=\"elementor-slide-description\"><p>Votre partenaire des projets logiciels.<\/p>\n<\/div><div  class=\"elementor-button elementor-slide-button elementor-size-sm\">En Savoir Plus<\/div><\/div><\/a><\/div>\t\t\t\t<\/div>\n\t\t\t\t\t\t\t\t\t\t\t\t\t\t\t<div class=\"elementor-swiper-button elementor-swiper-button-prev\" role=\"button\" tabindex=\"0\" aria-label=\"Diapositive pr\u00e9c\u00e9dente\">\n\t\t\t\t\t\t\t<i aria-hidden=\"true\" class=\"eicon-chevron-left\"><\/i>\t\t\t\t\t\t<\/div>\n\t\t\t\t\t\t<div class=\"elementor-swiper-button elementor-swiper-button-next\" role=\"button\" tabindex=\"0\" aria-label=\"Diapositive suivante\">\n\t\t\t\t\t\t\t<i aria-hidden=\"true\" class=\"eicon-chevron-right\"><\/i>\t\t\t\t\t\t<\/div>\n\t\t\t\t\t\t\t\t\t\t\t\t\t\t\t\t<div class=\"swiper-pagination\"><\/div>\n\t\t\t\t\t\t\t\t\t\t\t\t<\/div>\n\t\t\t\t<\/div>\n\t\t\t\t\t\t\t\t<\/div>\n\t\t\t\t<\/div>\n\t\t\t\t\t<\/div>\n\t\t<\/div>\n\t\t\t\t\t<\/div>\n\t\t<\/section>\n\t\t\t\t<\/div>\n\t\t","protected":false},"excerpt":{"rendered":"<p>Articles Votre approche \u00e0 la tarification pourrait tuer votre entreprise Lisez notre nouvel article sur les plastiques aujourd&rsquo;hui et d\u00e9couvrez de meilleures fa\u00e7ons de calculer les co\u00fbts En Savoir PlusUn ERP con\u00e7u pour la croissance des entreprises de l\u2019industrie du plastique Une solution compl\u00e8te pour l\u2019entreprise et l\u2019usine de production. En Savoir PlusSurveiller les donn\u00e9es [&hellip;]<\/p>\n","protected":false},"author":1,"featured_media":0,"parent":0,"menu_order":0,"comment_status":"closed","ping_status":"closed","template":"","meta":{"content-type":"","footnotes":""},"class_list":["post-2354","page","type-page","status-publish","hentry"],"_links":{"self":[{"href":"https:\/\/www.cyframe.com\/fr\/wp-json\/wp\/v2\/pages\/2354","targetHints":{"allow":["GET"]}}],"collection":[{"href":"https:\/\/www.cyframe.com\/fr\/wp-json\/wp\/v2\/pages"}],"about":[{"href":"https:\/\/www.cyframe.com\/fr\/wp-json\/wp\/v2\/types\/page"}],"author":[{"embeddable":true,"href":"https:\/\/www.cyframe.com\/fr\/wp-json\/wp\/v2\/users\/1"}],"replies":[{"embeddable":true,"href":"https:\/\/www.cyframe.com\/fr\/wp-json\/wp\/v2\/comments?post=2354"}],"version-history":[{"count":7,"href":"https:\/\/www.cyframe.com\/fr\/wp-json\/wp\/v2\/pages\/2354\/revisions"}],"predecessor-version":[{"id":7947,"href":"https:\/\/www.cyframe.com\/fr\/wp-json\/wp\/v2\/pages\/2354\/revisions\/7947"}],"wp:attachment":[{"href":"https:\/\/www.cyframe.com\/fr\/wp-json\/wp\/v2\/media?parent=2354"}],"curies":[{"name":"wp","href":"https:\/\/api.w.org\/{rel}","templated":true}]}}