{"id":2279,"date":"2020-10-14T11:15:34","date_gmt":"2020-10-14T11:15:34","guid":{"rendered":"https:\/\/www.cyframe.com\/jump-start\/"},"modified":"2020-12-17T15:46:59","modified_gmt":"2020-12-17T15:46:59","slug":"projets-de-deploiement","status":"publish","type":"page","link":"https:\/\/www.cyframe.com\/fr\/projets-de-deploiement\/","title":{"rendered":"Projets de d\u00e9ploiement"},"content":{"rendered":"\t\t<div data-elementor-type=\"wp-page\" data-elementor-id=\"2279\" class=\"elementor elementor-2279 elementor-297\" data-elementor-post-type=\"page\">\n\t\t\t\t\t\t<section data-particle_enable=\"false\" data-particle-mobile-disabled=\"false\" class=\"elementor-section elementor-top-section elementor-element elementor-element-e6d59f5 elementor-section-boxed elementor-section-height-default elementor-section-height-default\" data-id=\"e6d59f5\" data-element_type=\"section\" data-settings=\"{&quot;background_background&quot;:&quot;classic&quot;}\">\n\t\t\t\t\t\t<div class=\"elementor-container elementor-column-gap-default\">\n\t\t\t\t\t<div class=\"elementor-column elementor-col-100 elementor-top-column elementor-element elementor-element-57d9419\" data-id=\"57d9419\" data-element_type=\"column\">\n\t\t\t<div class=\"elementor-widget-wrap elementor-element-populated\">\n\t\t\t\t\t\t<div class=\"elementor-element elementor-element-4303a1e elementor-widget elementor-widget-heading\" data-id=\"4303a1e\" data-element_type=\"widget\" data-widget_type=\"heading.default\">\n\t\t\t\t<div class=\"elementor-widget-container\">\n\t\t\t\t\t<h1 class=\"elementor-heading-title elementor-size-default\">Projets de d\u00e9ploiement<\/h1>\t\t\t\t<\/div>\n\t\t\t\t<\/div>\n\t\t\t\t\t<\/div>\n\t\t<\/div>\n\t\t\t\t\t<\/div>\n\t\t<\/section>\n\t\t\t\t<section data-particle_enable=\"false\" data-particle-mobile-disabled=\"false\" class=\"elementor-section elementor-top-section elementor-element elementor-element-8c3ec5a wrap_padding elementor-section-boxed elementor-section-height-default elementor-section-height-default\" data-id=\"8c3ec5a\" data-element_type=\"section\">\n\t\t\t\t\t\t<div class=\"elementor-container elementor-column-gap-default\">\n\t\t\t\t\t<div class=\"elementor-column elementor-col-100 elementor-top-column elementor-element elementor-element-1860f49\" data-id=\"1860f49\" data-element_type=\"column\">\n\t\t\t<div class=\"elementor-widget-wrap elementor-element-populated\">\n\t\t\t\t\t\t<div class=\"elementor-element elementor-element-5fcba19 elementor-widget elementor-widget-text-editor\" data-id=\"5fcba19\" data-element_type=\"widget\" data-widget_type=\"text-editor.default\">\n\t\t\t\t<div class=\"elementor-widget-container\">\n\t\t\t\t\t\t\t\t\t<h1 class=\"gold\">Donner un \u00e9lan \u00e0 votre r\u00e9ussite<\/h1>\n\t\t\t\t\t\t\t\t<\/div>\n\t\t\t\t<\/div>\n\t\t\t\t<div class=\"elementor-element elementor-element-a131e1f paragraf-400 udarno elementor-widget elementor-widget-text-editor\" data-id=\"a131e1f\" data-element_type=\"widget\" data-widget_type=\"text-editor.default\">\n\t\t\t\t<div class=\"elementor-widget-container\">\n\t\t\t\t\t\t\t\t\t<p style=\"text-align: center;\"><span style=\"color: #1b3a5d; font-size: 24px;\">CyFrame a \u00e9labor\u00e9 son programme \u00ab\u2009Donner un \u00e9lan \u00e0 votre r\u00e9ussite\u2009\u00bb pour assurer le d\u00e9ploiement du nouveau ERP de ses clients afin qu\u2019ils en tirent pleinement avantage et am\u00e9liorent la rentabilit\u00e9 et l\u2019efficacit\u00e9 de leur entreprise.<\/span><\/p>\n<p style=\"text-align: center;\"><span style=\"color: #1b3a5d; font-size: 24px;\">Le programme Donner un \u00e9lan est con\u00e7u pour garantir un taux de d\u00e9ploiement de 100 % et r\u00e9pondre aux nombreux d\u00e9fis qui font en sorte que seulement 25 % des ERP sont pleinement mis en \u0153uvre dans de nombreux secteurs industriels.<\/span><\/p>\n<p style=\"text-align: center;\"><span style=\"color: #1b3a5d; font-size: 24px;\">Une exp\u00e9rience de plusieurs d\u00e9cennies dans le d\u00e9ploiement de solutions ERP dans l\u2019industrie du plastique permet d\u2019orienter les fabricants au moyen d\u2019une s\u00e9rie d\u2019\u00e9tapes strat\u00e9giques.<\/span><\/p>\n<p style=\"text-align: center;\"><span style=\"color: #1b3a5d; font-size: 24px;\">Ensemble, nous allons r\u00e9duire au minimum les risques initiaux et nous assurer que votre \u00e9quipe est mobilis\u00e9e d\u00e8s le d\u00e9part en fournissant la formation requise pour que vos employ\u00e9s de soutien puissent utiliser pleinement et efficacement l\u2019ERP.<\/span><\/p>\n\t\t\t\t\t\t\t\t<\/div>\n\t\t\t\t<\/div>\n\t\t\t\t\t<\/div>\n\t\t<\/div>\n\t\t\t\t\t<\/div>\n\t\t<\/section>\n\t\t\t\t<section data-particle_enable=\"false\" data-particle-mobile-disabled=\"false\" class=\"elementor-section elementor-top-section elementor-element elementor-element-ee00755 wrap_padding-top elementor-section-boxed elementor-section-height-default elementor-section-height-default\" data-id=\"ee00755\" data-element_type=\"section\" data-settings=\"{&quot;background_background&quot;:&quot;classic&quot;}\">\n\t\t\t\t\t\t<div class=\"elementor-container elementor-column-gap-default\">\n\t\t\t\t\t<div class=\"elementor-column elementor-col-100 elementor-top-column elementor-element elementor-element-236b9d2\" data-id=\"236b9d2\" data-element_type=\"column\">\n\t\t\t<div class=\"elementor-widget-wrap elementor-element-populated\">\n\t\t\t\t\t\t<div class=\"elementor-element elementor-element-2e29773 elementor-widget elementor-widget-text-editor\" data-id=\"2e29773\" data-element_type=\"widget\" data-widget_type=\"text-editor.default\">\n\t\t\t\t<div class=\"elementor-widget-container\">\n\t\t\t\t\t\t\t\t\t<h1 class=\"blue\">Une approche \u00e9tape par \u00e9tape<\/h1>\n\t\t\t\t\t\t\t\t<\/div>\n\t\t\t\t<\/div>\n\t\t\t\t\t<\/div>\n\t\t<\/div>\n\t\t\t\t\t<\/div>\n\t\t<\/section>\n\t\t\t\t<section data-particle_enable=\"false\" data-particle-mobile-disabled=\"false\" class=\"elementor-section elementor-top-section elementor-element elementor-element-e02da59 blow_molding-threeicons wrap_padding-bottom elementor-section-boxed elementor-section-height-default elementor-section-height-default\" data-id=\"e02da59\" data-element_type=\"section\" data-settings=\"{&quot;background_background&quot;:&quot;classic&quot;}\">\n\t\t\t\t\t\t<div class=\"elementor-container elementor-column-gap-default\">\n\t\t\t\t\t<div class=\"elementor-column elementor-col-33 elementor-top-column elementor-element elementor-element-e38ecfa\" data-id=\"e38ecfa\" data-element_type=\"column\">\n\t\t\t<div class=\"elementor-widget-wrap elementor-element-populated\">\n\t\t\t\t\t\t<div class=\"elementor-element elementor-element-cfebbd9 osnovno-pe elementor-widget elementor-widget-text-editor\" data-id=\"cfebbd9\" data-element_type=\"widget\" data-widget_type=\"text-editor.default\">\n\t\t\t\t<div class=\"elementor-widget-container\">\n\t\t\t\t\t\t\t\t\t<h3><strong>\u00c9liminer les risques<\/strong><\/h3>\n<p>CyFrame fournit un soutien initial et continu qui garantit que les objectifs et les cibles de rendement de votre ERP soient atteints. Nous tirons profit de nos \u00e9tapes \u00e9labor\u00e9es strat\u00e9giquement pour r\u00e9pondre aux probl\u00e8mes les plus courants et aux d\u00e9fis les plus inattendus.<\/p>\n\t\t\t\t\t\t\t\t<\/div>\n\t\t\t\t<\/div>\n\t\t\t\t\t<\/div>\n\t\t<\/div>\n\t\t\t\t<div class=\"elementor-column elementor-col-33 elementor-top-column elementor-element elementor-element-412e33a\" data-id=\"412e33a\" data-element_type=\"column\">\n\t\t\t<div class=\"elementor-widget-wrap elementor-element-populated\">\n\t\t\t\t\t\t<div class=\"elementor-element elementor-element-5c3029f osnovno-pe elementor-widget elementor-widget-text-editor\" data-id=\"5c3029f\" data-element_type=\"widget\" data-widget_type=\"text-editor.default\">\n\t\t\t\t<div class=\"elementor-widget-container\">\n\t\t\t\t\t\t\t\t\t<h3><strong>Cr\u00e9er une dynamique<\/strong><\/h3>\n<p>CyFrame \u00e9tablit un partenariat avec la haute direction et l\u2019ensemble des membres essentiels de l\u2019\u00e9quipe pour appuyer une mobilisation compl\u00e8te envers l\u2019ERP et pour renforcer leur engagement \u00e0 produire des r\u00e9sultats concrets.<\/p>\n\t\t\t\t\t\t\t\t<\/div>\n\t\t\t\t<\/div>\n\t\t\t\t\t<\/div>\n\t\t<\/div>\n\t\t\t\t<div class=\"elementor-column elementor-col-33 elementor-top-column elementor-element elementor-element-0901a38\" data-id=\"0901a38\" data-element_type=\"column\">\n\t\t\t<div class=\"elementor-widget-wrap elementor-element-populated\">\n\t\t\t\t\t\t<div class=\"elementor-element elementor-element-717242f osnovno-pe elementor-widget elementor-widget-text-editor\" data-id=\"717242f\" data-element_type=\"widget\" data-widget_type=\"text-editor.default\">\n\t\t\t\t<div class=\"elementor-widget-container\">\n\t\t\t\t\t\t\t\t\t<h3><strong>Assurer le succ\u00e8s<\/strong><\/h3>\n<p>Le programme rigoureux de CyFrame Donner un \u00e9lan comprend plusieurs simulations, des m\u00e9thodes efficaces de chargement des donn\u00e9es et une formation de \u00ab\u2009survie\u2009\u00bb qui optimise les performances et maximise le succ\u00e8s de l\u2019ensemble de l\u2019organisation.<\/p>\n\t\t\t\t\t\t\t\t<\/div>\n\t\t\t\t<\/div>\n\t\t\t\t\t<\/div>\n\t\t<\/div>\n\t\t\t\t\t<\/div>\n\t\t<\/section>\n\t\t\t\t<section data-particle_enable=\"false\" data-particle-mobile-disabled=\"false\" class=\"elementor-section elementor-top-section elementor-element elementor-element-2705db8 wrap_padding-najdole elementor-section-boxed elementor-section-height-default elementor-section-height-default\" data-id=\"2705db8\" data-element_type=\"section\" data-settings=\"{&quot;background_background&quot;:&quot;classic&quot;}\">\n\t\t\t\t\t\t<div class=\"elementor-container elementor-column-gap-default\">\n\t\t\t\t\t<div class=\"elementor-column elementor-col-100 elementor-top-column elementor-element elementor-element-f5fb524\" data-id=\"f5fb524\" data-element_type=\"column\">\n\t\t\t<div class=\"elementor-widget-wrap elementor-element-populated\">\n\t\t\t\t\t\t<div class=\"elementor-element elementor-element-1dc3c59 elementor-widget elementor-widget-text-editor\" data-id=\"1dc3c59\" data-element_type=\"widget\" data-widget_type=\"text-editor.default\">\n\t\t\t\t<div class=\"elementor-widget-container\">\n\t\t\t\t\t\t\t\t\t<h1 class=\"gold\">Importantes ressources connexes<\/h1>\n\t\t\t\t\t\t\t\t<\/div>\n\t\t\t\t<\/div>\n\t\t\t\t\t<\/div>\n\t\t<\/div>\n\t\t\t\t\t<\/div>\n\t\t<\/section>\n\t\t\t\t<section data-particle_enable=\"false\" data-particle-mobile-disabled=\"false\" class=\"elementor-section elementor-top-section elementor-element elementor-element-bf7ae39 wrap_padding-bottom elementor-section-boxed elementor-section-height-default elementor-section-height-default\" data-id=\"bf7ae39\" data-element_type=\"section\" data-settings=\"{&quot;background_background&quot;:&quot;classic&quot;}\">\n\t\t\t\t\t\t<div class=\"elementor-container elementor-column-gap-default\">\n\t\t\t\t\t<div class=\"elementor-column elementor-col-50 elementor-top-column elementor-element elementor-element-73e591c\" data-id=\"73e591c\" data-element_type=\"column\">\n\t\t\t<div class=\"elementor-widget-wrap elementor-element-populated\">\n\t\t\t\t\t\t<div class=\"elementor-element elementor-element-e5afd65 zatemneti_fotki elementor-widget elementor-widget-text-editor\" data-id=\"e5afd65\" data-element_type=\"widget\" data-widget_type=\"text-editor.default\">\n\t\t\t\t<div class=\"elementor-widget-container\">\n\t\t\t\t\t\t\t\t\t<h5><a href=\"\/fr\/category\/resource\/whitepapers\/\">LIVRES BLANCS,<\/a> <a href=\"\/fr\/category\/resource\/\" rel=\"category tag\">Resources<\/a><\/h5>\n<h3><a href=\"\/fr\/faites-de-votre-prochaine-solution-erp-la-decision-la-plus-rentable-pour-vos-operations-de-traitement-du-plastique\/\"> Faites de votre prochaine solution ERP la d\u00e9cision la plus rentable pour vos op\u00e9rations de traitement du plastique <\/a><\/h3>\n<p><a href=\"\/fr\/faites-de-votre-prochaine-solution-erp-la-decision-la-plus-rentable-pour-vos-operations-de-traitement-du-plastique\/\"><button> En Savoir Plus <\/button><\/a><\/p>\n\t\t\t\t\t\t\t\t<\/div>\n\t\t\t\t<\/div>\n\t\t\t\t\t<\/div>\n\t\t<\/div>\n\t\t\t\t<div class=\"elementor-column elementor-col-50 elementor-top-column elementor-element elementor-element-e09a06e\" data-id=\"e09a06e\" data-element_type=\"column\">\n\t\t\t<div class=\"elementor-widget-wrap elementor-element-populated\">\n\t\t\t\t\t\t<div class=\"elementor-element elementor-element-dd125db zatemneti_fotki elementor-widget elementor-widget-text-editor\" data-id=\"dd125db\" data-element_type=\"widget\" data-widget_type=\"text-editor.default\">\n\t\t\t\t<div class=\"elementor-widget-container\">\n\t\t\t\t\t\t\t\t\t<h5><a href=\"\/fr\/category\/ressources\/case-studies-fr\/\"> CAS D&rsquo;\u00c9TUDES <\/a>, <a href=\"\/fr\/category\/ressources\/\" rel=\"category tag\"> RESSOURCES <\/a><\/h5>\n<h3><a href=\"\/fr\/resultat-de-la-mise-en-oeuvre-dun-erp-avec-cyframe\/\"> R\u00e9sultat de la mise en oeuvre d\u2019un ERP avec CyFrame <\/a><\/h3>\n<p><a href=\"\/fr\/resultat-de-la-mise-en-oeuvre-dun-erp-avec-cyframe\/\"><button> En Savoir Plus <\/button><\/a><\/p>\n\t\t\t\t\t\t\t\t<\/div>\n\t\t\t\t<\/div>\n\t\t\t\t\t<\/div>\n\t\t<\/div>\n\t\t\t\t\t<\/div>\n\t\t<\/section>\n\t\t\t\t<\/div>\n\t\t","protected":false},"excerpt":{"rendered":"<p>Projets de d\u00e9ploiement Donner un \u00e9lan \u00e0 votre r\u00e9ussite CyFrame a \u00e9labor\u00e9 son programme \u00ab\u2009Donner un \u00e9lan \u00e0 votre r\u00e9ussite\u2009\u00bb pour assurer le d\u00e9ploiement du nouveau ERP de ses clients afin qu\u2019ils en tirent pleinement avantage et am\u00e9liorent la rentabilit\u00e9 et l\u2019efficacit\u00e9 de leur entreprise. Le programme Donner un \u00e9lan est con\u00e7u pour garantir un [&hellip;]<\/p>\n","protected":false},"author":1,"featured_media":0,"parent":0,"menu_order":0,"comment_status":"closed","ping_status":"closed","template":"","meta":{"content-type":"","footnotes":""},"class_list":["post-2279","page","type-page","status-publish","hentry"],"_links":{"self":[{"href":"https:\/\/www.cyframe.com\/fr\/wp-json\/wp\/v2\/pages\/2279","targetHints":{"allow":["GET"]}}],"collection":[{"href":"https:\/\/www.cyframe.com\/fr\/wp-json\/wp\/v2\/pages"}],"about":[{"href":"https:\/\/www.cyframe.com\/fr\/wp-json\/wp\/v2\/types\/page"}],"author":[{"embeddable":true,"href":"https:\/\/www.cyframe.com\/fr\/wp-json\/wp\/v2\/users\/1"}],"replies":[{"embeddable":true,"href":"https:\/\/www.cyframe.com\/fr\/wp-json\/wp\/v2\/comments?post=2279"}],"version-history":[{"count":7,"href":"https:\/\/www.cyframe.com\/fr\/wp-json\/wp\/v2\/pages\/2279\/revisions"}],"predecessor-version":[{"id":6235,"href":"https:\/\/www.cyframe.com\/fr\/wp-json\/wp\/v2\/pages\/2279\/revisions\/6235"}],"wp:attachment":[{"href":"https:\/\/www.cyframe.com\/fr\/wp-json\/wp\/v2\/media?parent=2279"}],"curies":[{"name":"wp","href":"https:\/\/api.w.org\/{rel}","templated":true}]}}