{"id":2257,"date":"2020-10-14T11:31:14","date_gmt":"2020-10-14T11:31:14","guid":{"rendered":"https:\/\/www.cyframe.com\/special-projects\/"},"modified":"2020-12-22T15:18:20","modified_gmt":"2020-12-22T15:18:20","slug":"projets-speciaux","status":"publish","type":"page","link":"https:\/\/www.cyframe.com\/fr\/projets-speciaux\/","title":{"rendered":"Projets sp\u00e9ciaux"},"content":{"rendered":"\t\t<div data-elementor-type=\"wp-page\" data-elementor-id=\"2257\" class=\"elementor elementor-2257 elementor-312\" data-elementor-post-type=\"page\">\n\t\t\t\t\t\t<section data-particle_enable=\"false\" data-particle-mobile-disabled=\"false\" class=\"elementor-section elementor-top-section elementor-element elementor-element-e6d59f5 elementor-section-boxed elementor-section-height-default elementor-section-height-default\" data-id=\"e6d59f5\" data-element_type=\"section\" data-settings=\"{&quot;background_background&quot;:&quot;classic&quot;}\">\n\t\t\t\t\t\t<div class=\"elementor-container elementor-column-gap-default\">\n\t\t\t\t\t<div class=\"elementor-column elementor-col-100 elementor-top-column elementor-element elementor-element-57d9419\" data-id=\"57d9419\" data-element_type=\"column\">\n\t\t\t<div class=\"elementor-widget-wrap elementor-element-populated\">\n\t\t\t\t\t\t<div class=\"elementor-element elementor-element-4303a1e elementor-widget elementor-widget-heading\" data-id=\"4303a1e\" data-element_type=\"widget\" data-widget_type=\"heading.default\">\n\t\t\t\t<div class=\"elementor-widget-container\">\n\t\t\t\t\t<h1 class=\"elementor-heading-title elementor-size-default\">Projets sp\u00e9ciaux<\/h1>\t\t\t\t<\/div>\n\t\t\t\t<\/div>\n\t\t\t\t\t<\/div>\n\t\t<\/div>\n\t\t\t\t\t<\/div>\n\t\t<\/section>\n\t\t\t\t<section data-particle_enable=\"false\" data-particle-mobile-disabled=\"false\" class=\"elementor-section elementor-top-section elementor-element elementor-element-8c3ec5a wrap_padding elementor-section-boxed elementor-section-height-default elementor-section-height-default\" data-id=\"8c3ec5a\" data-element_type=\"section\">\n\t\t\t\t\t\t<div class=\"elementor-container elementor-column-gap-default\">\n\t\t\t\t\t<div class=\"elementor-column elementor-col-100 elementor-top-column elementor-element elementor-element-1860f49\" data-id=\"1860f49\" data-element_type=\"column\">\n\t\t\t<div class=\"elementor-widget-wrap elementor-element-populated\">\n\t\t\t\t\t\t<div class=\"elementor-element elementor-element-5fcba19 elementor-widget elementor-widget-text-editor\" data-id=\"5fcba19\" data-element_type=\"widget\" data-widget_type=\"text-editor.default\">\n\t\t\t\t<div class=\"elementor-widget-container\">\n\t\t\t\t\t\t\t\t\t<h1 class=\"gold\">Projets sp\u00e9ciaux<\/h1>\n\t\t\t\t\t\t\t\t<\/div>\n\t\t\t\t<\/div>\n\t\t\t\t<div class=\"elementor-element elementor-element-a131e1f paragraf-400 udarno  elementor-widget elementor-widget-text-editor\" data-id=\"a131e1f\" data-element_type=\"widget\" data-widget_type=\"text-editor.default\">\n\t\t\t\t<div class=\"elementor-widget-container\">\n\t\t\t\t\t\t\t\t\t<p style=\"font-size:24px;\">Chez CyFrame, les d\u00e9fis deviennent des possibilit\u00e9s avec nos services des projets sp\u00e9ciaux. CyFrame adopte toujours une approche prudente pour valider les exigences qui permettent de garantir un v\u00e9ritable rendement. Les projets pilotes et les prototypes de syst\u00e8mes ERP co\u00fbtent une fraction d\u2019un projet complet. Ces projets sp\u00e9ciaux utilisent la technologie multidomaines et les connaissances et les comp\u00e9tences de diverses technologies pour cr\u00e9er des solutions ERP et des applications Web \u00e9volutives et structurelles. Gr\u00e2ce \u00e0 des partenariats avec nos clients, CyFrame prend le temps de comprendre les objectifs de l\u2019entreprise et fournit des services consultatifs pour prendre les d\u00e9cisions et adopter les meilleures strat\u00e9gies afin de r\u00e9soudre les d\u00e9fis et atteindre les objectifs op\u00e9rationnels. Notre \u00e9quipe de d\u00e9veloppeurs respecte des pratiques exemplaires et les normes des technologies les plus innovatrices.<\/p>\n\t\t\t\t\t\t\t\t<\/div>\n\t\t\t\t<\/div>\n\t\t\t\t\t<\/div>\n\t\t<\/div>\n\t\t\t\t\t<\/div>\n\t\t<\/section>\n\t\t\t\t<section data-particle_enable=\"false\" data-particle-mobile-disabled=\"false\" class=\"elementor-section elementor-top-section elementor-element elementor-element-e02da59 blow_molding-threeicons elementor-section-boxed elementor-section-height-default elementor-section-height-default\" data-id=\"e02da59\" data-element_type=\"section\" data-settings=\"{&quot;background_background&quot;:&quot;classic&quot;}\">\n\t\t\t\t\t\t<div class=\"elementor-container elementor-column-gap-default\">\n\t\t\t\t\t<div class=\"elementor-column elementor-col-33 elementor-top-column elementor-element elementor-element-e38ecfa\" data-id=\"e38ecfa\" data-element_type=\"column\">\n\t\t\t<div class=\"elementor-widget-wrap elementor-element-populated\">\n\t\t\t\t\t\t<div class=\"elementor-element elementor-element-cfebbd9 osnovno-pe elementor-widget elementor-widget-text-editor\" data-id=\"cfebbd9\" data-element_type=\"widget\" data-widget_type=\"text-editor.default\">\n\t\t\t\t<div class=\"elementor-widget-container\">\n\t\t\t\t\t\t\t\t\t<h3><strong> Syst\u00e8me pilote ERP<br \/>\n<\/strong><\/h3>\n<p>Lorsqu\u2019un haut degr\u00e9 de personnalisation est exig\u00e9 pour mettre en \u0153uvre un syst\u00e8me ERP, le niveau de risque augmente consid\u00e9rablement. Un syst\u00e8me pilote ERP est alors propos\u00e9 pour mettre en \u0153uvre et former des utilisateurs cl\u00e9s sur le syst\u00e8me ERP courant et effectuer une simulation compl\u00e8te de tous les principaux processus op\u00e9rationnels qui permettent de documenter les \u00e9carts et d\u2019estimer exactement les co\u00fbts complets et les conditions du projet. Cette proc\u00e9dure \u00e9tablit donc les attentes et assure aux clients qu\u2019ils obtiendront un syst\u00e8me \u00e0 une fraction du co\u00fbt d\u2019un ERP.<\/p>\n\t\t\t\t\t\t\t\t<\/div>\n\t\t\t\t<\/div>\n\t\t\t\t\t<\/div>\n\t\t<\/div>\n\t\t\t\t<div class=\"elementor-column elementor-col-33 elementor-top-column elementor-element elementor-element-412e33a\" data-id=\"412e33a\" data-element_type=\"column\">\n\t\t\t<div class=\"elementor-widget-wrap elementor-element-populated\">\n\t\t\t\t\t\t<div class=\"elementor-element elementor-element-5c3029f osnovno-pe elementor-widget elementor-widget-text-editor\" data-id=\"5c3029f\" data-element_type=\"widget\" data-widget_type=\"text-editor.default\">\n\t\t\t\t<div class=\"elementor-widget-container\">\n\t\t\t\t\t\t\t\t\t<h3><strong> Prototypes <\/strong><\/h3>\n<p>Le mappage et l\u2019analyse des processus op\u00e9rationnels (mappage de la cha\u00eene de valeur, digrammes des flux de travail). Des prototypes peuvent \u00eatre \u00e9labor\u00e9s pour identifier les besoins dans des sc\u00e9narios o\u00f9 toutes les exigences d\u2019un projet ne sont pas connues en d\u00e9tail \u00e0 l\u2019avance. Ces prototypes donnent \u00e0 nos clients un plus grand sentiment de participation et d\u2019appropriation et une meilleure compr\u00e9hension de la solution finale, et ils permettent de confirmer les concepts et de cerner les efforts de d\u00e9veloppement n\u00e9cessaires pour de tels projets.<\/p>\n\t\t\t\t\t\t\t\t<\/div>\n\t\t\t\t<\/div>\n\t\t\t\t\t<\/div>\n\t\t<\/div>\n\t\t\t\t<div class=\"elementor-column elementor-col-33 elementor-top-column elementor-element elementor-element-0901a38\" data-id=\"0901a38\" data-element_type=\"column\">\n\t\t\t<div class=\"elementor-widget-wrap elementor-element-populated\">\n\t\t\t\t\t\t<div class=\"elementor-element elementor-element-717242f osnovno-pe elementor-widget elementor-widget-text-editor\" data-id=\"717242f\" data-element_type=\"widget\" data-widget_type=\"text-editor.default\">\n\t\t\t\t<div class=\"elementor-widget-container\">\n\t\t\t\t\t\t\t\t\t<h3><strong>D\u00e9veloppement Web<\/strong><\/h3>\n<p> Notre \u00e9quipe poss\u00e8de l\u2019exp\u00e9rience technique, les connaissances de d\u00e9veloppement Web et de l\u2019industrie n\u00e9cessaires pour transformer votre entreprise. Nous allons collaborer avec vous pour cr\u00e9er les outils dont vous avez besoin pour atteindre les r\u00e9sultats souhait\u00e9s. Nous misons sur une combinaison unique de sp\u00e9cialisation technique, fonctionnelle et industrielle, ainsi que des partenariats avec des fournisseurs cl\u00e9s, pour transformer votre projet en une r\u00e9ussite et pour aider votre entreprise \u00e0 naviguer dans la complexit\u00e9 de la technologie.<\/p>\n\t\t\t\t\t\t\t\t<\/div>\n\t\t\t\t<\/div>\n\t\t\t\t\t<\/div>\n\t\t<\/div>\n\t\t\t\t\t<\/div>\n\t\t<\/section>\n\t\t\t\t<section data-particle_enable=\"false\" data-particle-mobile-disabled=\"false\" class=\"elementor-section elementor-top-section elementor-element elementor-element-66f5b47 wrap_padding-bottom elementor-section-boxed elementor-section-height-default elementor-section-height-default\" data-id=\"66f5b47\" data-element_type=\"section\" data-settings=\"{&quot;background_background&quot;:&quot;classic&quot;}\">\n\t\t\t\t\t\t<div class=\"elementor-container elementor-column-gap-default\">\n\t\t\t\t\t<div class=\"elementor-column elementor-col-100 elementor-top-column elementor-element elementor-element-6b16090\" data-id=\"6b16090\" data-element_type=\"column\">\n\t\t\t<div class=\"elementor-widget-wrap elementor-element-populated\">\n\t\t\t\t\t\t<div class=\"elementor-element elementor-element-4e74481 elementor-align-center gold-kopce elementor-widget elementor-widget-button\" data-id=\"4e74481\" data-element_type=\"widget\" data-widget_type=\"button.default\">\n\t\t\t\t<div class=\"elementor-widget-container\">\n\t\t\t\t\t\t\t\t\t<div class=\"elementor-button-wrapper\">\n\t\t\t\t\t<a class=\"elementor-button elementor-button-link elementor-size-sm\" href=\"https:\/\/www.cyframe.com\/fr\/obtenez-une-presentation-gratuite\/\">\n\t\t\t\t\t\t<span class=\"elementor-button-content-wrapper\">\n\t\t\t\t\t\t\t\t\t<span class=\"elementor-button-text\">DEMANDEZ UNE PR\u00c9SENTATION AUJOURD'HUI<\/span>\n\t\t\t\t\t<\/span>\n\t\t\t\t\t<\/a>\n\t\t\t\t<\/div>\n\t\t\t\t\t\t\t\t<\/div>\n\t\t\t\t<\/div>\n\t\t\t\t\t<\/div>\n\t\t<\/div>\n\t\t\t\t\t<\/div>\n\t\t<\/section>\n\t\t\t\t<\/div>\n\t\t","protected":false},"excerpt":{"rendered":"<p>Projets sp\u00e9ciaux Projets sp\u00e9ciaux Chez CyFrame, les d\u00e9fis deviennent des possibilit\u00e9s avec nos services des projets sp\u00e9ciaux. CyFrame adopte toujours une approche prudente pour valider les exigences qui permettent de garantir un v\u00e9ritable rendement. Les projets pilotes et les prototypes de syst\u00e8mes ERP co\u00fbtent une fraction d\u2019un projet complet. Ces projets sp\u00e9ciaux utilisent la technologie [&hellip;]<\/p>\n","protected":false},"author":1,"featured_media":0,"parent":0,"menu_order":0,"comment_status":"closed","ping_status":"closed","template":"","meta":{"content-type":"","footnotes":""},"class_list":["post-2257","page","type-page","status-publish","hentry"],"_links":{"self":[{"href":"https:\/\/www.cyframe.com\/fr\/wp-json\/wp\/v2\/pages\/2257","targetHints":{"allow":["GET"]}}],"collection":[{"href":"https:\/\/www.cyframe.com\/fr\/wp-json\/wp\/v2\/pages"}],"about":[{"href":"https:\/\/www.cyframe.com\/fr\/wp-json\/wp\/v2\/types\/page"}],"author":[{"embeddable":true,"href":"https:\/\/www.cyframe.com\/fr\/wp-json\/wp\/v2\/users\/1"}],"replies":[{"embeddable":true,"href":"https:\/\/www.cyframe.com\/fr\/wp-json\/wp\/v2\/comments?post=2257"}],"version-history":[{"count":8,"href":"https:\/\/www.cyframe.com\/fr\/wp-json\/wp\/v2\/pages\/2257\/revisions"}],"predecessor-version":[{"id":6430,"href":"https:\/\/www.cyframe.com\/fr\/wp-json\/wp\/v2\/pages\/2257\/revisions\/6430"}],"wp:attachment":[{"href":"https:\/\/www.cyframe.com\/fr\/wp-json\/wp\/v2\/media?parent=2257"}],"curies":[{"name":"wp","href":"https:\/\/api.w.org\/{rel}","templated":true}]}}