{"id":1749,"date":"2020-10-17T12:52:49","date_gmt":"2020-10-17T12:52:49","guid":{"rendered":"https:\/\/www.cyframe.com\/our-values\/"},"modified":"2020-12-08T16:39:44","modified_gmt":"2020-12-08T16:39:44","slug":"nos-valeurs","status":"publish","type":"page","link":"https:\/\/www.cyframe.com\/fr\/nos-valeurs\/","title":{"rendered":"Nos Valeurs"},"content":{"rendered":"\t\t<div data-elementor-type=\"wp-page\" data-elementor-id=\"1749\" class=\"elementor elementor-1749 elementor-433\" data-elementor-post-type=\"page\">\n\t\t\t\t\t\t<section data-particle_enable=\"false\" data-particle-mobile-disabled=\"false\" class=\"elementor-section elementor-top-section elementor-element elementor-element-e6d59f5 elementor-section-boxed elementor-section-height-default elementor-section-height-default\" data-id=\"e6d59f5\" data-element_type=\"section\" data-settings=\"{&quot;background_background&quot;:&quot;classic&quot;}\">\n\t\t\t\t\t\t<div class=\"elementor-container elementor-column-gap-default\">\n\t\t\t\t\t<div class=\"elementor-column elementor-col-100 elementor-top-column elementor-element elementor-element-57d9419\" data-id=\"57d9419\" data-element_type=\"column\">\n\t\t\t<div class=\"elementor-widget-wrap elementor-element-populated\">\n\t\t\t\t\t\t<div class=\"elementor-element elementor-element-4303a1e elementor-widget elementor-widget-heading\" data-id=\"4303a1e\" data-element_type=\"widget\" data-widget_type=\"heading.default\">\n\t\t\t\t<div class=\"elementor-widget-container\">\n\t\t\t\t\t<h1 class=\"elementor-heading-title elementor-size-default\">Nos Valeurs<\/h1>\t\t\t\t<\/div>\n\t\t\t\t<\/div>\n\t\t\t\t\t<\/div>\n\t\t<\/div>\n\t\t\t\t\t<\/div>\n\t\t<\/section>\n\t\t\t\t<section data-particle_enable=\"false\" data-particle-mobile-disabled=\"false\" class=\"elementor-section elementor-top-section elementor-element elementor-element-8c3ec5a wrap_padding elementor-section-boxed elementor-section-height-default elementor-section-height-default\" data-id=\"8c3ec5a\" data-element_type=\"section\">\n\t\t\t\t\t\t<div class=\"elementor-container elementor-column-gap-default\">\n\t\t\t\t\t<div class=\"elementor-column elementor-col-100 elementor-top-column elementor-element elementor-element-1860f49\" data-id=\"1860f49\" data-element_type=\"column\">\n\t\t\t<div class=\"elementor-widget-wrap elementor-element-populated\">\n\t\t\t\t\t\t<div class=\"elementor-element elementor-element-5fcba19 elementor-widget elementor-widget-text-editor\" data-id=\"5fcba19\" data-element_type=\"widget\" data-widget_type=\"text-editor.default\">\n\t\t\t\t<div class=\"elementor-widget-container\">\n\t\t\t\t\t\t\t\t\t<h1 class=\"gold\">Valeurs d\u2019entreprise<\/h1>\n\t\t\t\t\t\t\t\t<\/div>\n\t\t\t\t<\/div>\n\t\t\t\t<div class=\"elementor-element elementor-element-a131e1f paragraf-400 udarno elementor-widget elementor-widget-text-editor\" data-id=\"a131e1f\" data-element_type=\"widget\" data-widget_type=\"text-editor.default\">\n\t\t\t\t<div class=\"elementor-widget-container\">\n\t\t\t\t\t\t\t\t\t<p>Les valeurs d\u2019entreprise essentielles de CyFrame sont les suivantes:<\/p>\n\t\t\t\t\t\t\t\t<\/div>\n\t\t\t\t<\/div>\n\t\t\t\t\t<\/div>\n\t\t<\/div>\n\t\t\t\t\t<\/div>\n\t\t<\/section>\n\t\t\t\t<section data-particle_enable=\"false\" data-particle-mobile-disabled=\"false\" class=\"elementor-section elementor-top-section elementor-element elementor-element-ee00755 wrap_padding-top elementor-section-boxed elementor-section-height-default elementor-section-height-default\" data-id=\"ee00755\" data-element_type=\"section\" data-settings=\"{&quot;background_background&quot;:&quot;classic&quot;}\">\n\t\t\t\t\t\t<div class=\"elementor-container elementor-column-gap-default\">\n\t\t\t\t\t<div class=\"elementor-column elementor-col-100 elementor-top-column elementor-element elementor-element-236b9d2\" data-id=\"236b9d2\" data-element_type=\"column\">\n\t\t\t<div class=\"elementor-widget-wrap elementor-element-populated\">\n\t\t\t\t\t\t<div class=\"elementor-element elementor-element-2e29773 elementor-widget elementor-widget-text-editor\" data-id=\"2e29773\" data-element_type=\"widget\" data-widget_type=\"text-editor.default\">\n\t\t\t\t<div class=\"elementor-widget-container\">\n\t\t\t\t\t\t\t\t\t<h1 class=\"blue\">Loyaut\u00e9<\/h1>\n\t\t\t\t\t\t\t\t<\/div>\n\t\t\t\t<\/div>\n\t\t\t\t\t<\/div>\n\t\t<\/div>\n\t\t\t\t\t<\/div>\n\t\t<\/section>\n\t\t\t\t<section data-particle_enable=\"false\" data-particle-mobile-disabled=\"false\" class=\"elementor-section elementor-top-section elementor-element elementor-element-f51d151 values-loyalty wrap_padding-bottom elementor-section-boxed elementor-section-height-default elementor-section-height-default\" data-id=\"f51d151\" data-element_type=\"section\" data-settings=\"{&quot;background_background&quot;:&quot;classic&quot;}\">\n\t\t\t\t\t\t<div class=\"elementor-container elementor-column-gap-default\">\n\t\t\t\t\t<div class=\"elementor-column elementor-col-100 elementor-top-column elementor-element elementor-element-de927fe\" data-id=\"de927fe\" data-element_type=\"column\">\n\t\t\t<div class=\"elementor-widget-wrap elementor-element-populated\">\n\t\t\t\t\t\t<div class=\"elementor-element elementor-element-0bb9178 about-paragraf elementor-widget elementor-widget-text-editor\" data-id=\"0bb9178\" data-element_type=\"widget\" data-widget_type=\"text-editor.default\">\n\t\t\t\t<div class=\"elementor-widget-container\">\n\t\t\t\t\t\t\t\t\t<p class=\"center\">La loyaut\u00e9 est d\u00e9lib\u00e9r\u00e9ment au c\u0153ur de la culture d\u2019entreprise de CyFrame. Malgr\u00e9 les d\u00e9fis et les difficult\u00e9s, les membres de l\u2019\u00e9quipe de CyFrame sont demeur\u00e9s loyaux \u00e0 l\u2019entreprise, aux partenaires externes et les uns envers les autres. Cette position \u00e9thique, plus que toutes autres valeurs, a eu un effet \u00e0 long terme sur les relations de CyFrame avec ses clients. Conserver une attention pr\u00e9cise aux besoins et aux d\u00e9sirs des clients est la seule fa\u00e7on d\u2019obtenir ce taux de r\u00e9ussite de 100 % que nous cherchons toujours \u00e0 atteindre. Un esprit familial r\u00e8gne dans les bureaux de CyFrame et les membres de notre \u00e9quipe sont assur\u00e9s d\u2019obtenir l\u2019aide dont ils ont besoin, \u00e0 la fois dans leur vie professionnelle et priv\u00e9e.<\/p>\n\t\t\t\t\t\t\t\t<\/div>\n\t\t\t\t<\/div>\n\t\t\t\t\t<\/div>\n\t\t<\/div>\n\t\t\t\t\t<\/div>\n\t\t<\/section>\n\t\t\t\t<section data-particle_enable=\"false\" data-particle-mobile-disabled=\"false\" class=\"elementor-section elementor-top-section elementor-element elementor-element-9e3f8f8 wrap_padding elementor-section-boxed elementor-section-height-default elementor-section-height-default\" data-id=\"9e3f8f8\" data-element_type=\"section\" data-settings=\"{&quot;background_background&quot;:&quot;classic&quot;}\">\n\t\t\t\t\t\t<div class=\"elementor-container elementor-column-gap-default\">\n\t\t\t\t\t<div class=\"elementor-column elementor-col-100 elementor-top-column elementor-element elementor-element-559869b\" data-id=\"559869b\" data-element_type=\"column\">\n\t\t\t<div class=\"elementor-widget-wrap elementor-element-populated\">\n\t\t\t\t\t\t<div class=\"elementor-element elementor-element-2b0e91c elementor-widget elementor-widget-text-editor\" data-id=\"2b0e91c\" data-element_type=\"widget\" data-widget_type=\"text-editor.default\">\n\t\t\t\t<div class=\"elementor-widget-container\">\n\t\t\t\t\t\t\t\t\t<h1 class=\"white\">Passion du travail<\/h1>\n\t\t\t\t\t\t\t\t<\/div>\n\t\t\t\t<\/div>\n\t\t\t\t<div class=\"elementor-element elementor-element-1071b3b about-paragraf elementor-widget elementor-widget-text-editor\" data-id=\"1071b3b\" data-element_type=\"widget\" data-widget_type=\"text-editor.default\">\n\t\t\t\t<div class=\"elementor-widget-container\">\n\t\t\t\t\t\t\t\t\t<p class=\"center\">Quel que soit le d\u00e9fi, l\u2019\u00e9quipe de CyFrame travaille avec pr\u00e9cision et diligence pour d\u00e9couvrir la solution pertinente \u00e0 chacun de ses clients. La qualit\u00e9 exige une concentration continuelle et totale envers la t\u00e2che \u00e0 accomplir et l\u2019\u00e9quipe de CyFrame consacre le temps et les \u00e9nergies n\u00e9cessaires pour contribuer au succ\u00e8s de ses clients. Une attention rigoureuse nous permet d\u2019aider nos clients \u00e0 atteindre leurs objectifs multiples et complexes. Ceux-ci d\u00e9couvrent rapidement que les membres de l\u2019\u00e9quipe de CyFrame sont passionn\u00e9s par leur travail.<\/p>\n\t\t\t\t\t\t\t\t<\/div>\n\t\t\t\t<\/div>\n\t\t\t\t\t<\/div>\n\t\t<\/div>\n\t\t\t\t\t<\/div>\n\t\t<\/section>\n\t\t\t\t<section data-particle_enable=\"false\" data-particle-mobile-disabled=\"false\" class=\"elementor-section elementor-top-section elementor-element elementor-element-82c9d38 wrap_padding elementor-section-boxed elementor-section-height-default elementor-section-height-default\" data-id=\"82c9d38\" data-element_type=\"section\" data-settings=\"{&quot;background_background&quot;:&quot;classic&quot;}\">\n\t\t\t\t\t\t<div class=\"elementor-container elementor-column-gap-default\">\n\t\t\t\t\t<div class=\"elementor-column elementor-col-100 elementor-top-column elementor-element elementor-element-6e0274a\" data-id=\"6e0274a\" data-element_type=\"column\">\n\t\t\t<div class=\"elementor-widget-wrap elementor-element-populated\">\n\t\t\t\t\t\t<div class=\"elementor-element elementor-element-2cf3650 elementor-widget elementor-widget-text-editor\" data-id=\"2cf3650\" data-element_type=\"widget\" data-widget_type=\"text-editor.default\">\n\t\t\t\t<div class=\"elementor-widget-container\">\n\t\t\t\t\t\t\t\t\t<h1 class=\"blue\">Transparence et innovation<\/h1>\n\t\t\t\t\t\t\t\t<\/div>\n\t\t\t\t<\/div>\n\t\t\t\t<div class=\"elementor-element elementor-element-5fee414 about-paragraf elementor-widget elementor-widget-text-editor\" data-id=\"5fee414\" data-element_type=\"widget\" data-widget_type=\"text-editor.default\">\n\t\t\t\t<div class=\"elementor-widget-container\">\n\t\t\t\t\t\t\t\t\t<p style=\"color: #000;\">\u00c0 chaque nouveau d\u00e9fi, une politique de porte ouverte pr\u00e9vaut dans toutes les activit\u00e9s de CyFrame. La diversit\u00e9 des comp\u00e9tences et de l\u2019exp\u00e9rience encourage des approches cr\u00e9atives \u00e0 des probl\u00e8mes complexes, \u00e0 la fois pour nos clients et pour notre entreprise dans son ensemble. Notre processus de d\u00e9veloppement logiciel doit \u00eatre pragmatique et cr\u00e9atif afin de produire des r\u00e9sultats novateurs, et CyFrame encourage et r\u00e9compense la pens\u00e9e originale de chaque membre de son \u00e9quipe. Notre regard est dirig\u00e9 vers l\u2019avenir.<\/p>\n\t\t\t\t\t\t\t\t<\/div>\n\t\t\t\t<\/div>\n\t\t\t\t\t<\/div>\n\t\t<\/div>\n\t\t\t\t\t<\/div>\n\t\t<\/section>\n\t\t\t\t<section data-particle_enable=\"false\" data-particle-mobile-disabled=\"false\" class=\"elementor-section elementor-top-section elementor-element elementor-element-4cbc470 wrap_padding elementor-section-boxed elementor-section-height-default elementor-section-height-default\" data-id=\"4cbc470\" data-element_type=\"section\" data-settings=\"{&quot;background_background&quot;:&quot;classic&quot;}\">\n\t\t\t\t\t\t<div class=\"elementor-container elementor-column-gap-default\">\n\t\t\t\t\t<div class=\"elementor-column elementor-col-100 elementor-top-column elementor-element elementor-element-904322d\" data-id=\"904322d\" data-element_type=\"column\">\n\t\t\t<div class=\"elementor-widget-wrap elementor-element-populated\">\n\t\t\t\t\t\t<div class=\"elementor-element elementor-element-178816e elementor-widget elementor-widget-text-editor\" data-id=\"178816e\" data-element_type=\"widget\" data-widget_type=\"text-editor.default\">\n\t\t\t\t<div class=\"elementor-widget-container\">\n\t\t\t\t\t\t\t\t\t<h1 class=\"white\">Flexibilit\u00e9<\/h1>\n\t\t\t\t\t\t\t\t<\/div>\n\t\t\t\t<\/div>\n\t\t\t\t<div class=\"elementor-element elementor-element-3d4d8d8 about-paragraf elementor-widget elementor-widget-text-editor\" data-id=\"3d4d8d8\" data-element_type=\"widget\" data-widget_type=\"text-editor.default\">\n\t\t\t\t<div class=\"elementor-widget-container\">\n\t\t\t\t\t\t\t\t\t<p class=\"center\">Chaque membre de l\u2019\u00e9quipe talentueuse de CyFrame est pr\u00eate et dispos\u00e9e \u00e0 porter de nombreux chapeaux sur un projet particulier. Notre \u00e9quipe aux comp\u00e9tences diversifi\u00e9es se concentre sur les d\u00e9sirs et les besoins particuliers des clients. En retour, l\u2019entreprise demeure \u00e9galement vigilante face aux besoins de tous les membres de son \u00e9quipe, en cherchant \u00e0 trouver un \u00e9quilibre appropri\u00e9 entre les sph\u00e8res professionnelles et priv\u00e9es. Les membres de l\u2019\u00e9quipe de CyFrame sont invit\u00e9s \u00e0 s\u2019exprimer et \u00e0 agir selon leur conscience.<\/p>\n\t\t\t\t\t\t\t\t<\/div>\n\t\t\t\t<\/div>\n\t\t\t\t\t<\/div>\n\t\t<\/div>\n\t\t\t\t\t<\/div>\n\t\t<\/section>\n\t\t\t\t<section data-particle_enable=\"false\" data-particle-mobile-disabled=\"false\" class=\"elementor-section elementor-top-section elementor-element elementor-element-a57fe40 wrap_padding elementor-section-boxed elementor-section-height-default elementor-section-height-default\" data-id=\"a57fe40\" data-element_type=\"section\">\n\t\t\t\t\t\t<div class=\"elementor-container elementor-column-gap-default\">\n\t\t\t\t\t<div class=\"elementor-column elementor-col-100 elementor-top-column elementor-element elementor-element-9356658\" data-id=\"9356658\" data-element_type=\"column\">\n\t\t\t<div class=\"elementor-widget-wrap elementor-element-populated\">\n\t\t\t\t\t\t<div class=\"elementor-element elementor-element-8b64b76 elementor-widget elementor-widget-text-editor\" data-id=\"8b64b76\" data-element_type=\"widget\" data-widget_type=\"text-editor.default\">\n\t\t\t\t<div class=\"elementor-widget-container\">\n\t\t\t\t\t\t\t\t\t<h1 class=\"blue\">Collaboration<\/h1>\n\t\t\t\t\t\t\t\t<\/div>\n\t\t\t\t<\/div>\n\t\t\t\t<div class=\"elementor-element elementor-element-4c9bc0f about-paragraf elementor-widget elementor-widget-text-editor\" data-id=\"4c9bc0f\" data-element_type=\"widget\" data-widget_type=\"text-editor.default\">\n\t\t\t\t<div class=\"elementor-widget-container\">\n\t\t\t\t\t\t\t\t\t<p class=\"center\">Les membres de l\u2019\u00e9quipe de CyFrame sont encourag\u00e9s \u00e0 s\u2019entraider dans la poursuite de la r\u00e9ussite. Nous croyons qu\u2019il s\u2019agit d\u2019un \u00e9l\u00e9ment essentiel au succ\u00e8s de notre croissance et au d\u00e9veloppement d\u2019id\u00e9es v\u00e9ritablement novatrices. Chez CyFrame, nous travaillons avec passion pour nous assurer d\u2019avancer ensemble dans la m\u00eame direction. Ce n\u2019est que par l\u2019effort constant d\u2019une \u00e9quipe d\u00e9vou\u00e9e et une cr\u00e9ativit\u00e9 collaborative que nous pouvons atteindre le taux de r\u00e9ussite de 100 % que nous recherchons.<\/p>\n\t\t\t\t\t\t\t\t<\/div>\n\t\t\t\t<\/div>\n\t\t\t\t\t<\/div>\n\t\t<\/div>\n\t\t\t\t\t<\/div>\n\t\t<\/section>\n\t\t\t\t<\/div>\n\t\t","protected":false},"excerpt":{"rendered":"<p>Nos Valeurs Valeurs d\u2019entreprise Les valeurs d\u2019entreprise essentielles de CyFrame sont les suivantes: Loyaut\u00e9 La loyaut\u00e9 est d\u00e9lib\u00e9r\u00e9ment au c\u0153ur de la culture d\u2019entreprise de CyFrame. Malgr\u00e9 les d\u00e9fis et les difficult\u00e9s, les membres de l\u2019\u00e9quipe de CyFrame sont demeur\u00e9s loyaux \u00e0 l\u2019entreprise, aux partenaires externes et les uns envers les autres. Cette position \u00e9thique, [&hellip;]<\/p>\n","protected":false},"author":3,"featured_media":0,"parent":0,"menu_order":0,"comment_status":"closed","ping_status":"closed","template":"","meta":{"content-type":"","footnotes":""},"class_list":["post-1749","page","type-page","status-publish","hentry"],"_links":{"self":[{"href":"https:\/\/www.cyframe.com\/fr\/wp-json\/wp\/v2\/pages\/1749","targetHints":{"allow":["GET"]}}],"collection":[{"href":"https:\/\/www.cyframe.com\/fr\/wp-json\/wp\/v2\/pages"}],"about":[{"href":"https:\/\/www.cyframe.com\/fr\/wp-json\/wp\/v2\/types\/page"}],"author":[{"embeddable":true,"href":"https:\/\/www.cyframe.com\/fr\/wp-json\/wp\/v2\/users\/3"}],"replies":[{"embeddable":true,"href":"https:\/\/www.cyframe.com\/fr\/wp-json\/wp\/v2\/comments?post=1749"}],"version-history":[{"count":7,"href":"https:\/\/www.cyframe.com\/fr\/wp-json\/wp\/v2\/pages\/1749\/revisions"}],"predecessor-version":[{"id":6027,"href":"https:\/\/www.cyframe.com\/fr\/wp-json\/wp\/v2\/pages\/1749\/revisions\/6027"}],"wp:attachment":[{"href":"https:\/\/www.cyframe.com\/fr\/wp-json\/wp\/v2\/media?parent=1749"}],"curies":[{"name":"wp","href":"https:\/\/api.w.org\/{rel}","templated":true}]}}