{"id":1713,"date":"2020-10-14T11:49:36","date_gmt":"2020-10-14T11:49:36","guid":{"rendered":"https:\/\/www.cyframe.com\/about-us\/"},"modified":"2020-12-23T15:46:28","modified_gmt":"2020-12-23T15:46:28","slug":"a-propos-de-nous","status":"publish","type":"page","link":"https:\/\/www.cyframe.com\/fr\/a-propos-de-nous\/","title":{"rendered":"\u00c0 Propos de Nous"},"content":{"rendered":"\t\t<div data-elementor-type=\"wp-page\" data-elementor-id=\"1713\" class=\"elementor elementor-1713 elementor-328\" data-elementor-post-type=\"page\">\n\t\t\t\t\t\t<section data-particle_enable=\"false\" data-particle-mobile-disabled=\"false\" class=\"elementor-section elementor-top-section elementor-element elementor-element-e6d59f5 elementor-section-boxed elementor-section-height-default elementor-section-height-default\" data-id=\"e6d59f5\" data-element_type=\"section\" data-settings=\"{&quot;background_background&quot;:&quot;classic&quot;}\">\n\t\t\t\t\t\t<div class=\"elementor-container elementor-column-gap-default\">\n\t\t\t\t\t<div class=\"elementor-column elementor-col-100 elementor-top-column elementor-element elementor-element-57d9419\" data-id=\"57d9419\" data-element_type=\"column\">\n\t\t\t<div class=\"elementor-widget-wrap elementor-element-populated\">\n\t\t\t\t\t\t<div class=\"elementor-element elementor-element-4303a1e elementor-widget elementor-widget-heading\" data-id=\"4303a1e\" data-element_type=\"widget\" data-widget_type=\"heading.default\">\n\t\t\t\t<div class=\"elementor-widget-container\">\n\t\t\t\t\t<h1 class=\"elementor-heading-title elementor-size-default\">\u00c0 Propos de Nous<\/h1>\t\t\t\t<\/div>\n\t\t\t\t<\/div>\n\t\t\t\t\t<\/div>\n\t\t<\/div>\n\t\t\t\t\t<\/div>\n\t\t<\/section>\n\t\t\t\t<section data-particle_enable=\"false\" data-particle-mobile-disabled=\"false\" class=\"elementor-section elementor-top-section elementor-element elementor-element-8c3ec5a wrap_padding elementor-section-boxed elementor-section-height-default elementor-section-height-default\" data-id=\"8c3ec5a\" data-element_type=\"section\">\n\t\t\t\t\t\t<div class=\"elementor-container elementor-column-gap-default\">\n\t\t\t\t\t<div class=\"elementor-column elementor-col-100 elementor-top-column elementor-element elementor-element-1860f49\" data-id=\"1860f49\" data-element_type=\"column\">\n\t\t\t<div class=\"elementor-widget-wrap elementor-element-populated\">\n\t\t\t\t\t\t<div class=\"elementor-element elementor-element-5fcba19 elementor-widget elementor-widget-text-editor\" data-id=\"5fcba19\" data-element_type=\"widget\" data-widget_type=\"text-editor.default\">\n\t\t\t\t<div class=\"elementor-widget-container\">\n\t\t\t\t\t\t\t\t\t<h1 class=\"gold\">Des solutions puissantes pour l\u2019industrie<\/h1>\n\t\t\t\t\t\t\t\t<\/div>\n\t\t\t\t<\/div>\n\t\t\t\t<div class=\"elementor-element elementor-element-a131e1f udarno paragraf-400 elementor-widget elementor-widget-text-editor\" data-id=\"a131e1f\" data-element_type=\"widget\" data-widget_type=\"text-editor.default\">\n\t\t\t\t<div class=\"elementor-widget-container\">\n\t\t\t\t\t\t\t\t\t<p>CyFrame est un fournisseur unique de solutions ERP sp\u00e9cifiques et adapt\u00e9es \u00e0 l\u2019ensemble des transformateurs de l\u2019industrie des mati\u00e8res plastiques. CyFrame investit continuellement afin de fournir la meilleure solution ERP \u00e0 l\u2019industrie des plastiques pour aider les transformateurs \u00e0 \u00e9voluer de la mani\u00e8re la plus \u00e9conomique et la plus simple possible du \u00ab\u2009papier vers la connaissance\u2009\u00bb, en portant une attention particuli\u00e8re aux activit\u00e9s de fabrication, pour lesquelles les solutions ERP traditionnelles sont peu efficaces.<\/p>\n\t\t\t\t\t\t\t\t<\/div>\n\t\t\t\t<\/div>\n\t\t\t\t\t<\/div>\n\t\t<\/div>\n\t\t\t\t\t<\/div>\n\t\t<\/section>\n\t\t\t\t<section data-particle_enable=\"false\" data-particle-mobile-disabled=\"false\" class=\"elementor-section elementor-top-section elementor-element elementor-element-5b21c8c the-journey-so-far wrap_padding elementor-section-boxed elementor-section-height-default elementor-section-height-default\" data-id=\"5b21c8c\" data-element_type=\"section\" data-settings=\"{&quot;background_background&quot;:&quot;classic&quot;}\">\n\t\t\t\t\t\t<div class=\"elementor-container elementor-column-gap-default\">\n\t\t\t\t\t<div class=\"elementor-column elementor-col-100 elementor-top-column elementor-element elementor-element-0c50da8\" data-id=\"0c50da8\" data-element_type=\"column\">\n\t\t\t<div class=\"elementor-widget-wrap elementor-element-populated\">\n\t\t\t\t\t\t<div class=\"elementor-element elementor-element-cba06b3 elementor-widget elementor-widget-text-editor\" data-id=\"cba06b3\" data-element_type=\"widget\" data-widget_type=\"text-editor.default\">\n\t\t\t\t<div class=\"elementor-widget-container\">\n\t\t\t\t\t\t\t\t\t<h1 class=\"blue\">Le chemin parcouru<\/h1>\n\t\t\t\t\t\t\t\t<\/div>\n\t\t\t\t<\/div>\n\t\t\t\t<div class=\"elementor-element elementor-element-6539a56 about-paragraf osnovno-pe elementor-widget elementor-widget-text-editor\" data-id=\"6539a56\" data-element_type=\"widget\" data-widget_type=\"text-editor.default\">\n\t\t\t\t<div class=\"elementor-widget-container\">\n\t\t\t\t\t\t\t\t\t<p>\u00c0 nos d\u00e9buts modestes, en 1987, sous le nom de Solutions CMA, nous \u00e9tions un atelier de d\u00e9veloppement logiciel local hautement comp\u00e9tent qui a mis en \u0153uvre des solutions ERP de premier niveau en finances et en distribution, ainsi que des solutions logicielles pour le secteur manufacturier. En 1997, tout a chang\u00e9 avec l\u2019acquisition de l\u2019un des principaux syst\u00e8mes ERP de l\u2019Est du Canada que nous avons restructur\u00e9 avec la meilleure \u00ab\u2009architecture client l\u00e9ger webcentrique\u2009\u00bb, ce qui nous am\u00e8ne \u00e0 2002, o\u00f9 l\u2019\u00e8re de CyFrame dans les mati\u00e8res plastiques a commenc\u00e9.<\/p>\n<p>Depuis, nous sommes au service des transformateurs de mati\u00e8res plastiques dans plus de 10 pays en concentrant nos efforts \u00e0 atteindre un taux de r\u00e9ussite de mise en \u0153uvre de 100 %, un client \u00e0 la fois. Notre d\u00e9sir d\u2019\u00e9tablir des relations \u00e0 long terme avec les clients, les membres de notre \u00e9quipe et les partenaires externes est motiv\u00e9 par notre sentiment de loyaut\u00e9 et notre travail acharn\u00e9 pour atteindre cet objectif. Cet engagement nous d\u00e9finit.<\/p>\n\t\t\t\t\t\t\t\t<\/div>\n\t\t\t\t<\/div>\n\t\t\t\t<div class=\"elementor-element elementor-element-3080aa5 elementor-align-center gold-kopce elementor-widget elementor-widget-button\" data-id=\"3080aa5\" data-element_type=\"widget\" data-widget_type=\"button.default\">\n\t\t\t\t<div class=\"elementor-widget-container\">\n\t\t\t\t\t\t\t\t\t<div class=\"elementor-button-wrapper\">\n\t\t\t\t\t<a class=\"elementor-button elementor-button-link elementor-size-sm\" href=\"https:\/\/www.cyframe.com\/wp-content\/uploads\/2020\/12\/CYFRAME_FR_MAI_14.pdf\" target=\"_blank\">\n\t\t\t\t\t\t<span class=\"elementor-button-content-wrapper\">\n\t\t\t\t\t\t\t\t\t<span class=\"elementor-button-text\">T\u00c9L\u00c9CHARGER LE PROFIL DE L\u2019ENTREPRISE<\/span>\n\t\t\t\t\t<\/span>\n\t\t\t\t\t<\/a>\n\t\t\t\t<\/div>\n\t\t\t\t\t\t\t\t<\/div>\n\t\t\t\t<\/div>\n\t\t\t\t\t<\/div>\n\t\t<\/div>\n\t\t\t\t\t<\/div>\n\t\t<\/section>\n\t\t\t\t<section data-particle_enable=\"false\" data-particle-mobile-disabled=\"false\" class=\"elementor-section elementor-top-section elementor-element elementor-element-fff041e the-quest-for-success wrap_padding elementor-section-boxed elementor-section-height-default elementor-section-height-default\" data-id=\"fff041e\" data-element_type=\"section\" data-settings=\"{&quot;background_background&quot;:&quot;classic&quot;}\">\n\t\t\t\t\t\t<div class=\"elementor-container elementor-column-gap-default\">\n\t\t\t\t\t<div class=\"elementor-column elementor-col-100 elementor-top-column elementor-element elementor-element-a2c2b0c\" data-id=\"a2c2b0c\" data-element_type=\"column\">\n\t\t\t<div class=\"elementor-widget-wrap elementor-element-populated\">\n\t\t\t\t\t\t<div class=\"elementor-element elementor-element-bd3d91c elementor-widget elementor-widget-text-editor\" data-id=\"bd3d91c\" data-element_type=\"widget\" data-widget_type=\"text-editor.default\">\n\t\t\t\t<div class=\"elementor-widget-container\">\n\t\t\t\t\t\t\t\t\t<h1 class=\"gold\" style=\"color: #fff !important;\">La recherche d\u2019un taux de r\u00e9ussite de 100 %<\/h1>\n\t\t\t\t\t\t\t\t<\/div>\n\t\t\t\t<\/div>\n\t\t\t\t<div class=\"elementor-element elementor-element-0c76f02 about-paragraf osnovno-pe elementor-widget elementor-widget-text-editor\" data-id=\"0c76f02\" data-element_type=\"widget\" data-widget_type=\"text-editor.default\">\n\t\t\t\t<div class=\"elementor-widget-container\">\n\t\t\t\t\t\t\t\t\t<p style=\"font-weight: 100;\">La mission de CyFrame est d\u2019obtenir un taux de r\u00e9ussite de 100 % dans le d\u00e9ploiement de notre solution ERP pour l\u2019industrie des plastiques. Nos 15 ann\u00e9es d\u2019exp\u00e9rience dans la mise en \u0153uvre de solutions nous a permis d\u2019apprendre et d\u2019am\u00e9liorer constamment nos m\u00e9thodes et nos processus afin d\u2019atteindre le meilleur taux de r\u00e9ussite de l\u2019industrie. Notre objectif est d\u2019atteindre 100 %. En 2018, notre innovation JumpStart va r\u00e9duire de fa\u00e7on significative les risques et, en m\u00eame temps, permettra de r\u00e9pondre beaucoup plus rapidement \u00e0 nos nouveaux clients. Nous sommes d\u00e9termin\u00e9s \u00e0 atteindre un taux de r\u00e9ussite de 100 %.<\/p>\n\t\t\t\t\t\t\t\t<\/div>\n\t\t\t\t<\/div>\n\t\t\t\t\t<\/div>\n\t\t<\/div>\n\t\t\t\t\t<\/div>\n\t\t<\/section>\n\t\t\t\t<section data-particle_enable=\"false\" data-particle-mobile-disabled=\"false\" class=\"elementor-section elementor-top-section elementor-element elementor-element-3589643 growth-and-profitability wrap_padding elementor-section-boxed elementor-section-height-default elementor-section-height-default\" data-id=\"3589643\" data-element_type=\"section\">\n\t\t\t\t\t\t<div class=\"elementor-container elementor-column-gap-default\">\n\t\t\t\t\t<div class=\"elementor-column elementor-col-100 elementor-top-column elementor-element elementor-element-e951d67\" data-id=\"e951d67\" data-element_type=\"column\">\n\t\t\t<div class=\"elementor-widget-wrap elementor-element-populated\">\n\t\t\t\t\t\t<div class=\"elementor-element elementor-element-d0bb041 elementor-widget elementor-widget-text-editor\" data-id=\"d0bb041\" data-element_type=\"widget\" data-widget_type=\"text-editor.default\">\n\t\t\t\t<div class=\"elementor-widget-container\">\n\t\t\t\t\t\t\t\t\t<h1 class=\"blue\">La croissance et la rentabilit\u00e9 au juste prix<\/h1>\n\t\t\t\t\t\t\t\t<\/div>\n\t\t\t\t<\/div>\n\t\t\t\t<div class=\"elementor-element elementor-element-33b89a1 about-paragraf osnovno-pe elementor-widget elementor-widget-text-editor\" data-id=\"33b89a1\" data-element_type=\"widget\" data-widget_type=\"text-editor.default\">\n\t\t\t\t<div class=\"elementor-widget-container\">\n\t\t\t\t\t\t\t\t\t<p>Les propri\u00e9taires et la haute direction de CyFrame se sont engag\u00e9s \u00e0 suivre des pratiques \u00e9thiques exemplaires pour offrir un service ax\u00e9 sur les r\u00e9sultats et le respect des d\u00e9lais; le partage de la richesse avec tous les membres de notre \u00e9quipe; la recherche de la diversit\u00e9 internationale sans discrimination dans les pratiques de recrutement; la cr\u00e9ation de partenariats \u00e0 long terme avec des sp\u00e9cialistes externes; et, finalement, servir de mod\u00e8le dans notre communaut\u00e9 par les d\u00e9fis que nous relevons pour atteindre constamment de nouveaux sommets.<\/p>\n<p>Afin d\u2019\u00e9valuer nos r\u00e9alisations dans les pratiques de gestion exemplaires ainsi que notre rendement financier avec nos pairs, nous participons tous les cinq ans aux prix de la Banque Nationale du Canada pour la r\u00e9gion de Montr\u00e9al, qui \u00e9value les conditions de croissance, de rentabilit\u00e9, des ressources humaines et du comportement social \u00e9thique. Au cours de nos deux participations, notre entreprise a \u00e9t\u00e9 s\u00e9lectionn\u00e9e au niveau Or parmi plus de 20\u2009000 entreprises dans la grande r\u00e9gion de Montr\u00e9al. Dans notre soci\u00e9t\u00e9 actuelle o\u00f9 le syst\u00e8me de valeurs est en \u00e9volution constante, l\u2019\u00e9quipe de CyFrame reconna\u00eet qu\u2019elle doit relever ces d\u00e9fis \u00e0 l\u2019avance par l\u2019innovation de nos politiques et de nos pratiques.<\/p>\n\t\t\t\t\t\t\t\t<\/div>\n\t\t\t\t<\/div>\n\t\t\t\t\t<\/div>\n\t\t<\/div>\n\t\t\t\t\t<\/div>\n\t\t<\/section>\n\t\t\t\t<\/div>\n\t\t","protected":false},"excerpt":{"rendered":"<p>\u00c0 Propos de Nous Des solutions puissantes pour l\u2019industrie CyFrame est un fournisseur unique de solutions ERP sp\u00e9cifiques et adapt\u00e9es \u00e0 l\u2019ensemble des transformateurs de l\u2019industrie des mati\u00e8res plastiques. CyFrame investit continuellement afin de fournir la meilleure solution ERP \u00e0 l\u2019industrie des plastiques pour aider les transformateurs \u00e0 \u00e9voluer de la mani\u00e8re la plus \u00e9conomique [&hellip;]<\/p>\n","protected":false},"author":1,"featured_media":0,"parent":0,"menu_order":0,"comment_status":"closed","ping_status":"closed","template":"","meta":{"content-type":"","footnotes":""},"class_list":["post-1713","page","type-page","status-publish","hentry"],"_links":{"self":[{"href":"https:\/\/www.cyframe.com\/fr\/wp-json\/wp\/v2\/pages\/1713","targetHints":{"allow":["GET"]}}],"collection":[{"href":"https:\/\/www.cyframe.com\/fr\/wp-json\/wp\/v2\/pages"}],"about":[{"href":"https:\/\/www.cyframe.com\/fr\/wp-json\/wp\/v2\/types\/page"}],"author":[{"embeddable":true,"href":"https:\/\/www.cyframe.com\/fr\/wp-json\/wp\/v2\/users\/1"}],"replies":[{"embeddable":true,"href":"https:\/\/www.cyframe.com\/fr\/wp-json\/wp\/v2\/comments?post=1713"}],"version-history":[{"count":9,"href":"https:\/\/www.cyframe.com\/fr\/wp-json\/wp\/v2\/pages\/1713\/revisions"}],"predecessor-version":[{"id":6559,"href":"https:\/\/www.cyframe.com\/fr\/wp-json\/wp\/v2\/pages\/1713\/revisions\/6559"}],"wp:attachment":[{"href":"https:\/\/www.cyframe.com\/fr\/wp-json\/wp\/v2\/media?parent=1713"}],"curies":[{"name":"wp","href":"https:\/\/api.w.org\/{rel}","templated":true}]}}