{"id":2799,"date":"2020-10-11T16:29:25","date_gmt":"2020-10-11T16:29:25","guid":{"rendered":"https:\/\/www.cyframe.com\/privacy-policy\/"},"modified":"2020-12-16T12:58:44","modified_gmt":"2020-12-16T12:58:44","slug":"politica-de-privacidad","status":"publish","type":"page","link":"https:\/\/www.cyframe.com\/es\/politica-de-privacidad\/","title":{"rendered":"Pol\u00edtica de privacidad"},"content":{"rendered":"\t\t<div data-elementor-type=\"wp-page\" data-elementor-id=\"2799\" class=\"elementor elementor-2799 elementor-3\" data-elementor-post-type=\"page\">\n\t\t\t\t\t\t<section data-particle_enable=\"false\" data-particle-mobile-disabled=\"false\" class=\"elementor-section elementor-top-section elementor-element elementor-element-6a8930d9 elementor-section-height-min-height elementor-section-boxed elementor-section-height-default elementor-section-items-middle\" data-id=\"6a8930d9\" data-element_type=\"section\" data-settings=\"{&quot;background_background&quot;:&quot;classic&quot;}\">\n\t\t\t\t\t\t<div class=\"elementor-container elementor-column-gap-default\">\n\t\t\t\t\t<div class=\"elementor-column elementor-col-100 elementor-top-column elementor-element elementor-element-121ba35e\" data-id=\"121ba35e\" data-element_type=\"column\">\n\t\t\t<div class=\"elementor-widget-wrap elementor-element-populated\">\n\t\t\t\t\t\t\t<\/div>\n\t\t<\/div>\n\t\t\t\t\t<\/div>\n\t\t<\/section>\n\t\t\t\t<section data-particle_enable=\"false\" data-particle-mobile-disabled=\"false\" class=\"elementor-section elementor-top-section elementor-element elementor-element-0c67c7b wrap_padding elementor-section-boxed elementor-section-height-default elementor-section-height-default\" data-id=\"0c67c7b\" data-element_type=\"section\">\n\t\t\t\t\t\t<div class=\"elementor-container elementor-column-gap-default\">\n\t\t\t\t\t<div class=\"elementor-column elementor-col-100 elementor-top-column elementor-element elementor-element-571afb3\" data-id=\"571afb3\" data-element_type=\"column\">\n\t\t\t<div class=\"elementor-widget-wrap elementor-element-populated\">\n\t\t\t\t\t\t<div class=\"elementor-element elementor-element-442f0e7 elementor-widget elementor-widget-text-editor\" data-id=\"442f0e7\" data-element_type=\"widget\" data-widget_type=\"text-editor.default\">\n\t\t\t\t<div class=\"elementor-widget-container\">\n\t\t\t\t\t\t\t\t\t<p><strong>Recopilaci\u00f3n de datos personales<\/strong><br \/>\nNosotros recopilamos la informaci\u00f3n proporcionada por usted al utilizar nuestro sitio web. Usted puede registrarse y recibir informaci\u00f3n adicional acerca de nuestros productos; al registrarse, le solicitaremos informaci\u00f3n de contacto como su nombre, direcci\u00f3n postal y direcci\u00f3n de correo electr\u00f3nico.<\/p>\n<p>En algunas ocasiones, la informaci\u00f3n que usted nos proporciona es complementada con informaci\u00f3n proporcionada por terceros. Por ejemplo, al recibir c\u00f3digos postales inexactos, utilizaremos software de terceros para realizar las correcciones necesarias.<\/p>\n<p><strong>Pol\u00edtica de comunicaci\u00f3n de marketing<\/strong><br \/>\nCyFrame \u00fanicamente le env\u00eda correos electr\u00f3nicos promocionales a:<\/p>\n<p>\u2013 nuestros clientes<br \/>\n\u2013 personas que le hayan dado su consentimiento a CyFrame para recibir correos electr\u00f3nicos promocionales<br \/>\n\u2013 personas en listas de correo electr\u00f3nico alquiladas que le hayan dado permiso al propietario de la lista para recibir correos electr\u00f3nicos promocionales de terceros<br \/>\n\u2013 personas que tras recibir nuestros correos electr\u00f3nicos promocionales no hayan expresado su deseo de cancelar la inscripci\u00f3n.<\/p>\n<p>CyFrame emplea una plataforma de terceros para el marketing por correo electr\u00f3nico con el fin de garantizar que la informaci\u00f3n y los servicios proporcionados son relevantes para las personas en la lista de correo. La plataforma de marketing:<\/p>\n<p>\u2013 ofrece una ubicaci\u00f3n central para que las personas puedan optar por no recibir correos promocionales de CyFrame<br \/>\n\u2013 realiza un seguimiento de los correos electr\u00f3nicos promocionales que se entregan, abren y responden y verifica si los destinatarios visitan posteriormente el sitio web de CyFrame<\/p>\n<p>En cada correo electr\u00f3nico promocional, proporcionamos una manera f\u00e1cil y clara de cancelar el env\u00edo de correos electr\u00f3nicos de CyFrame. Las solicitudes que se realicen utilizando el enlace de exclusi\u00f3n en nuestros correos electr\u00f3nicos se procesan autom\u00e1ticamente y entran en vigencia de inmediato. Las solicitudes de exclusi\u00f3n enviadas por correo electr\u00f3nico se procesan dentro de los 10 d\u00edas h\u00e1biles siguientes.<\/p>\n<p>Cuando enviamos correos electr\u00f3nicos a listas de correo electr\u00f3nico alquiladas, suprimimos las direcciones de aquellas personas que han optado por dejar de recibir correos electr\u00f3nicos de CyFrame.<\/p>\n<p>Siempre revelamos nuestra identidad en las comunicaciones masivas de correo electr\u00f3nico, incluyendo la direcci\u00f3n en la que se encuentra ubicada nuestra sede, y siempre identificamos nuestro correo electr\u00f3nico masivo y promocional como anuncios.<\/p>\n<p>Nunca usamos informaci\u00f3n enga\u00f1osa en el encabezado o el asunto.<\/p>\n<p>Nunca enviamos correos electr\u00f3nicos masivos y promocionales a direcciones de correo electr\u00f3nico \u00abrecolectadas\u00bb de sitios web.<\/p>\n<p>Nunca, bajo ninguna circunstancia, alquilamos o vendemos direcciones de correo electr\u00f3nico a ninguna otra compa\u00f1\u00eda o individuo.<\/p>\n<p>Al recolectar direcciones de correo electr\u00f3nico a trav\u00e9s de nuestros formularios web, siempre brindamos la oportunidad de optar por no recibir correos electr\u00f3nicos promocionales.<\/p>\n<p>Al coordinar con nuestros revendedores con el fin de realizar un seguimiento de las consultas de ventas que se nos hicieron, proporcionamos la informaci\u00f3n de contacto completa del solicitante al revendedor, incluyendo la direcci\u00f3n de correo electr\u00f3nico, para que el revendedor pueda realizar un seguimiento de la consulta.<\/p>\n<p>Nuestra pol\u00edtica y pr\u00e1ctica de marketing por correo electr\u00f3nico se ajusta plenamente a la ley federal \u00abCAN SPAM\u00bb de los Estados Unidos que entr\u00f3 en vigencia el 1 de enero de 2004. Tenga en cuenta que algunas regiones tales como la Uni\u00f3n Europea, tienen leyes y directrices diferentes con respecto a los correos electr\u00f3nicos, y CyFrame se ajusta a las leyes locales en esos casos. Lo invitamos a enviarnos su opini\u00f3n sobre esta pol\u00edtica al correo electr\u00f3nico sales@cyframe.com.<\/p>\n<p><strong>Uso de datos personales<\/strong><br \/>\nProcesamos sus Datos Personales \u00fanicamente para fines espec\u00edficos y limitados. Solo solicitamos datos que sean adecuados, relevantes y no excesivos para esos fines. Cuando le solicitamos Datos Personales, le informamos los prop\u00f3sitos para los cuales procesaremos dichos datos. Algunos de estos prop\u00f3sitos incluyen:<\/p>\n<p>\u2013 Es posible que nos comuniquemos con usted ocasionalmente para informarle sobre los nuevos servicios que brindaremos, u ofertas especiales, eventos o art\u00edculos que consideremos de su inter\u00e9s.<br \/>\n\u2013 Podemos enviarle actualizaciones peri\u00f3dicas por correo electr\u00f3nico o por correo acerca de eventos organizados por, o relacionados con, CyFrame.<br \/>\n\u2013 Podemos enviarle la informaci\u00f3n de producto solicitada y material promocional.<br \/>\n\u2013 Podemos utilizar sus Datos Personales para fines de marketing y estudios de mercado.<br \/>\n\u2013 Podemos utilizar sus Datos Personales internamente para ayudarnos a mejorar nuestros productos y servicios y para ayudar a resolver cualquier problema.<\/p>\n<p><strong>Divulgaci\u00f3n de sus datos personales<\/strong><br \/>\nNo compartimos, vendemos ni distribuimos sus Datos Personales con terceros no relacionados, excepto en estas circunstancias limitadas:<br \/>\nLos Datos Personales pueden transferirse ocasionalmente a terceros que act\u00faan para CyFrame o en su nombre, o en relaci\u00f3n con el negocio de CyFrame para su posterior procesamiento de acuerdo con los fines para los que los datos se recopilaron originalmente o para los que usted posteriormente dio su consentimiento. Por ejemplo, en ocasiones un tercero puede tener acceso a sus Datos Personales para gestionar nuestros correos en nuestro nombre.<\/p>\n<p>Podemos compartir o transferir la informaci\u00f3n en nuestras bases de datos para cumplir con un requisito legal, para la administraci\u00f3n de justicia, para proteger sus intereses vitales, para proteger la seguridad o integridad de nuestras bases de datos o este sitio web, para tomar precauciones contra la responsabilidad legal, o en el caso de una venta corporativa, fusi\u00f3n, reorganizaci\u00f3n, disoluci\u00f3n o evento similar.<\/p>\n<p>Cuando sea apropiado, antes de divulgar Datos Personales a un tercero, requerimos por contrato que dicho tercero tome las precauciones adecuadas para proteger esos datos.<\/p>\n<p><strong>Integridad de datos y seguridad<\/strong><br \/>\nNos esforzamos por mantener la confiabilidad, precisi\u00f3n, integridad y vigencia de los Datos Personales en nuestras bases de datos y para proteger la privacidad y seguridad de nuestras bases de datos. Conservamos sus Datos Personales solo durante el tiempo que sea razonablemente necesario para los fines para los que fueron recopilados o para cumplir con los requisitos legales o \u00e9ticos aplicables o los requisitos aplicables de retenci\u00f3n de documentos.<\/p>\n<p>Nuestros servidores y nuestras bases de datos est\u00e1n protegidos por tecnolog\u00eda de seguridad est\u00e1ndar de la industria, tales como firewalls y protecci\u00f3n de contrase\u00f1as del nivel est\u00e1ndar de la industria.<\/p>\n<p>Los empleados que tienen acceso a Datos Personales han sido capacitados para manejar dichos datos de manera adecuada y de acuerdo con nuestros protocolos de seguridad y estrictos est\u00e1ndares de confidencialidad. Si bien no podemos ofrecer ninguna garant\u00eda contra p\u00e9rdidas, uso indebido, divulgaci\u00f3n no autorizada, alteraci\u00f3n o destrucci\u00f3n de datos, nos esforzamos por evitar estos eventos desafortunados.<\/p>\n<p><strong>Acceso a datos y correcciones<\/strong><br \/>\nAl recibir su solicitud por escrito y la informaci\u00f3n suficiente para permitirnos identificar sus Datos Personales, le revelaremos los Datos Personales que tenemos sobre usted. Tambi\u00e9n corregiremos, modificaremos o eliminaremos los Datos Personales que sean inexactos y notificaremos a los destinatarios externos de los cambios necesarios.<\/p>\n<p>Si desea acceder o corregir sus Datos Personales, por favor escr\u00edbale a nuestro responsable de protecci\u00f3n de datos a CyFrame 9800 Boulevard Cavendish, suite 210, Montreal, QC H4M 2V9 o env\u00edenos un correo electr\u00f3nico a sales@CyFrame.com. Nosotros no realizamos cobro alguno por cumplir con una solicitud de correcci\u00f3n; sin embargo, para todas las dem\u00e1s solicitudes, podemos cobrar una peque\u00f1a tarifa para cubrir sus costos. Las solicitudes de eliminaci\u00f3n de Datos Personales est\u00e1n sujetas a cualquier obligaci\u00f3n de retenci\u00f3n de documentos aplicable y a cualquier obligaci\u00f3n legal y \u00e9tica de reporte de informaci\u00f3n aplicable que haya sido impuesta a CyFrame.<\/p>\n<p><strong>Datos an\u00f3nimos recopilados a trav\u00e9s de este sitio web<\/strong><br \/>\nAdem\u00e1s de la informaci\u00f3n que recopilamos tal como se ha descrito anteriormente, hacemos uso de la tecnolog\u00eda disponible para recopilar informaci\u00f3n an\u00f3nima sobre el uso de nuestro sitio web. Esta tecnolog\u00eda no lo identifica a usted personalmente; simplemente nos permite compilar estad\u00edsticas sobre nuestros visitantes y su uso de nuestro sitio web.<\/p>\n<p>Utilizamos esta informaci\u00f3n an\u00f3nima para mejorar el contenido y la funcionalidad de este sitio web y de nuestras actualizaciones por correo electr\u00f3nico, para comprender mejor a nuestros clientes y mercados, y para mejorar nuestros productos y servicios.<\/p>\n<p><strong>Cookies<\/strong><br \/>\nPara recopilar los datos an\u00f3nimos descritos en el p\u00e1rrafo anterior, podemos utilizar \u00abcookies\u00bb que recopilan el nombre de dominio de primer nivel del usuario (por ejemplo, si su direcci\u00f3n de correo electr\u00f3nico es \u00abjohn@bigmail.com\u00bb, la cookie recopila la parte \u00abbigmail.com\u00bb de su direcci\u00f3n de correo electr\u00f3nico) y la fecha y hora en que accedi\u00f3 a este sitio web.<\/p>\n<p>Tambi\u00e9n utilizamos su direcci\u00f3n IP para ayudar a diagnosticar problemas con nuestro servidor y para administrar nuestro sitio web. Una direcci\u00f3n IP es un c\u00f3digo num\u00e9rico que identifica su computadora en una red, o en este caso, en Internet. Su direcci\u00f3n IP tambi\u00e9n se usa para recopilar informaci\u00f3n demogr\u00e1fica amplia, como por ejemplo determinar cu\u00e1ntos de nuestros visitantes se encuentran fuera de los Estados Unidos.<\/p>\n<p>Tambi\u00e9n podemos realizar b\u00fasquedas de IP para determinar de qu\u00e9 dominio proviene usted (es decir, aol.com, yourcompany.com) para medir con mayor precisi\u00f3n los datos demogr\u00e1ficos de nuestros usuarios.<\/p>\n<p><strong>Ni\u00f1os<\/strong><br \/>\nNo recopilamos datos personales de ni\u00f1os o menores de edad de manera intencional. Si usted es un ni\u00f1o o menor de edad, por favor no nos proporcione ning\u00fan Dato Personal. Si tiene motivos para creer que un ni\u00f1o nos ha proporcionado sus Datos Personales, por favor p\u00f3ngase en contacto con nosotros y haremos todo el esfuerzo posible por eliminar esa informaci\u00f3n de nuestras bases de datos.<\/p>\n<p><strong>Enlaces a otros sitios web<\/strong><br \/>\nEsta Pol\u00edtica de privacidad se aplica \u00fanicamente a www.CyFrame.com y a otras URL de CyFrame a trav\u00e9s de las cuales usted ha llegado a este sitio web. Este sitio web contiene hiperv\u00ednculos a sitios web que no son operados por CyFrame. Estos hiperv\u00ednculos se proporcionan solo para su referencia y conveniencia y no implican ning\u00fan respaldo de las actividades de estos sitios web de terceros ni ning\u00fan tipo de asociaci\u00f3n con sus operadores. Nosotros no controlamos estos sitios web y no somos responsables de sus pr\u00e1cticas de privacidad y datos. Le instamos a que revise cualquier pol\u00edtica de privacidad publicada en cualquier sitio que visite antes de utilizar el sitio o proporcionar Datos Personales sobre usted.<\/p>\n<p><strong>Transferencia de datos al extranjero<\/strong><br \/>\nCyFrame es una empresa global y tiene socios y bases de datos en diferentes pa\u00edses. De vez en cuando, podemos transferir sus Datos Personales a uno de nuestros socios en otro pa\u00eds. Si el nivel de protecci\u00f3n de la privacidad en un pa\u00eds no cumple con las normas internacionales reconocidas, nos aseguraremos de que los datos transferidos a nuestras bases de datos en ese pa\u00eds est\u00e9n protegidos adecuadamente y que la transferencia de datos a terceros en dichos pa\u00edses se realice de conformidad con un contrato u otras medidas que proporcionen una protecci\u00f3n adecuada.<\/p>\n<p>Por supuesto, Internet se compone de un gran n\u00famero de conexiones internacionales. Si usted est\u00e1 visitando este sitio web desde un pa\u00eds que no sea el pa\u00eds donde se encuentra nuestro servidor (actualmente, Canad\u00e1), las diversas comunicaciones necesariamente resultar\u00e1n en la transferencia de informaci\u00f3n a trav\u00e9s de las fronteras internacionales. Al visitar este sitio web y comunicarse electr\u00f3nicamente con nosotros, usted acepta estas transferencias.<\/p>\n<p><strong>Ley regente<\/strong><br \/>\nEsta pol\u00edtica de privacidad forma parte de los T\u00e9rminos de uso de nuestro sitio web y como tal se regir\u00e1 por, e interpretar\u00e1 de acuerdo con, las leyes de la Provincia de Quebec, Canad\u00e1. Usted acepta someter cualquier disputa que surja de su uso de este sitio web a la jurisdicci\u00f3n exclusiva de los tribunales de Quebec, Canad\u00e1.<\/p>\n<p><strong>Preguntas<\/strong><br \/>\nSi tiene alguna pregunta sobre esta Pol\u00edtica de privacidad o inquietudes sobre la forma en que procesamos sus Datos Personales, por favor comun\u00edquese con nosotros envi\u00e1ndonos un correo electr\u00f3nico a <strong>sales@CyFrame.com<\/strong>.<\/p>\n\t\t\t\t\t\t\t\t<\/div>\n\t\t\t\t<\/div>\n\t\t\t\t\t<\/div>\n\t\t<\/div>\n\t\t\t\t\t<\/div>\n\t\t<\/section>\n\t\t\t\t<\/div>\n\t\t","protected":false},"excerpt":{"rendered":"<p>Recopilaci\u00f3n de datos personales Nosotros recopilamos la informaci\u00f3n proporcionada por usted al utilizar nuestro sitio web. Usted puede registrarse y recibir informaci\u00f3n adicional acerca de nuestros productos; al registrarse, le solicitaremos informaci\u00f3n de contacto como su nombre, direcci\u00f3n postal y direcci\u00f3n de correo electr\u00f3nico. En algunas ocasiones, la informaci\u00f3n que usted nos proporciona es complementada [&hellip;]<\/p>\n","protected":false},"author":1,"featured_media":0,"parent":0,"menu_order":0,"comment_status":"closed","ping_status":"closed","template":"elementor_header_footer","meta":{"content-type":"","footnotes":""},"class_list":["post-2799","page","type-page","status-publish","hentry"],"_links":{"self":[{"href":"https:\/\/www.cyframe.com\/es\/wp-json\/wp\/v2\/pages\/2799","targetHints":{"allow":["GET"]}}],"collection":[{"href":"https:\/\/www.cyframe.com\/es\/wp-json\/wp\/v2\/pages"}],"about":[{"href":"https:\/\/www.cyframe.com\/es\/wp-json\/wp\/v2\/types\/page"}],"author":[{"embeddable":true,"href":"https:\/\/www.cyframe.com\/es\/wp-json\/wp\/v2\/users\/1"}],"replies":[{"embeddable":true,"href":"https:\/\/www.cyframe.com\/es\/wp-json\/wp\/v2\/comments?post=2799"}],"version-history":[{"count":4,"href":"https:\/\/www.cyframe.com\/es\/wp-json\/wp\/v2\/pages\/2799\/revisions"}],"predecessor-version":[{"id":2833,"href":"https:\/\/www.cyframe.com\/es\/wp-json\/wp\/v2\/pages\/2799\/revisions\/2833"}],"wp:attachment":[{"href":"https:\/\/www.cyframe.com\/es\/wp-json\/wp\/v2\/media?parent=2799"}],"curies":[{"name":"wp","href":"https:\/\/api.w.org\/{rel}","templated":true}]}}