{"id":2492,"date":"2020-10-21T12:36:48","date_gmt":"2020-10-21T12:36:48","guid":{"rendered":"https:\/\/www.cyframe.com\/category-resource-articles\/"},"modified":"2020-12-23T12:17:16","modified_gmt":"2020-12-23T12:17:16","slug":"category-resource-articles","status":"publish","type":"page","link":"https:\/\/www.cyframe.com\/es\/category-resource-articles\/","title":{"rendered":"Articles Archives"},"content":{"rendered":"\t\t<div data-elementor-type=\"wp-page\" data-elementor-id=\"2492\" class=\"elementor elementor-2492 elementor-808\" data-elementor-post-type=\"page\">\n\t\t\t\t\t\t<section data-particle_enable=\"false\" data-particle-mobile-disabled=\"false\" class=\"elementor-section elementor-top-section elementor-element elementor-element-e6d59f5 elementor-section-boxed elementor-section-height-default elementor-section-height-default\" data-id=\"e6d59f5\" data-element_type=\"section\" data-settings=\"{&quot;background_background&quot;:&quot;classic&quot;}\">\n\t\t\t\t\t\t<div class=\"elementor-container elementor-column-gap-default\">\n\t\t\t\t\t<div class=\"elementor-column elementor-col-100 elementor-top-column elementor-element elementor-element-57d9419\" data-id=\"57d9419\" data-element_type=\"column\">\n\t\t\t<div class=\"elementor-widget-wrap elementor-element-populated\">\n\t\t\t\t\t\t<div class=\"elementor-element elementor-element-4303a1e elementor-widget elementor-widget-heading\" data-id=\"4303a1e\" data-element_type=\"widget\" data-widget_type=\"heading.default\">\n\t\t\t\t<div class=\"elementor-widget-container\">\n\t\t\t\t\t<h1 class=\"elementor-heading-title elementor-size-default\">Resources<\/h1>\t\t\t\t<\/div>\n\t\t\t\t<\/div>\n\t\t\t\t\t<\/div>\n\t\t<\/div>\n\t\t\t\t\t<\/div>\n\t\t<\/section>\n\t\t\t\t<section data-particle_enable=\"false\" data-particle-mobile-disabled=\"false\" class=\"elementor-section elementor-top-section elementor-element elementor-element-69d8ccb elementor-section-boxed elementor-section-height-default elementor-section-height-default\" data-id=\"69d8ccb\" data-element_type=\"section\">\n\t\t\t\t\t\t<div class=\"elementor-container elementor-column-gap-default\">\n\t\t\t\t\t<div class=\"elementor-column elementor-col-100 elementor-top-column elementor-element elementor-element-7803a60\" data-id=\"7803a60\" data-element_type=\"column\">\n\t\t\t<div class=\"elementor-widget-wrap elementor-element-populated\">\n\t\t\t\t\t\t<div class=\"elementor-element elementor-element-a28cea6 elementor-grid-3 elementor-grid-tablet-2 elementor-grid-mobile-1 elementor-posts--thumbnail-top elementor-card-shadow-yes elementor-posts__hover-gradient elementor-widget elementor-widget-posts\" data-id=\"a28cea6\" data-element_type=\"widget\" data-settings=\"{&quot;pagination_type&quot;:&quot;numbers&quot;,&quot;cards_columns&quot;:&quot;3&quot;,&quot;cards_columns_tablet&quot;:&quot;2&quot;,&quot;cards_columns_mobile&quot;:&quot;1&quot;,&quot;cards_row_gap&quot;:{&quot;unit&quot;:&quot;px&quot;,&quot;size&quot;:35,&quot;sizes&quot;:[]},&quot;cards_row_gap_tablet&quot;:{&quot;unit&quot;:&quot;px&quot;,&quot;size&quot;:&quot;&quot;,&quot;sizes&quot;:[]},&quot;cards_row_gap_mobile&quot;:{&quot;unit&quot;:&quot;px&quot;,&quot;size&quot;:&quot;&quot;,&quot;sizes&quot;:[]}}\" data-widget_type=\"posts.cards\">\n\t\t\t\t<div class=\"elementor-widget-container\">\n\t\t\t\t\t\t\t<div class=\"elementor-posts-container elementor-posts elementor-posts--skin-cards elementor-grid\">\n\t\t\t\t<article class=\"elementor-post elementor-grid-item post-8250 post type-post status-publish format-standard has-post-thumbnail hentry category-articles-es category-recursos\">\n\t\t\t<div class=\"elementor-post__card\">\n\t\t\t\t<a class=\"elementor-post__thumbnail__link\" href=\"https:\/\/www.cyframe.com\/es\/el-erp-que-entiende-el-plastico-y-por-que-eso-lo-cambia-todo\/\" tabindex=\"-1\" ><div class=\"elementor-post__thumbnail\"><img fetchpriority=\"high\" decoding=\"async\" width=\"300\" height=\"200\" src=\"https:\/\/www.cyframe.com\/wp-content\/uploads\/2025\/06\/Operations-ERP-Surveillance-1-300x200.png\" class=\"attachment-medium size-medium wp-image-8252\" alt=\"El ERP que entiende el pl\u00e1stico\" srcset=\"https:\/\/www.cyframe.com\/wp-content\/uploads\/2025\/06\/Operations-ERP-Surveillance-1-300x200.png 300w, https:\/\/www.cyframe.com\/wp-content\/uploads\/2025\/06\/Operations-ERP-Surveillance-1-1024x683.png 1024w, https:\/\/www.cyframe.com\/wp-content\/uploads\/2025\/06\/Operations-ERP-Surveillance-1-768x512.png 768w, https:\/\/www.cyframe.com\/wp-content\/uploads\/2025\/06\/Operations-ERP-Surveillance-1.png 1536w\" sizes=\"(max-width: 300px) 100vw, 300px\" \/><\/div><\/a>\n\t\t\t\t<div class=\"elementor-post__badge\">art\u00edculos<\/div>\n\t\t\t\t<div class=\"elementor-post__text\">\n\t\t\t\t<h3 class=\"elementor-post__title\">\n\t\t\t<a href=\"https:\/\/www.cyframe.com\/es\/el-erp-que-entiende-el-plastico-y-por-que-eso-lo-cambia-todo\/\" >\n\t\t\t\tEl ERP que entiende el pl\u00e1stico\u2014y por qu\u00e9 eso lo cambia todo\t\t\t<\/a>\n\t\t<\/h3>\n\t\t\t\t<div class=\"elementor-post__excerpt\">\n\t\t\t<p>&nbsp; Estamos en 2025. Si administras una empresa de transformaci\u00f3n de pl\u00e1sticos, seguramente ya sabes que un software ERP puede<\/p>\n\t\t<\/div>\n\t\t\n\t\t<a class=\"elementor-post__read-more\" href=\"https:\/\/www.cyframe.com\/es\/el-erp-que-entiende-el-plastico-y-por-que-eso-lo-cambia-todo\/\" aria-label=\"M\u00e1s informaci\u00f3n sobre El ERP que entiende el pl\u00e1stico\u2014y por qu\u00e9 eso lo cambia todo\" tabindex=\"-1\" >\n\t\t\tCONTINUAR LEYENDO &gt;&gt;\t\t<\/a>\n\n\t\t\t\t<\/div>\n\t\t\t\t\t<\/div>\n\t\t<\/article>\n\t\t\t\t<article class=\"elementor-post elementor-grid-item post-8175 post type-post status-publish format-standard has-post-thumbnail hentry category-case-studies-es\">\n\t\t\t<div class=\"elementor-post__card\">\n\t\t\t\t<a class=\"elementor-post__thumbnail__link\" href=\"https:\/\/www.cyframe.com\/es\/rocheleau-improves-efficiency-and-grows-buisiness-with-cyframe-erp\/\" tabindex=\"-1\" ><div class=\"elementor-post__thumbnail\"><img decoding=\"async\" width=\"300\" height=\"185\" src=\"https:\/\/www.cyframe.com\/wp-content\/uploads\/2024\/11\/Rocheleau-300x185.png\" class=\"attachment-medium size-medium wp-image-8176\" alt=\"\" srcset=\"https:\/\/www.cyframe.com\/wp-content\/uploads\/2024\/11\/Rocheleau-300x185.png 300w, https:\/\/www.cyframe.com\/wp-content\/uploads\/2024\/11\/Rocheleau.png 340w\" sizes=\"(max-width: 300px) 100vw, 300px\" \/><\/div><\/a>\n\t\t\t\t<div class=\"elementor-post__badge\">Casos de Estudio<\/div>\n\t\t\t\t<div class=\"elementor-post__text\">\n\t\t\t\t<h3 class=\"elementor-post__title\">\n\t\t\t<a href=\"https:\/\/www.cyframe.com\/es\/rocheleau-improves-efficiency-and-grows-buisiness-with-cyframe-erp\/\" >\n\t\t\t\tROCHELEAU OPTIMIZA SU EFICACIA Y MEJORA SU NEGOCIO CON CYFRAME ERP\t\t\t<\/a>\n\t\t<\/h3>\n\t\t\t\t<div class=\"elementor-post__excerpt\">\n\t\t\t<p>Rocheleau dise\u00f1a, fabrica, presta servicios y opera maquinaria de alto rendimiento y<br \/>\neficiente de moldeo por soplado, simples en dise\u00f1o y excepcionalmente vers\u00e1tiles. Desde 1938, la familia Rocheleau ha sido propietaria y operadora del negocio de<br \/>\nfabricaci\u00f3n y ha formado un equipo de ingenieros calificados, t\u00e9cnicos de ventas,<br \/>\nservicio y personal de soporte para proporcionar el mejor servicio y soporte en la industria para a\u00f1os de producci\u00f3n confiable<\/p>\n\t\t<\/div>\n\t\t\n\t\t<a class=\"elementor-post__read-more\" href=\"https:\/\/www.cyframe.com\/es\/rocheleau-improves-efficiency-and-grows-buisiness-with-cyframe-erp\/\" aria-label=\"M\u00e1s informaci\u00f3n sobre ROCHELEAU OPTIMIZA SU EFICACIA Y MEJORA SU NEGOCIO CON CYFRAME ERP\" tabindex=\"-1\" >\n\t\t\tCONTINUAR LEYENDO &gt;&gt;\t\t<\/a>\n\n\t\t\t\t<\/div>\n\t\t\t\t\t<\/div>\n\t\t<\/article>\n\t\t\t\t<article class=\"elementor-post elementor-grid-item post-8150 post type-post status-publish format-standard has-post-thumbnail hentry category-case-studies-es\">\n\t\t\t<div class=\"elementor-post__card\">\n\t\t\t\t<a class=\"elementor-post__thumbnail__link\" href=\"https:\/\/www.cyframe.com\/es\/manterra-genera-crecimento-con-erp-cyframe\/\" tabindex=\"-1\" ><div class=\"elementor-post__thumbnail\"><img decoding=\"async\" width=\"300\" height=\"222\" src=\"https:\/\/www.cyframe.com\/wp-content\/uploads\/2024\/07\/Manterra-Case-Study-300x222.png\" class=\"attachment-medium size-medium wp-image-8151\" alt=\"\" srcset=\"https:\/\/www.cyframe.com\/wp-content\/uploads\/2024\/07\/Manterra-Case-Study-300x222.png 300w, https:\/\/www.cyframe.com\/wp-content\/uploads\/2024\/07\/Manterra-Case-Study.png 540w\" sizes=\"(max-width: 300px) 100vw, 300px\" \/><\/div><\/a>\n\t\t\t\t<div class=\"elementor-post__badge\">Casos de Estudio<\/div>\n\t\t\t\t<div class=\"elementor-post__text\">\n\t\t\t\t<h3 class=\"elementor-post__title\">\n\t\t\t<a href=\"https:\/\/www.cyframe.com\/es\/manterra-genera-crecimento-con-erp-cyframe\/\" >\n\t\t\t\tMANTERRA GENERA CRECIMIENTO CON LA SOLUCI\u00d3N ERP DE CYFRAME\t\t\t<\/a>\n\t\t<\/h3>\n\t\t\t\t<div class=\"elementor-post__excerpt\">\n\t\t\t<p>Descubra c\u00f3mo Manterra Technologies transform\u00f3 sus operaciones y logr\u00f3 un crecimiento sin precedentes al implementar la soluci\u00f3n ERP de CyFrame. Este estudio de caso examina los desaf\u00edos que enfrentaron con procesos manuales e ineficientes y c\u00f3mo CyFrame proporcion\u00f3 visibilidad en tiempo real, optimiz\u00f3 los flujos de trabajo y redujo los errores manuales. Al integrar las aplicaciones comerciales y de producci\u00f3n, Manterra mejor\u00f3 significativamente la productividad, aument\u00f3 la precisi\u00f3n de las previsiones y logr\u00f3 una mejor rentabilidad. Descargue el estudio de caso completo para descubrir c\u00f3mo Manterra aprovech\u00f3 CyFrame para optimizar las operaciones, aumentar la eficiencia y posicionarse para un \u00e9xito continuo en la competitiva industria del pl\u00e1stico.<\/p>\n\t\t<\/div>\n\t\t\n\t\t<a class=\"elementor-post__read-more\" href=\"https:\/\/www.cyframe.com\/es\/manterra-genera-crecimento-con-erp-cyframe\/\" aria-label=\"M\u00e1s informaci\u00f3n sobre MANTERRA GENERA CRECIMIENTO CON LA SOLUCI\u00d3N ERP DE CYFRAME\" tabindex=\"-1\" >\n\t\t\tCONTINUAR LEYENDO &gt;&gt;\t\t<\/a>\n\n\t\t\t\t<\/div>\n\t\t\t\t\t<\/div>\n\t\t<\/article>\n\t\t\t\t<article class=\"elementor-post elementor-grid-item post-8052 post type-post status-publish format-standard has-post-thumbnail hentry category-articles-es category-recursos\">\n\t\t\t<div class=\"elementor-post__card\">\n\t\t\t\t<a class=\"elementor-post__thumbnail__link\" href=\"https:\/\/www.cyframe.com\/es\/maximizar-la-rentabilidad-y-reconocer-la-importancia-de-la-adquisicion-de-datos-de-produccion-en-los-erp-disenados-para-los-procesadores-de-plasticos\/\" tabindex=\"-1\" ><div class=\"elementor-post__thumbnail\"><img loading=\"lazy\" decoding=\"async\" width=\"300\" height=\"300\" src=\"https:\/\/www.cyframe.com\/wp-content\/uploads\/2020\/10\/Profit-Header-Data-Acquisition-1-300x300.png\" class=\"attachment-medium size-medium wp-image-8053\" alt=\"Profit-Header-Data-Acquisition-1\" srcset=\"https:\/\/www.cyframe.com\/wp-content\/uploads\/2020\/10\/Profit-Header-Data-Acquisition-1-300x300.png 300w, https:\/\/www.cyframe.com\/wp-content\/uploads\/2020\/10\/Profit-Header-Data-Acquisition-1-150x150.png 150w, https:\/\/www.cyframe.com\/wp-content\/uploads\/2020\/10\/Profit-Header-Data-Acquisition-1-768x768.png 768w, https:\/\/www.cyframe.com\/wp-content\/uploads\/2020\/10\/Profit-Header-Data-Acquisition-1.png 900w\" sizes=\"(max-width: 300px) 100vw, 300px\" \/><\/div><\/a>\n\t\t\t\t<div class=\"elementor-post__badge\">art\u00edculos<\/div>\n\t\t\t\t<div class=\"elementor-post__text\">\n\t\t\t\t<h3 class=\"elementor-post__title\">\n\t\t\t<a href=\"https:\/\/www.cyframe.com\/es\/maximizar-la-rentabilidad-y-reconocer-la-importancia-de-la-adquisicion-de-datos-de-produccion-en-los-erp-disenados-para-los-procesadores-de-plasticos\/\" >\n\t\t\t\tMaximizar la rentabilidad y reconocer la importancia de la adquisici\u00f3n de datos de producci\u00f3n en los ERP dise\u00f1ados para los procesadores de pl\u00e1sticos\t\t\t<\/a>\n\t\t<\/h3>\n\t\t\t\t<div class=\"elementor-post__excerpt\">\n\t\t\t<p>La estaci\u00f3n de adquisici\u00f3n de datos de producci\u00f3n es un componente crucial para determinar la rentabilidad de un sistema ERP<\/p>\n\t\t<\/div>\n\t\t\n\t\t<a class=\"elementor-post__read-more\" href=\"https:\/\/www.cyframe.com\/es\/maximizar-la-rentabilidad-y-reconocer-la-importancia-de-la-adquisicion-de-datos-de-produccion-en-los-erp-disenados-para-los-procesadores-de-plasticos\/\" aria-label=\"M\u00e1s informaci\u00f3n sobre Maximizar la rentabilidad y reconocer la importancia de la adquisici\u00f3n de datos de producci\u00f3n en los ERP dise\u00f1ados para los procesadores de pl\u00e1sticos\" tabindex=\"-1\" >\n\t\t\tCONTINUAR LEYENDO &gt;&gt;\t\t<\/a>\n\n\t\t\t\t<\/div>\n\t\t\t\t\t<\/div>\n\t\t<\/article>\n\t\t\t\t<article class=\"elementor-post elementor-grid-item post-8038 post type-post status-publish format-standard has-post-thumbnail hentry category-articles category-resource\">\n\t\t\t<div class=\"elementor-post__card\">\n\t\t\t\t<a class=\"elementor-post__thumbnail__link\" href=\"https:\/\/www.cyframe.com\/es\/ventajas-de-la-experiencia-en-la-industria-erp\/\" tabindex=\"-1\" ><div class=\"elementor-post__thumbnail\"><img loading=\"lazy\" decoding=\"async\" width=\"300\" height=\"300\" src=\"https:\/\/www.cyframe.com\/wp-content\/uploads\/2023\/11\/Talks-Plastics-1-1024x1024-2-300x300.png\" class=\"attachment-medium size-medium wp-image-8048\" alt=\"Talks-Plastics\" srcset=\"https:\/\/www.cyframe.com\/wp-content\/uploads\/2023\/11\/Talks-Plastics-1-1024x1024-2-300x300.png 300w, https:\/\/www.cyframe.com\/wp-content\/uploads\/2023\/11\/Talks-Plastics-1-1024x1024-2-150x150.png 150w, https:\/\/www.cyframe.com\/wp-content\/uploads\/2023\/11\/Talks-Plastics-1-1024x1024-2-768x768.png 768w, https:\/\/www.cyframe.com\/wp-content\/uploads\/2023\/11\/Talks-Plastics-1-1024x1024-2.png 1024w\" sizes=\"(max-width: 300px) 100vw, 300px\" \/><\/div><\/a>\n\t\t\t\t<div class=\"elementor-post__badge\">Articles<\/div>\n\t\t\t\t<div class=\"elementor-post__text\">\n\t\t\t\t<h3 class=\"elementor-post__title\">\n\t\t\t<a href=\"https:\/\/www.cyframe.com\/es\/ventajas-de-la-experiencia-en-la-industria-erp\/\" >\n\t\t\t\tVentajas de la experiencia en la industria: La ventaja de un ERP que cuenta con un equipo que entiende la industria del pl\u00e1stico\t\t\t<\/a>\n\t\t<\/h3>\n\t\t\t\t<div class=\"elementor-post__excerpt\">\n\t\t\t<p>&nbsp; Seleccionar un proveedor de soluciones ERP especializado en la industria del pl\u00e1stico conlleva una ventaja \u00fanica: la presencia de<\/p>\n\t\t<\/div>\n\t\t\n\t\t<a class=\"elementor-post__read-more\" href=\"https:\/\/www.cyframe.com\/es\/ventajas-de-la-experiencia-en-la-industria-erp\/\" aria-label=\"M\u00e1s informaci\u00f3n sobre Ventajas de la experiencia en la industria: La ventaja de un ERP que cuenta con un equipo que entiende la industria del pl\u00e1stico\" tabindex=\"-1\" >\n\t\t\tCONTINUAR LEYENDO &gt;&gt;\t\t<\/a>\n\n\t\t\t\t<\/div>\n\t\t\t\t\t<\/div>\n\t\t<\/article>\n\t\t\t\t<article class=\"elementor-post elementor-grid-item post-7996 post type-post status-publish format-standard has-post-thumbnail hentry category-articles-es category-recursos\">\n\t\t\t<div class=\"elementor-post__card\">\n\t\t\t\t<a class=\"elementor-post__thumbnail__link\" href=\"https:\/\/www.cyframe.com\/es\/la-experiencia-con-material-molido-consideraciones-curciales-para-los-sistemas\/\" tabindex=\"-1\" ><div class=\"elementor-post__thumbnail\"><img loading=\"lazy\" decoding=\"async\" width=\"300\" height=\"300\" src=\"https:\/\/www.cyframe.com\/wp-content\/uploads\/2023\/11\/Mastering-Regrind-300x300.png\" class=\"attachment-medium size-medium wp-image-8001\" alt=\"Mastering Regrind\" srcset=\"https:\/\/www.cyframe.com\/wp-content\/uploads\/2023\/11\/Mastering-Regrind-300x300.png 300w, https:\/\/www.cyframe.com\/wp-content\/uploads\/2023\/11\/Mastering-Regrind-150x150.png 150w, https:\/\/www.cyframe.com\/wp-content\/uploads\/2023\/11\/Mastering-Regrind-768x768.png 768w, https:\/\/www.cyframe.com\/wp-content\/uploads\/2023\/11\/Mastering-Regrind.png 1024w\" sizes=\"(max-width: 300px) 100vw, 300px\" \/><\/div><\/a>\n\t\t\t\t<div class=\"elementor-post__badge\">art\u00edculos<\/div>\n\t\t\t\t<div class=\"elementor-post__text\">\n\t\t\t\t<h3 class=\"elementor-post__title\">\n\t\t\t<a href=\"https:\/\/www.cyframe.com\/es\/la-experiencia-con-material-molido-consideraciones-curciales-para-los-sistemas\/\" >\n\t\t\t\tLa experiencia con Material Molido: Consideraciones Cruciales para los sistemas ERP\t\t\t<\/a>\n\t\t<\/h3>\n\t\t\t\t<div class=\"elementor-post__excerpt\">\n\t\t\t<p>&nbsp; La generaci\u00f3n y reprocesamiento de material molido es vital para muchos procesadores de pl\u00e1sticos, y la capacidad de manejarlo<\/p>\n\t\t<\/div>\n\t\t\n\t\t<a class=\"elementor-post__read-more\" href=\"https:\/\/www.cyframe.com\/es\/la-experiencia-con-material-molido-consideraciones-curciales-para-los-sistemas\/\" aria-label=\"M\u00e1s informaci\u00f3n sobre La experiencia con Material Molido: Consideraciones Cruciales para los sistemas ERP\" tabindex=\"-1\" >\n\t\t\tCONTINUAR LEYENDO &gt;&gt;\t\t<\/a>\n\n\t\t\t\t<\/div>\n\t\t\t\t\t<\/div>\n\t\t<\/article>\n\t\t\t\t<\/div>\n\t\t\n\t\t\t\t<div class=\"e-load-more-anchor\" data-page=\"1\" data-max-page=\"11\" data-next-page=\"https:\/\/www.cyframe.com\/es\/wp-json\/wp\/v2\/pages\/2492\/page\/2\/\"><\/div>\n\t\t\t\t<nav class=\"elementor-pagination\" aria-label=\"Paginaci\u00f3n\">\n\t\t\t<span aria-current=\"page\" class=\"page-numbers current\"><span class=\"elementor-screen-only\">P\u00e1gina<\/span>1<\/span>\n<a class=\"page-numbers\" href=\"https:\/\/www.cyframe.com\/es\/wp-json\/wp\/v2\/pages\/2492\/page\/2\/\"><span class=\"elementor-screen-only\">P\u00e1gina<\/span>2<\/a>\n<a class=\"page-numbers\" href=\"https:\/\/www.cyframe.com\/es\/wp-json\/wp\/v2\/pages\/2492\/page\/3\/\"><span class=\"elementor-screen-only\">P\u00e1gina<\/span>3<\/a>\n<a class=\"page-numbers\" href=\"https:\/\/www.cyframe.com\/es\/wp-json\/wp\/v2\/pages\/2492\/page\/4\/\"><span class=\"elementor-screen-only\">P\u00e1gina<\/span>4<\/a>\n<a class=\"page-numbers\" href=\"https:\/\/www.cyframe.com\/es\/wp-json\/wp\/v2\/pages\/2492\/page\/5\/\"><span class=\"elementor-screen-only\">P\u00e1gina<\/span>5<\/a>\n<a class=\"page-numbers\" href=\"https:\/\/www.cyframe.com\/es\/wp-json\/wp\/v2\/pages\/2492\/page\/6\/\"><span class=\"elementor-screen-only\">P\u00e1gina<\/span>6<\/a>\n<a class=\"page-numbers\" href=\"https:\/\/www.cyframe.com\/es\/wp-json\/wp\/v2\/pages\/2492\/page\/7\/\"><span class=\"elementor-screen-only\">P\u00e1gina<\/span>7<\/a>\n<a class=\"page-numbers\" href=\"https:\/\/www.cyframe.com\/es\/wp-json\/wp\/v2\/pages\/2492\/page\/8\/\"><span class=\"elementor-screen-only\">P\u00e1gina<\/span>8<\/a>\n<a class=\"page-numbers\" href=\"https:\/\/www.cyframe.com\/es\/wp-json\/wp\/v2\/pages\/2492\/page\/9\/\"><span class=\"elementor-screen-only\">P\u00e1gina<\/span>9<\/a>\n<a class=\"page-numbers\" href=\"https:\/\/www.cyframe.com\/es\/wp-json\/wp\/v2\/pages\/2492\/page\/10\/\"><span class=\"elementor-screen-only\">P\u00e1gina<\/span>10<\/a>\n<a class=\"page-numbers\" href=\"https:\/\/www.cyframe.com\/es\/wp-json\/wp\/v2\/pages\/2492\/page\/11\/\"><span class=\"elementor-screen-only\">P\u00e1gina<\/span>11<\/a>\t\t<\/nav>\n\t\t\t\t\t\t<\/div>\n\t\t\t\t<\/div>\n\t\t\t\t\t<\/div>\n\t\t<\/div>\n\t\t\t\t\t<\/div>\n\t\t<\/section>\n\t\t\t\t<\/div>\n\t\t","protected":false},"excerpt":{"rendered":"<p>Resources<\/p>\n","protected":false},"author":3,"featured_media":0,"parent":0,"menu_order":0,"comment_status":"closed","ping_status":"closed","template":"","meta":{"content-type":"","footnotes":""},"class_list":["post-2492","page","type-page","status-publish","hentry"],"_links":{"self":[{"href":"https:\/\/www.cyframe.com\/es\/wp-json\/wp\/v2\/pages\/2492","targetHints":{"allow":["GET"]}}],"collection":[{"href":"https:\/\/www.cyframe.com\/es\/wp-json\/wp\/v2\/pages"}],"about":[{"href":"https:\/\/www.cyframe.com\/es\/wp-json\/wp\/v2\/types\/page"}],"author":[{"embeddable":true,"href":"https:\/\/www.cyframe.com\/es\/wp-json\/wp\/v2\/users\/3"}],"replies":[{"embeddable":true,"href":"https:\/\/www.cyframe.com\/es\/wp-json\/wp\/v2\/comments?post=2492"}],"version-history":[{"count":3,"href":"https:\/\/www.cyframe.com\/es\/wp-json\/wp\/v2\/pages\/2492\/revisions"}],"predecessor-version":[{"id":4082,"href":"https:\/\/www.cyframe.com\/es\/wp-json\/wp\/v2\/pages\/2492\/revisions\/4082"}],"wp:attachment":[{"href":"https:\/\/www.cyframe.com\/es\/wp-json\/wp\/v2\/media?parent=2492"}],"curies":[{"name":"wp","href":"https:\/\/api.w.org\/{rel}","templated":true}]}}