{"id":2481,"date":"2020-10-17T11:15:13","date_gmt":"2020-10-17T11:15:13","guid":{"rendered":"https:\/\/www.cyframe.com\/price-list-management\/"},"modified":"2020-12-17T15:30:38","modified_gmt":"2020-12-17T15:30:38","slug":"gestion-de-listas-de-precios","status":"publish","type":"page","link":"https:\/\/www.cyframe.com\/es\/gestion-de-listas-de-precios\/","title":{"rendered":"Gesti\u00f3n de listas de precios"},"content":{"rendered":"\t\t<div data-elementor-type=\"wp-page\" data-elementor-id=\"2481\" class=\"elementor elementor-2481 elementor-405\" data-elementor-post-type=\"page\">\n\t\t\t\t\t\t<section data-particle_enable=\"false\" data-particle-mobile-disabled=\"false\" class=\"elementor-section elementor-top-section elementor-element elementor-element-e6d59f5 elementor-section-boxed elementor-section-height-default elementor-section-height-default\" data-id=\"e6d59f5\" data-element_type=\"section\" data-settings=\"{&quot;background_background&quot;:&quot;classic&quot;}\">\n\t\t\t\t\t\t<div class=\"elementor-container elementor-column-gap-default\">\n\t\t\t\t\t<div class=\"elementor-column elementor-col-100 elementor-top-column elementor-element elementor-element-57d9419\" data-id=\"57d9419\" data-element_type=\"column\">\n\t\t\t<div class=\"elementor-widget-wrap elementor-element-populated\">\n\t\t\t\t\t\t<div class=\"elementor-element elementor-element-4303a1e elementor-widget elementor-widget-heading\" data-id=\"4303a1e\" data-element_type=\"widget\" data-widget_type=\"heading.default\">\n\t\t\t\t<div class=\"elementor-widget-container\">\n\t\t\t\t\t<h1 class=\"elementor-heading-title elementor-size-default\">Gesti\u00f3n de listas de precios<\/h1>\t\t\t\t<\/div>\n\t\t\t\t<\/div>\n\t\t\t\t\t<\/div>\n\t\t<\/div>\n\t\t\t\t\t<\/div>\n\t\t<\/section>\n\t\t\t\t<section data-particle_enable=\"false\" data-particle-mobile-disabled=\"false\" class=\"elementor-section elementor-top-section elementor-element elementor-element-8c3ec5a wrap_padding elementor-section-boxed elementor-section-height-default elementor-section-height-default\" data-id=\"8c3ec5a\" data-element_type=\"section\">\n\t\t\t\t\t\t<div class=\"elementor-container elementor-column-gap-default\">\n\t\t\t\t\t<div class=\"elementor-column elementor-col-100 elementor-top-column elementor-element elementor-element-1860f49\" data-id=\"1860f49\" data-element_type=\"column\">\n\t\t\t<div class=\"elementor-widget-wrap elementor-element-populated\">\n\t\t\t\t\t\t<div class=\"elementor-element elementor-element-5fcba19 elementor-widget elementor-widget-text-editor\" data-id=\"5fcba19\" data-element_type=\"widget\" data-widget_type=\"text-editor.default\">\n\t\t\t\t<div class=\"elementor-widget-container\">\n\t\t\t\t\t\t\t\t\t<h1 class=\"gold\">Actualizar los precios es un factor constante en la industria del pl\u00e1stico<\/h1>\n\t\t\t\t\t\t\t\t<\/div>\n\t\t\t\t<\/div>\n\t\t\t\t<div class=\"elementor-element elementor-element-a131e1f paragraf-400 udarno elementor-widget elementor-widget-text-editor\" data-id=\"a131e1f\" data-element_type=\"widget\" data-widget_type=\"text-editor.default\">\n\t\t\t\t<div class=\"elementor-widget-container\">\n\t\t\t\t\t\t\t\t\t<p>Sabemos que el costo de la resina fluct\u00faa continuamente y que la actualizaci\u00f3n de la lista de precios y los costos est\u00e1ndares, necesita estar al d\u00eda y ejecutarse eficiente y exactamente con el menor tiempo y esfuerzo posible. Si la estrategia es aumentar o mantener el mismo margen de rentabilidad pero con mejores beneficios, CyFrame ofrece las mejores herramientas del mercado para recalcular y entregar nuevas listas de precios profesionales actualizadas a sus clientes.<\/p>\n\t\t\t\t\t\t\t\t<\/div>\n\t\t\t\t<\/div>\n\t\t\t\t\t<\/div>\n\t\t<\/div>\n\t\t\t\t\t<\/div>\n\t\t<\/section>\n\t\t\t\t<section data-particle_enable=\"false\" data-particle-mobile-disabled=\"false\" class=\"elementor-section elementor-top-section elementor-element elementor-element-961a9a1 wrap_padding-top elementor-section-boxed elementor-section-height-default elementor-section-height-default\" data-id=\"961a9a1\" data-element_type=\"section\" data-settings=\"{&quot;background_background&quot;:&quot;classic&quot;}\">\n\t\t\t\t\t\t<div class=\"elementor-container elementor-column-gap-default\">\n\t\t\t\t\t<div class=\"elementor-column elementor-col-100 elementor-top-column elementor-element elementor-element-0956344\" data-id=\"0956344\" data-element_type=\"column\">\n\t\t\t<div class=\"elementor-widget-wrap elementor-element-populated\">\n\t\t\t\t\t\t<div class=\"elementor-element elementor-element-fa173c6 elementor-widget elementor-widget-text-editor\" data-id=\"fa173c6\" data-element_type=\"widget\" data-widget_type=\"text-editor.default\">\n\t\t\t\t<div class=\"elementor-widget-container\">\n\t\t\t\t\t\t\t\t\t<h1 class=\"blue\">Dise\u00f1ado para optimizar el proceso de revisi\u00f3n de listas de precios al cliente<\/h1>\n\t\t\t\t\t\t\t\t<\/div>\n\t\t\t\t<\/div>\n\t\t\t\t<div class=\"elementor-element elementor-element-2c039f6 osnovno-pe elementor-widget elementor-widget-text-editor\" data-id=\"2c039f6\" data-element_type=\"widget\" data-widget_type=\"text-editor.default\">\n\t\t\t\t<div class=\"elementor-widget-container\">\n\t\t\t\t\t\t\t\t\t<p class=\"center\">CyFrame fue dise\u00f1ado para optimizar la lista de precios al cliente a partir del proceso de revisi\u00f3n de la resina y las materias primas desde los proveedores hasta la creaci\u00f3n de nuevos costos est\u00e1ndares que luego se utilizan para recalcular la lista de precios al cliente con antelaci\u00f3n. Un conjunto completo de reportes muestra el impacto de los costos y sugiere nuevos precios, junto con la rentabilidad global del cliente, para tomar la decisi\u00f3n de los incrementos de los precios promedios.<\/p>\n<h4 style=\"text-align: center; color: #1b3a5d; font-size: 24px;\"><b>Nuestro proceso de revisi\u00f3n de listas de precios tiene las siguientes caracter\u00edsticas:<\/b><\/h4>\n\t\t\t\t\t\t\t\t<\/div>\n\t\t\t\t<\/div>\n\t\t\t\t\t<\/div>\n\t\t<\/div>\n\t\t\t\t\t<\/div>\n\t\t<\/section>\n\t\t\t\t<section data-particle_enable=\"false\" data-particle-mobile-disabled=\"false\" class=\"elementor-section elementor-top-section elementor-element elementor-element-f51d151  blow_molding-threeicons wrap_padding-bottom elementor-section-boxed elementor-section-height-default elementor-section-height-default\" data-id=\"f51d151\" data-element_type=\"section\" data-settings=\"{&quot;background_background&quot;:&quot;classic&quot;}\">\n\t\t\t\t\t\t<div class=\"elementor-container elementor-column-gap-default\">\n\t\t\t\t\t<div class=\"elementor-column elementor-col-50 elementor-top-column elementor-element elementor-element-e30c83b\" data-id=\"e30c83b\" data-element_type=\"column\">\n\t\t\t<div class=\"elementor-widget-wrap elementor-element-populated\">\n\t\t\t\t\t\t<div class=\"elementor-element elementor-element-5d14be2 osnovno-pe elementor-widget elementor-widget-text-editor\" data-id=\"5d14be2\" data-element_type=\"widget\" data-widget_type=\"text-editor.default\">\n\t\t\t\t<div class=\"elementor-widget-container\">\n\t\t\t\t\t\t\t\t\t<ul class=\"nabr-kocka\">\n<li>Pantallas sencillas que muestran el costo unitario anterior frente a al costo unitario nuevo<\/li>\n<li>Muestra el nuevo precio sugerido basado en el mismo margen de porcentaje o cambios de costos<\/li>\n<li>Puede aplicar autom\u00e1ticamente cualquier cantidad o porcentaje de aumento o disminuci\u00f3n<\/li>\n<li>Muestra todos los costos de fletes relacionados (incluidos o no) en el precio<\/li>\n<\/ul>\n\t\t\t\t\t\t\t\t<\/div>\n\t\t\t\t<\/div>\n\t\t\t\t\t<\/div>\n\t\t<\/div>\n\t\t\t\t<div class=\"elementor-column elementor-col-50 elementor-top-column elementor-element elementor-element-de927fe\" data-id=\"de927fe\" data-element_type=\"column\">\n\t\t\t<div class=\"elementor-widget-wrap elementor-element-populated\">\n\t\t\t\t\t\t<div class=\"elementor-element elementor-element-0bb9178 osnovno-pe elementor-widget elementor-widget-text-editor\" data-id=\"0bb9178\" data-element_type=\"widget\" data-widget_type=\"text-editor.default\">\n\t\t\t\t<div class=\"elementor-widget-container\">\n\t\t\t\t\t\t\t\t\t<ul class=\"nabr-kocka\">\n<li>La consideraci\u00f3n por los descuentos y comisiones externas<\/li>\n<li>Permite ingresar precios manuales \u200b\u200bo cargados desde Excel<\/li>\n<li>Informes de rentabilidad pueden verse antes y despu\u00e9s del impacto en la utilidad<\/li>\n<li>Reportes de revisi\u00f3n de precios simulados (se pueden imprimir para su posterior an\u00e1lisis o aprobaci\u00f3n)<\/li>\n<\/ul>\n\t\t\t\t\t\t\t\t<\/div>\n\t\t\t\t<\/div>\n\t\t\t\t\t<\/div>\n\t\t<\/div>\n\t\t\t\t\t<\/div>\n\t\t<\/section>\n\t\t\t\t<section data-particle_enable=\"false\" data-particle-mobile-disabled=\"false\" class=\"elementor-section elementor-top-section elementor-element elementor-element-84dc41e wrap_padding-top elementor-section-boxed elementor-section-height-default elementor-section-height-default\" data-id=\"84dc41e\" data-element_type=\"section\" data-settings=\"{&quot;background_background&quot;:&quot;classic&quot;}\">\n\t\t\t\t\t\t<div class=\"elementor-container elementor-column-gap-default\">\n\t\t\t\t\t<div class=\"elementor-column elementor-col-100 elementor-top-column elementor-element elementor-element-892c55a\" data-id=\"892c55a\" data-element_type=\"column\">\n\t\t\t<div class=\"elementor-widget-wrap elementor-element-populated\">\n\t\t\t\t\t\t<div class=\"elementor-element elementor-element-4613df9 elementor-widget elementor-widget-text-editor\" data-id=\"4613df9\" data-element_type=\"widget\" data-widget_type=\"text-editor.default\">\n\t\t\t\t<div class=\"elementor-widget-container\">\n\t\t\t\t\t\t\t\t\t<h1 class=\"gold\">Calcular nuevos precios r\u00e1pida y eficientemente es solo parte de la ecuaci\u00f3n<\/h1>\n\t\t\t\t\t\t\t\t<\/div>\n\t\t\t\t<\/div>\n\t\t\t\t<div class=\"elementor-element elementor-element-1451503 paragraf-400 sub-headline elementor-widget elementor-widget-text-editor\" data-id=\"1451503\" data-element_type=\"widget\" data-widget_type=\"text-editor.default\">\n\t\t\t\t<div class=\"elementor-widget-container\">\n\t\t\t\t\t\t\t\t\t<p class=\"center\">Calcular nuevos precios r\u00e1pida y eficientemente es solo parte de la ecuaci\u00f3n:<\/p>\n\t\t\t\t\t\t\t\t<\/div>\n\t\t\t\t<\/div>\n\t\t\t\t\t<\/div>\n\t\t<\/div>\n\t\t\t\t\t<\/div>\n\t\t<\/section>\n\t\t\t\t<section data-particle_enable=\"false\" data-particle-mobile-disabled=\"false\" class=\"elementor-section elementor-top-section elementor-element elementor-element-179996b wrap_padding-middle elementor-section-boxed elementor-section-height-default elementor-section-height-default\" data-id=\"179996b\" data-element_type=\"section\">\n\t\t\t\t\t\t<div class=\"elementor-container elementor-column-gap-default\">\n\t\t\t\t\t<div class=\"elementor-column elementor-col-50 elementor-top-column elementor-element elementor-element-c4ab755\" data-id=\"c4ab755\" data-element_type=\"column\">\n\t\t\t<div class=\"elementor-widget-wrap elementor-element-populated\">\n\t\t\t\t\t\t<div class=\"elementor-element elementor-element-2776826 osnovno-pe elementor-widget elementor-widget-text-editor\" data-id=\"2776826\" data-element_type=\"widget\" data-widget_type=\"text-editor.default\">\n\t\t\t\t<div class=\"elementor-widget-container\">\n\t\t\t\t\t\t\t\t\t<ul class=\"nabr-kocka\" style=\"font-size: 18px;\">\n<li style=\"color: #3d3d3d;\"><b> Listas de precios por Fax y e-mail:<\/b> Archivos PDF son generados autom\u00e1ticamente y enviados individualmente a clientes corporativos o en masa cuando una nueva lista de precios es aprobada<\/li>\n<li style=\"color: #3d3d3d;\"><b>M\u00f3dulo e-Commerce:<\/b> Auto servicio la opci\u00f3n a trav\u00e9s de su web corporativa.<\/li>\n<\/ul>\n\t\t\t\t\t\t\t\t<\/div>\n\t\t\t\t<\/div>\n\t\t\t\t\t<\/div>\n\t\t<\/div>\n\t\t\t\t<div class=\"elementor-column elementor-col-50 elementor-top-column elementor-element elementor-element-6079cdb\" data-id=\"6079cdb\" data-element_type=\"column\">\n\t\t\t<div class=\"elementor-widget-wrap elementor-element-populated\">\n\t\t\t\t\t\t<div class=\"elementor-element elementor-element-69bd49b elementor-widget elementor-widget-image\" data-id=\"69bd49b\" data-element_type=\"widget\" data-widget_type=\"image.default\">\n\t\t\t\t<div class=\"elementor-widget-container\">\n\t\t\t\t\t\t\t\t\t\t\t\t\t\t\t<img fetchpriority=\"high\" decoding=\"async\" width=\"525\" height=\"286\" src=\"https:\/\/www.cyframe.com\/wp-content\/uploads\/2020\/11\/img_price_list-SP.png\" class=\"attachment-medium_large size-medium_large wp-image-5194\" alt=\"\" srcset=\"https:\/\/www.cyframe.com\/wp-content\/uploads\/2020\/11\/img_price_list-SP.png 525w, https:\/\/www.cyframe.com\/wp-content\/uploads\/2020\/11\/img_price_list-SP-300x163.png 300w\" sizes=\"(max-width: 525px) 100vw, 525px\" \/>\t\t\t\t\t\t\t\t\t\t\t\t\t\t\t<\/div>\n\t\t\t\t<\/div>\n\t\t\t\t\t<\/div>\n\t\t<\/div>\n\t\t\t\t\t<\/div>\n\t\t<\/section>\n\t\t\t\t<section data-particle_enable=\"false\" data-particle-mobile-disabled=\"false\" class=\"elementor-section elementor-top-section elementor-element elementor-element-4cbc470 wrap_padding-bottom elementor-section-boxed elementor-section-height-default elementor-section-height-default\" data-id=\"4cbc470\" data-element_type=\"section\" data-settings=\"{&quot;background_background&quot;:&quot;classic&quot;}\">\n\t\t\t\t\t\t<div class=\"elementor-container elementor-column-gap-default\">\n\t\t\t\t\t<div class=\"elementor-column elementor-col-100 elementor-top-column elementor-element elementor-element-904322d\" data-id=\"904322d\" data-element_type=\"column\">\n\t\t\t<div class=\"elementor-widget-wrap elementor-element-populated\">\n\t\t\t\t\t\t<div class=\"elementor-element elementor-element-8c946c7 elementor-align-center gold-kopce elementor-widget elementor-widget-button\" data-id=\"8c946c7\" data-element_type=\"widget\" data-widget_type=\"button.default\">\n\t\t\t\t<div class=\"elementor-widget-container\">\n\t\t\t\t\t\t\t\t\t<div class=\"elementor-button-wrapper\">\n\t\t\t\t\t<a class=\"elementor-button elementor-button-link elementor-size-sm\" href=\"https:\/\/www.cyframe.com\/es\/obtenga-una-presentacion-gratuita\/\">\n\t\t\t\t\t\t<span class=\"elementor-button-content-wrapper\">\n\t\t\t\t\t\t\t\t\t<span class=\"elementor-button-text\">SOLICITE UNA PRESENTACI\u00d3N GRATUITA<\/span>\n\t\t\t\t\t<\/span>\n\t\t\t\t\t<\/a>\n\t\t\t\t<\/div>\n\t\t\t\t\t\t\t\t<\/div>\n\t\t\t\t<\/div>\n\t\t\t\t\t<\/div>\n\t\t<\/div>\n\t\t\t\t\t<\/div>\n\t\t<\/section>\n\t\t\t\t<\/div>\n\t\t","protected":false},"excerpt":{"rendered":"<p>Gesti\u00f3n de listas de precios Actualizar los precios es un factor constante en la industria del pl\u00e1stico Sabemos que el costo de la resina fluct\u00faa continuamente y que la actualizaci\u00f3n de la lista de precios y los costos est\u00e1ndares, necesita estar al d\u00eda y ejecutarse eficiente y exactamente con el menor tiempo y esfuerzo posible. [&hellip;]<\/p>\n","protected":false},"author":3,"featured_media":0,"parent":0,"menu_order":0,"comment_status":"closed","ping_status":"closed","template":"","meta":{"content-type":"","footnotes":""},"class_list":["post-2481","page","type-page","status-publish","hentry"],"_links":{"self":[{"href":"https:\/\/www.cyframe.com\/es\/wp-json\/wp\/v2\/pages\/2481","targetHints":{"allow":["GET"]}}],"collection":[{"href":"https:\/\/www.cyframe.com\/es\/wp-json\/wp\/v2\/pages"}],"about":[{"href":"https:\/\/www.cyframe.com\/es\/wp-json\/wp\/v2\/types\/page"}],"author":[{"embeddable":true,"href":"https:\/\/www.cyframe.com\/es\/wp-json\/wp\/v2\/users\/3"}],"replies":[{"embeddable":true,"href":"https:\/\/www.cyframe.com\/es\/wp-json\/wp\/v2\/comments?post=2481"}],"version-history":[{"count":11,"href":"https:\/\/www.cyframe.com\/es\/wp-json\/wp\/v2\/pages\/2481\/revisions"}],"predecessor-version":[{"id":6227,"href":"https:\/\/www.cyframe.com\/es\/wp-json\/wp\/v2\/pages\/2481\/revisions\/6227"}],"wp:attachment":[{"href":"https:\/\/www.cyframe.com\/es\/wp-json\/wp\/v2\/media?parent=2481"}],"curies":[{"name":"wp","href":"https:\/\/api.w.org\/{rel}","templated":true}]}}