{"id":2355,"date":"2020-10-12T21:20:04","date_gmt":"2020-10-12T21:20:04","guid":{"rendered":"https:\/\/www.cyframe.com\/home\/"},"modified":"2023-10-06T12:33:41","modified_gmt":"2023-10-06T16:33:41","slug":"inicio","status":"publish","type":"page","link":"https:\/\/www.cyframe.com\/es\/","title":{"rendered":"Inicio"},"content":{"rendered":"\t\t<div data-elementor-type=\"wp-page\" data-elementor-id=\"2355\" class=\"elementor elementor-2355 elementor-104\" data-elementor-post-type=\"page\">\n\t\t\t\t\t\t<section data-particle_enable=\"false\" data-particle-mobile-disabled=\"false\" class=\"elementor-section elementor-top-section elementor-element elementor-element-627f9f9 elementor-section-boxed elementor-section-height-default elementor-section-height-default\" data-id=\"627f9f9\" data-element_type=\"section\">\n\t\t\t\t\t\t<div class=\"elementor-container elementor-column-gap-default\">\n\t\t\t\t\t<div class=\"elementor-column elementor-col-100 elementor-top-column elementor-element elementor-element-e0fafdb\" data-id=\"e0fafdb\" data-element_type=\"column\">\n\t\t\t<div class=\"elementor-widget-wrap elementor-element-populated\">\n\t\t\t\t\t\t<div class=\"elementor-element elementor-element-929c1dd elementor-widget elementor-widget-heading\" data-id=\"929c1dd\" data-element_type=\"widget\" data-widget_type=\"heading.default\">\n\t\t\t\t<div class=\"elementor-widget-container\">\n\t\t\t\t\t<h2 class=\"elementor-heading-title elementor-size-default\">Art\u00edculos<\/h2>\t\t\t\t<\/div>\n\t\t\t\t<\/div>\n\t\t\t\t\t<\/div>\n\t\t<\/div>\n\t\t\t\t\t<\/div>\n\t\t<\/section>\n\t\t\t\t<section data-particle_enable=\"false\" data-particle-mobile-disabled=\"false\" class=\"elementor-section elementor-top-section elementor-element elementor-element-1f159620 elementor-section-full_width elementor-section-height-default elementor-section-height-default\" data-id=\"1f159620\" data-element_type=\"section\">\n\t\t\t\t\t\t<div class=\"elementor-container elementor-column-gap-no\">\n\t\t\t\t\t<div class=\"elementor-column elementor-col-100 elementor-top-column elementor-element elementor-element-2653c03f\" data-id=\"2653c03f\" data-element_type=\"column\">\n\t\t\t<div class=\"elementor-widget-wrap elementor-element-populated\">\n\t\t\t\t\t\t<div class=\"elementor-element elementor-element-44ba7a94 elementor--h-position-center elementor--v-position-middle elementor-arrows-position-inside elementor-pagination-position-inside elementor-widget elementor-widget-slides\" data-id=\"44ba7a94\" data-element_type=\"widget\" data-settings=\"{&quot;transition_speed&quot;:600,&quot;navigation&quot;:&quot;both&quot;,&quot;autoplay&quot;:&quot;yes&quot;,&quot;pause_on_hover&quot;:&quot;yes&quot;,&quot;pause_on_interaction&quot;:&quot;yes&quot;,&quot;autoplay_speed&quot;:5000,&quot;infinite&quot;:&quot;yes&quot;,&quot;transition&quot;:&quot;slide&quot;}\" data-widget_type=\"slides.default\">\n\t\t\t\t<div class=\"elementor-widget-container\">\n\t\t\t\t\t\t\t\t\t<div class=\"elementor-swiper\">\n\t\t\t\t\t<div class=\"elementor-slides-wrapper elementor-main-swiper swiper\" role=\"region\" aria-roledescription=\"carousel\" aria-label=\"Diapositivas\" dir=\"ltr\" data-animation=\"fadeInUp\">\n\t\t\t\t<div class=\"swiper-wrapper elementor-slides\">\n\t\t\t\t\t\t\t\t\t\t<div class=\"elementor-repeater-item-3b0488b swiper-slide\" role=\"group\" aria-roledescription=\"slide\"><div class=\"swiper-slide-bg\" role=\"img\"><\/div><a class=\"swiper-slide-inner\" href=\"https:\/\/www.cyframe.com\/es\/su-enfoque-para-el-calculo-de-costos-podria-estar-acabando-con-su-negocio\/\"><div class=\"swiper-slide-contents\"><div class=\"elementor-slide-heading\">Su enfoque para el c\u00e1lculo de costos podr\u00eda estar acabando con su negocio<\/div><div class=\"elementor-slide-description\"><p>Lea nuestro nuevo art\u00edculo sobre pl\u00e1sticos hoy y conozca mejores formas de calcular los costos<\/p>\n<\/div><div  class=\"elementor-button elementor-slide-button elementor-size-sm\">Leer M\u00e1s<\/div><\/div><\/a><\/div><div class=\"elementor-repeater-item-e3ac4b1 swiper-slide\" role=\"group\" aria-roledescription=\"slide\"><div class=\"swiper-slide-bg\" role=\"img\"><\/div><a class=\"swiper-slide-inner\" href=\"https:\/\/www.cyframe.com\/es\/erp-para-plasticos\/\"><div class=\"swiper-slide-contents\"><div class=\"elementor-slide-heading\">El ERP dise\u00f1ado para el crecimiento de los Procesadores de Pl\u00e1sticos<\/div><div class=\"elementor-slide-description\"><p>Soluci\u00f3n completa para el negocio y la planta de producci\u00f3n.<\/p>\n<\/div><div  class=\"elementor-button elementor-slide-button elementor-size-sm\">Leer M\u00e1s<\/div><\/div><\/a><\/div><div class=\"elementor-repeater-item-fc6f67d swiper-slide\" role=\"group\" aria-roledescription=\"slide\"><div class=\"swiper-slide-bg\" role=\"img\"><\/div><a class=\"swiper-slide-inner\" href=\"https:\/\/www.cyframe.com\/es\/mes-shop-data-acquisition\/\"><div class=\"swiper-slide-contents\"><div class=\"elementor-slide-heading\">Monitoreo de datos de la producci\u00f3n en tiempo real<\/div><div class=\"elementor-slide-description\"><p>Seguimiento de producci\u00f3n en vivo, movimientos de inventario, Control de lotes y m\u00e1s.<\/p>\n<\/div><div  class=\"elementor-button elementor-slide-button elementor-size-sm\">Leer M\u00e1s<\/div><\/div><\/a><\/div><div class=\"elementor-repeater-item-37bf3f8 swiper-slide\" role=\"group\" aria-roledescription=\"slide\"><div class=\"swiper-slide-bg\" role=\"img\"><\/div><a class=\"swiper-slide-inner\" href=\"https:\/\/www.cyframe.com\/es\/implementacion-de-proyectos\/\"><div class=\"swiper-slide-contents\"><div class=\"elementor-slide-heading\">JumpStart para el \u00e9xito<\/div><div class=\"elementor-slide-description\"><p>Nuestro enfoque \u00fanico para eliminar riesgos, reducir costos y aumentar el rendimiento.<\/p>\n<\/div><div  class=\"elementor-button elementor-slide-button elementor-size-sm\">Leer M\u00e1s<\/div><\/div><\/a><\/div><div class=\"elementor-repeater-item-3b82265 swiper-slide\" role=\"group\" aria-roledescription=\"slide\"><div class=\"swiper-slide-bg\" role=\"img\"><\/div><a class=\"swiper-slide-inner\" href=\"https:\/\/www.cyframe.com\/es\/proyectos-especiales\/\"><div class=\"swiper-slide-contents\"><div class=\"elementor-slide-heading\">Benef\u00edciese de 30 a\u00f1os de experiencia en la industria<\/div><div class=\"elementor-slide-description\"><p>Su Aliado Experto para Proyectos de Software.<\/p>\n<\/div><div  class=\"elementor-button elementor-slide-button elementor-size-sm\">Leer M\u00e1s<\/div><\/div><\/a><\/div>\t\t\t\t<\/div>\n\t\t\t\t\t\t\t\t\t\t\t\t\t\t\t<div class=\"elementor-swiper-button elementor-swiper-button-prev\" role=\"button\" tabindex=\"0\" aria-label=\"Diapositiva anterior\">\n\t\t\t\t\t\t\t<i aria-hidden=\"true\" class=\"eicon-chevron-left\"><\/i>\t\t\t\t\t\t<\/div>\n\t\t\t\t\t\t<div class=\"elementor-swiper-button elementor-swiper-button-next\" role=\"button\" tabindex=\"0\" aria-label=\"Diapositiva siguiente\">\n\t\t\t\t\t\t\t<i aria-hidden=\"true\" class=\"eicon-chevron-right\"><\/i>\t\t\t\t\t\t<\/div>\n\t\t\t\t\t\t\t\t\t\t\t\t\t\t\t\t<div class=\"swiper-pagination\"><\/div>\n\t\t\t\t\t\t\t\t\t\t\t\t<\/div>\n\t\t\t\t<\/div>\n\t\t\t\t\t\t\t\t<\/div>\n\t\t\t\t<\/div>\n\t\t\t\t\t<\/div>\n\t\t<\/div>\n\t\t\t\t\t<\/div>\n\t\t<\/section>\n\t\t\t\t<\/div>\n\t\t","protected":false},"excerpt":{"rendered":"<p>Art\u00edculos Su enfoque para el c\u00e1lculo de costos podr\u00eda estar acabando con su negocio Lea nuestro nuevo art\u00edculo sobre pl\u00e1sticos hoy y conozca mejores formas de calcular los costos Leer M\u00e1sEl ERP dise\u00f1ado para el crecimiento de los Procesadores de Pl\u00e1sticos Soluci\u00f3n completa para el negocio y la planta de producci\u00f3n. Leer M\u00e1sMonitoreo de datos [&hellip;]<\/p>\n","protected":false},"author":1,"featured_media":0,"parent":0,"menu_order":0,"comment_status":"closed","ping_status":"closed","template":"","meta":{"content-type":"","footnotes":""},"class_list":["post-2355","page","type-page","status-publish","hentry"],"_links":{"self":[{"href":"https:\/\/www.cyframe.com\/es\/wp-json\/wp\/v2\/pages\/2355","targetHints":{"allow":["GET"]}}],"collection":[{"href":"https:\/\/www.cyframe.com\/es\/wp-json\/wp\/v2\/pages"}],"about":[{"href":"https:\/\/www.cyframe.com\/es\/wp-json\/wp\/v2\/types\/page"}],"author":[{"embeddable":true,"href":"https:\/\/www.cyframe.com\/es\/wp-json\/wp\/v2\/users\/1"}],"replies":[{"embeddable":true,"href":"https:\/\/www.cyframe.com\/es\/wp-json\/wp\/v2\/comments?post=2355"}],"version-history":[{"count":6,"href":"https:\/\/www.cyframe.com\/es\/wp-json\/wp\/v2\/pages\/2355\/revisions"}],"predecessor-version":[{"id":7951,"href":"https:\/\/www.cyframe.com\/es\/wp-json\/wp\/v2\/pages\/2355\/revisions\/7951"}],"wp:attachment":[{"href":"https:\/\/www.cyframe.com\/es\/wp-json\/wp\/v2\/media?parent=2355"}],"curies":[{"name":"wp","href":"https:\/\/api.w.org\/{rel}","templated":true}]}}