{"id":2351,"date":"2020-10-17T11:34:52","date_gmt":"2020-10-17T11:34:52","guid":{"rendered":"https:\/\/www.cyframe.com\/profitability-reporting\/"},"modified":"2020-12-17T16:27:21","modified_gmt":"2020-12-17T16:27:21","slug":"informes-de-rentabilidad","status":"publish","type":"page","link":"https:\/\/www.cyframe.com\/es\/informes-de-rentabilidad\/","title":{"rendered":"Informes de Rentabilidad"},"content":{"rendered":"\t\t<div data-elementor-type=\"wp-page\" data-elementor-id=\"2351\" class=\"elementor elementor-2351 elementor-413\" data-elementor-post-type=\"page\">\n\t\t\t\t\t\t<section data-particle_enable=\"false\" data-particle-mobile-disabled=\"false\" class=\"elementor-section elementor-top-section elementor-element elementor-element-e6d59f5 elementor-section-boxed elementor-section-height-default elementor-section-height-default\" data-id=\"e6d59f5\" data-element_type=\"section\" data-settings=\"{&quot;background_background&quot;:&quot;classic&quot;}\">\n\t\t\t\t\t\t<div class=\"elementor-container elementor-column-gap-default\">\n\t\t\t\t\t<div class=\"elementor-column elementor-col-100 elementor-top-column elementor-element elementor-element-57d9419\" data-id=\"57d9419\" data-element_type=\"column\">\n\t\t\t<div class=\"elementor-widget-wrap elementor-element-populated\">\n\t\t\t\t\t\t<div class=\"elementor-element elementor-element-4303a1e elementor-widget elementor-widget-heading\" data-id=\"4303a1e\" data-element_type=\"widget\" data-widget_type=\"heading.default\">\n\t\t\t\t<div class=\"elementor-widget-container\">\n\t\t\t\t\t<h1 class=\"elementor-heading-title elementor-size-default\">Informes de Rentabilidad<\/h1>\t\t\t\t<\/div>\n\t\t\t\t<\/div>\n\t\t\t\t\t<\/div>\n\t\t<\/div>\n\t\t\t\t\t<\/div>\n\t\t<\/section>\n\t\t\t\t<section data-particle_enable=\"false\" data-particle-mobile-disabled=\"false\" class=\"elementor-section elementor-top-section elementor-element elementor-element-8c3ec5a wrap_padding elementor-section-boxed elementor-section-height-default elementor-section-height-default\" data-id=\"8c3ec5a\" data-element_type=\"section\">\n\t\t\t\t\t\t<div class=\"elementor-container elementor-column-gap-default\">\n\t\t\t\t\t<div class=\"elementor-column elementor-col-100 elementor-top-column elementor-element elementor-element-1860f49\" data-id=\"1860f49\" data-element_type=\"column\">\n\t\t\t<div class=\"elementor-widget-wrap elementor-element-populated\">\n\t\t\t\t\t\t<div class=\"elementor-element elementor-element-5fcba19 elementor-widget elementor-widget-text-editor\" data-id=\"5fcba19\" data-element_type=\"widget\" data-widget_type=\"text-editor.default\">\n\t\t\t\t<div class=\"elementor-widget-container\">\n\t\t\t\t\t\t\t\t\t<h1 class=\"gold\">Seguimiento de la rentabilidad en tiempo real mediante paneles PLC<\/h1>\n\t\t\t\t\t\t\t\t<\/div>\n\t\t\t\t<\/div>\n\t\t\t\t<div class=\"elementor-element elementor-element-a131e1f paragraf-400 udarno elementor-widget elementor-widget-text-editor\" data-id=\"a131e1f\" data-element_type=\"widget\" data-widget_type=\"text-editor.default\">\n\t\t\t\t<div class=\"elementor-widget-container\">\n\t\t\t\t\t\t\t\t\t<p>El software CyFrame \u201cdise\u00f1ado para pl\u00e1sticos\u201d integra la recopilaci\u00f3n de datos en la planta de trabajo con un m\u00f3dulo opcional PLC que le ayuda a controlar: Tiempos de inactividad, desperdicios, eficiencia en la producci\u00f3n y lo mantiene en contacto con sus operaciones en vivo. No se quede en el m\u00e9todo arcaico de compilar una y otra vez los datos para los reportes de final de mes para entender su rentabilidad. Ejecute reportes de producci\u00f3n al minuto en cualquier momento del d\u00eda, desde cualquier lugar y obtenga la informaci\u00f3n que necesita cuando la necesita para que pueda comenzar a administrar los negocios de hoy con la informaci\u00f3n de hoy.<\/p>\n\t\t\t\t\t\t\t\t<\/div>\n\t\t\t\t<\/div>\n\t\t\t\t\t<\/div>\n\t\t<\/div>\n\t\t\t\t\t<\/div>\n\t\t<\/section>\n\t\t\t\t<section data-particle_enable=\"false\" data-particle-mobile-disabled=\"false\" class=\"elementor-section elementor-top-section elementor-element elementor-element-f51d151 wrap_padding-top elementor-section-boxed elementor-section-height-default elementor-section-height-default\" data-id=\"f51d151\" data-element_type=\"section\" data-settings=\"{&quot;background_background&quot;:&quot;classic&quot;}\">\n\t\t\t\t\t\t<div class=\"elementor-container elementor-column-gap-default\">\n\t\t\t\t\t<div class=\"elementor-column elementor-col-100 elementor-top-column elementor-element elementor-element-5bf6007\" data-id=\"5bf6007\" data-element_type=\"column\">\n\t\t\t<div class=\"elementor-widget-wrap elementor-element-populated\">\n\t\t\t\t\t\t<div class=\"elementor-element elementor-element-09e4b17 elementor-widget elementor-widget-text-editor\" data-id=\"09e4b17\" data-element_type=\"widget\" data-widget_type=\"text-editor.default\">\n\t\t\t\t<div class=\"elementor-widget-container\">\n\t\t\t\t\t\t\t\t\t<h1 class=\"blue\">Obtenga informaci\u00f3n veraz de los resultados de desempe\u00f1o en tiempo real<\/h1>\n\t\t\t\t\t\t\t\t<\/div>\n\t\t\t\t<\/div>\n\t\t\t\t<div class=\"elementor-element elementor-element-e8c694f osnovno-pe elementor-widget elementor-widget-text-editor\" data-id=\"e8c694f\" data-element_type=\"widget\" data-widget_type=\"text-editor.default\">\n\t\t\t\t<div class=\"elementor-widget-container\">\n\t\t\t\t\t\t\t\t\t<p class=\"center\">Considere la posibilidad de conectar todas sus maquinas a trav\u00e9s de un controlador maestro PLC y tener la capacidad de hacer seguimiento de los resultados verdaderos al minuto contra el desempe\u00f1o esperado est\u00e1ndar de los objetivos definidos en todos sus productos terminados.<\/p>\n<p class=\"center\">El escaneo de productos terminados directamente en la l\u00ednea de producci\u00f3n evita tener que capturar manualmente los datos y luego volver a entrar los resultados por turnos de trabajo o diarios, en una pantalla o en un sistema diferente, mientras se tiene la materia prima y productos terminados actualizados en inventario. Para este prop\u00f3sito, una pantalla t\u00e1ctil b\u00e1sica y una interface para c\u00f3digo de barras pueden ser instalados en cada m\u00e1quina, en el centro de trabajo o en una ubicaci\u00f3n central en la planta de producci\u00f3n.<\/p>\n\t\t\t\t\t\t\t\t<\/div>\n\t\t\t\t<\/div>\n\t\t\t\t\t<\/div>\n\t\t<\/div>\n\t\t\t\t\t<\/div>\n\t\t<\/section>\n\t\t\t\t<section data-particle_enable=\"false\" data-particle-mobile-disabled=\"false\" class=\"elementor-section elementor-top-section elementor-element elementor-element-597b17c wrap_padding-bottom elementor-section-boxed elementor-section-height-default elementor-section-height-default\" data-id=\"597b17c\" data-element_type=\"section\" data-settings=\"{&quot;background_background&quot;:&quot;classic&quot;}\">\n\t\t\t\t\t\t<div class=\"elementor-container elementor-column-gap-default\">\n\t\t\t\t\t<div class=\"elementor-column elementor-col-50 elementor-top-column elementor-element elementor-element-1922b2d\" data-id=\"1922b2d\" data-element_type=\"column\">\n\t\t\t<div class=\"elementor-widget-wrap elementor-element-populated\">\n\t\t\t\t\t\t<div class=\"elementor-element elementor-element-205acee elementor-widget elementor-widget-image\" data-id=\"205acee\" data-element_type=\"widget\" data-widget_type=\"image.default\">\n\t\t\t\t<div class=\"elementor-widget-container\">\n\t\t\t\t\t\t\t\t\t\t\t\t\t\t\t<img fetchpriority=\"high\" decoding=\"async\" width=\"800\" height=\"538\" src=\"https:\/\/www.cyframe.com\/wp-content\/uploads\/2020\/10\/Punch-screen-Molding-ES.jpg\" class=\"attachment-large size-large wp-image-2926\" alt=\"\" srcset=\"https:\/\/www.cyframe.com\/wp-content\/uploads\/2020\/10\/Punch-screen-Molding-ES.jpg 1018w, https:\/\/www.cyframe.com\/wp-content\/uploads\/2020\/10\/Punch-screen-Molding-ES-300x202.jpg 300w, https:\/\/www.cyframe.com\/wp-content\/uploads\/2020\/10\/Punch-screen-Molding-ES-768x516.jpg 768w\" sizes=\"(max-width: 800px) 100vw, 800px\" \/>\t\t\t\t\t\t\t\t\t\t\t\t\t\t\t<\/div>\n\t\t\t\t<\/div>\n\t\t\t\t\t<\/div>\n\t\t<\/div>\n\t\t\t\t<div class=\"elementor-column elementor-col-50 elementor-top-column elementor-element elementor-element-370a730\" data-id=\"370a730\" data-element_type=\"column\">\n\t\t\t<div class=\"elementor-widget-wrap elementor-element-populated\">\n\t\t\t\t\t\t<div class=\"elementor-element elementor-element-f0e1dea elementor-widget elementor-widget-image\" data-id=\"f0e1dea\" data-element_type=\"widget\" data-widget_type=\"image.default\">\n\t\t\t\t<div class=\"elementor-widget-container\">\n\t\t\t\t\t\t\t\t\t\t\t\t\t\t\t<img decoding=\"async\" width=\"581\" height=\"251\" src=\"https:\/\/www.cyframe.com\/wp-content\/uploads\/2020\/10\/screen_molding_reporting_SP.png\" class=\"attachment-large size-large wp-image-3090\" alt=\"\" srcset=\"https:\/\/www.cyframe.com\/wp-content\/uploads\/2020\/10\/screen_molding_reporting_SP.png 581w, https:\/\/www.cyframe.com\/wp-content\/uploads\/2020\/10\/screen_molding_reporting_SP-300x130.png 300w\" sizes=\"(max-width: 581px) 100vw, 581px\" \/>\t\t\t\t\t\t\t\t\t\t\t\t\t\t\t<\/div>\n\t\t\t\t<\/div>\n\t\t\t\t\t<\/div>\n\t\t<\/div>\n\t\t\t\t\t<\/div>\n\t\t<\/section>\n\t\t\t\t<section data-particle_enable=\"false\" data-particle-mobile-disabled=\"false\" class=\"elementor-section elementor-top-section elementor-element elementor-element-84dc41e wrap_padding-top elementor-section-boxed elementor-section-height-default elementor-section-height-default\" data-id=\"84dc41e\" data-element_type=\"section\" data-settings=\"{&quot;background_background&quot;:&quot;classic&quot;}\">\n\t\t\t\t\t\t<div class=\"elementor-container elementor-column-gap-default\">\n\t\t\t\t\t<div class=\"elementor-column elementor-col-100 elementor-top-column elementor-element elementor-element-892c55a\" data-id=\"892c55a\" data-element_type=\"column\">\n\t\t\t<div class=\"elementor-widget-wrap elementor-element-populated\">\n\t\t\t\t\t\t<div class=\"elementor-element elementor-element-5da419e elementor-widget elementor-widget-text-editor\" data-id=\"5da419e\" data-element_type=\"widget\" data-widget_type=\"text-editor.default\">\n\t\t\t\t<div class=\"elementor-widget-container\">\n\t\t\t\t\t\t\t\t\t<h1 class=\"gold\">Seguimiento de la rentabilidad de la producci\u00f3n<\/h1>\n\t\t\t\t\t\t\t\t<\/div>\n\t\t\t\t<\/div>\n\t\t\t\t<div class=\"elementor-element elementor-element-1451503 paragraf-400 sub-headline elementor-widget elementor-widget-text-editor\" data-id=\"1451503\" data-element_type=\"widget\" data-widget_type=\"text-editor.default\">\n\t\t\t\t<div class=\"elementor-widget-container\">\n\t\t\t\t\t\t\t\t\t<p class=\"center\">CyFrame hace un mejor trabajo en el seguimiento de la rentabilidad de su producci\u00f3n. Con esta soluci\u00f3n integrada se entiende que su rentabilidad se puede mejorar sobre datos concretos, tales como:<\/p>\n\t\t\t\t\t\t\t\t<\/div>\n\t\t\t\t<\/div>\n\t\t\t\t\t<\/div>\n\t\t<\/div>\n\t\t\t\t\t<\/div>\n\t\t<\/section>\n\t\t\t\t<section data-particle_enable=\"false\" data-particle-mobile-disabled=\"false\" class=\"elementor-section elementor-top-section elementor-element elementor-element-179996b blow_molding-threeicons elementor-section-boxed elementor-section-height-default elementor-section-height-default\" data-id=\"179996b\" data-element_type=\"section\">\n\t\t\t\t\t\t<div class=\"elementor-container elementor-column-gap-default\">\n\t\t\t\t\t<div class=\"elementor-column elementor-col-33 elementor-top-column elementor-element elementor-element-c4ab755\" data-id=\"c4ab755\" data-element_type=\"column\">\n\t\t\t<div class=\"elementor-widget-wrap elementor-element-populated\">\n\t\t\t\t\t\t<div class=\"elementor-element elementor-element-4f34f76 elementor-widget elementor-widget-heading\" data-id=\"4f34f76\" data-element_type=\"widget\" data-widget_type=\"heading.default\">\n\t\t\t\t<div class=\"elementor-widget-container\">\n\t\t\t\t\t<h2 class=\"elementor-heading-title elementor-size-default\"><h3>Rendimiento de la producci\u00f3n Real vs Est\u00e1ndar<\/h3><\/h2>\t\t\t\t<\/div>\n\t\t\t\t<\/div>\n\t\t\t\t<div class=\"elementor-element elementor-element-2776826 osnovno-pe elementor-widget elementor-widget-text-editor\" data-id=\"2776826\" data-element_type=\"widget\" data-widget_type=\"text-editor.default\">\n\t\t\t\t<div class=\"elementor-widget-container\">\n\t\t\t\t\t\t\t\t\t<p>Un set completo de reportes detallados de rentabilidad sobre cualquier cliente, producto u orden de trabajo.<\/p>\n<p>Estos sets de reportes mostrar\u00e1 la eficiencia en los tiempos de producci\u00f3n, rendimiento de la producci\u00f3n contra los rechazos, cuantos y cuales fueron los rechazos y si el peso del producto era el esperado.<\/p>\n\t\t\t\t\t\t\t\t<\/div>\n\t\t\t\t<\/div>\n\t\t\t\t\t<\/div>\n\t\t<\/div>\n\t\t\t\t<div class=\"elementor-column elementor-col-33 elementor-top-column elementor-element elementor-element-9e53b8f\" data-id=\"9e53b8f\" data-element_type=\"column\">\n\t\t\t<div class=\"elementor-widget-wrap elementor-element-populated\">\n\t\t\t\t\t\t<div class=\"elementor-element elementor-element-b025b26 elementor-widget elementor-widget-heading\" data-id=\"b025b26\" data-element_type=\"widget\" data-widget_type=\"heading.default\">\n\t\t\t\t<div class=\"elementor-widget-container\">\n\t\t\t\t\t<h2 class=\"elementor-heading-title elementor-size-default\"><h3>Contribuci\u00f3n a la rentabilidad diaria de la producci\u00f3n<\/h3><\/h2>\t\t\t\t<\/div>\n\t\t\t\t<\/div>\n\t\t\t\t<div class=\"elementor-element elementor-element-c9219fc osnovno-pe elementor-widget elementor-widget-text-editor\" data-id=\"c9219fc\" data-element_type=\"widget\" data-widget_type=\"text-editor.default\">\n\t\t\t\t<div class=\"elementor-widget-container\">\n\t\t\t\t\t\t\t\t\t<p>Adem\u00e1s del seguimiento y el alcance de los objetivos de rendimiento de las \u00f3rdenes de trabajo otra serie de reportes calculan diariamente o por turno de trabajo el total de rentabilidad objetivo. Excluyendo cualquier rechazo, estos reportes informan c\u00f3mo cada turno de trabajo ha contribuido al objetivo general de rentabilidad. Esto pone en perspectiva, si el d\u00eda fue rentable y que turno de trabajo contribuy\u00f3 mas.<\/p>\n\t\t\t\t\t\t\t\t<\/div>\n\t\t\t\t<\/div>\n\t\t\t\t\t<\/div>\n\t\t<\/div>\n\t\t\t\t<div class=\"elementor-column elementor-col-33 elementor-top-column elementor-element elementor-element-6079cdb\" data-id=\"6079cdb\" data-element_type=\"column\">\n\t\t\t<div class=\"elementor-widget-wrap elementor-element-populated\">\n\t\t\t\t\t\t<div class=\"elementor-element elementor-element-32d6415 elementor-widget elementor-widget-heading\" data-id=\"32d6415\" data-element_type=\"widget\" data-widget_type=\"heading.default\">\n\t\t\t\t<div class=\"elementor-widget-container\">\n\t\t\t\t\t<h2 class=\"elementor-heading-title elementor-size-default\"><h3>Rentabilidad en la Lista de precios<\/h3><\/h2>\t\t\t\t<\/div>\n\t\t\t\t<\/div>\n\t\t\t\t<div class=\"elementor-element elementor-element-f8f1373 osnovno-pe elementor-widget elementor-widget-text-editor\" data-id=\"f8f1373\" data-element_type=\"widget\" data-widget_type=\"text-editor.default\">\n\t\t\t\t<div class=\"elementor-widget-container\">\n\t\t\t\t\t\t\t\t\t<p>\u00bfLos clientes han mantenido un acuerdo de acuerdo al nivel de compras?<\/p>\n<p>Hacer previsiones cortas puede ser menos beneficioso y contribuir menos a las ganancias esperadas. Este nivel de informaci\u00f3n tambi\u00e9n muestra la eficiencia de la producci\u00f3n y rechaza los niveles para cada parte de la lista de precios y tambi\u00e9n demuestra el impacto de los fletes en la rentabilidad global del cliente.<\/p>\n\t\t\t\t\t\t\t\t<\/div>\n\t\t\t\t<\/div>\n\t\t\t\t\t<\/div>\n\t\t<\/div>\n\t\t\t\t\t<\/div>\n\t\t<\/section>\n\t\t\t\t<section data-particle_enable=\"false\" data-particle-mobile-disabled=\"false\" class=\"elementor-section elementor-top-section elementor-element elementor-element-bc2d506 wrap_padding-bottom elementor-section-boxed elementor-section-height-default elementor-section-height-default\" data-id=\"bc2d506\" data-element_type=\"section\" data-settings=\"{&quot;background_background&quot;:&quot;classic&quot;}\">\n\t\t\t\t\t\t<div class=\"elementor-container elementor-column-gap-default\">\n\t\t\t\t\t<div class=\"elementor-column elementor-col-100 elementor-top-column elementor-element elementor-element-421d21e\" data-id=\"421d21e\" data-element_type=\"column\">\n\t\t\t<div class=\"elementor-widget-wrap elementor-element-populated\">\n\t\t\t\t\t\t<div class=\"elementor-element elementor-element-88d0b4e elementor-align-center gold-kopce elementor-widget elementor-widget-button\" data-id=\"88d0b4e\" data-element_type=\"widget\" data-widget_type=\"button.default\">\n\t\t\t\t<div class=\"elementor-widget-container\">\n\t\t\t\t\t\t\t\t\t<div class=\"elementor-button-wrapper\">\n\t\t\t\t\t<a class=\"elementor-button elementor-button-link elementor-size-sm\" href=\"https:\/\/www.cyframe.com\/es\/obtenga-una-presentacion-gratuita\/\">\n\t\t\t\t\t\t<span class=\"elementor-button-content-wrapper\">\n\t\t\t\t\t\t\t\t\t<span class=\"elementor-button-text\">SOLICITE UNA PRESENTACI\u00d3N GRATUITA<\/span>\n\t\t\t\t\t<\/span>\n\t\t\t\t\t<\/a>\n\t\t\t\t<\/div>\n\t\t\t\t\t\t\t\t<\/div>\n\t\t\t\t<\/div>\n\t\t\t\t\t<\/div>\n\t\t<\/div>\n\t\t\t\t\t<\/div>\n\t\t<\/section>\n\t\t\t\t<\/div>\n\t\t","protected":false},"excerpt":{"rendered":"<p>Informes de Rentabilidad Seguimiento de la rentabilidad en tiempo real mediante paneles PLC El software CyFrame \u201cdise\u00f1ado para pl\u00e1sticos\u201d integra la recopilaci\u00f3n de datos en la planta de trabajo con un m\u00f3dulo opcional PLC que le ayuda a controlar: Tiempos de inactividad, desperdicios, eficiencia en la producci\u00f3n y lo mantiene en contacto con sus operaciones [&hellip;]<\/p>\n","protected":false},"author":3,"featured_media":0,"parent":0,"menu_order":0,"comment_status":"closed","ping_status":"closed","template":"","meta":{"content-type":"","footnotes":""},"class_list":["post-2351","page","type-page","status-publish","hentry"],"_links":{"self":[{"href":"https:\/\/www.cyframe.com\/es\/wp-json\/wp\/v2\/pages\/2351","targetHints":{"allow":["GET"]}}],"collection":[{"href":"https:\/\/www.cyframe.com\/es\/wp-json\/wp\/v2\/pages"}],"about":[{"href":"https:\/\/www.cyframe.com\/es\/wp-json\/wp\/v2\/types\/page"}],"author":[{"embeddable":true,"href":"https:\/\/www.cyframe.com\/es\/wp-json\/wp\/v2\/users\/3"}],"replies":[{"embeddable":true,"href":"https:\/\/www.cyframe.com\/es\/wp-json\/wp\/v2\/comments?post=2351"}],"version-history":[{"count":19,"href":"https:\/\/www.cyframe.com\/es\/wp-json\/wp\/v2\/pages\/2351\/revisions"}],"predecessor-version":[{"id":6245,"href":"https:\/\/www.cyframe.com\/es\/wp-json\/wp\/v2\/pages\/2351\/revisions\/6245"}],"wp:attachment":[{"href":"https:\/\/www.cyframe.com\/es\/wp-json\/wp\/v2\/media?parent=2351"}],"curies":[{"name":"wp","href":"https:\/\/api.w.org\/{rel}","templated":true}]}}