{"id":2280,"date":"2020-10-14T11:15:34","date_gmt":"2020-10-14T11:15:34","guid":{"rendered":"https:\/\/www.cyframe.com\/jump-start\/"},"modified":"2020-12-17T15:45:30","modified_gmt":"2020-12-17T15:45:30","slug":"implementacion-de-proyectos","status":"publish","type":"page","link":"https:\/\/www.cyframe.com\/es\/implementacion-de-proyectos\/","title":{"rendered":"Implementaci\u00f3n de Proyectos"},"content":{"rendered":"\t\t<div data-elementor-type=\"wp-page\" data-elementor-id=\"2280\" class=\"elementor elementor-2280 elementor-297\" data-elementor-post-type=\"page\">\n\t\t\t\t\t\t<section data-particle_enable=\"false\" data-particle-mobile-disabled=\"false\" class=\"elementor-section elementor-top-section elementor-element elementor-element-e6d59f5 elementor-section-boxed elementor-section-height-default elementor-section-height-default\" data-id=\"e6d59f5\" data-element_type=\"section\" data-settings=\"{&quot;background_background&quot;:&quot;classic&quot;}\">\n\t\t\t\t\t\t<div class=\"elementor-container elementor-column-gap-default\">\n\t\t\t\t\t<div class=\"elementor-column elementor-col-100 elementor-top-column elementor-element elementor-element-57d9419\" data-id=\"57d9419\" data-element_type=\"column\">\n\t\t\t<div class=\"elementor-widget-wrap elementor-element-populated\">\n\t\t\t\t\t\t<div class=\"elementor-element elementor-element-4303a1e elementor-widget elementor-widget-heading\" data-id=\"4303a1e\" data-element_type=\"widget\" data-widget_type=\"heading.default\">\n\t\t\t\t<div class=\"elementor-widget-container\">\n\t\t\t\t\t<h1 class=\"elementor-heading-title elementor-size-default\">Implementaci\u00f3n de Proyectos<\/h1>\t\t\t\t<\/div>\n\t\t\t\t<\/div>\n\t\t\t\t\t<\/div>\n\t\t<\/div>\n\t\t\t\t\t<\/div>\n\t\t<\/section>\n\t\t\t\t<section data-particle_enable=\"false\" data-particle-mobile-disabled=\"false\" class=\"elementor-section elementor-top-section elementor-element elementor-element-8c3ec5a wrap_padding elementor-section-boxed elementor-section-height-default elementor-section-height-default\" data-id=\"8c3ec5a\" data-element_type=\"section\">\n\t\t\t\t\t\t<div class=\"elementor-container elementor-column-gap-default\">\n\t\t\t\t\t<div class=\"elementor-column elementor-col-100 elementor-top-column elementor-element elementor-element-1860f49\" data-id=\"1860f49\" data-element_type=\"column\">\n\t\t\t<div class=\"elementor-widget-wrap elementor-element-populated\">\n\t\t\t\t\t\t<div class=\"elementor-element elementor-element-5fcba19 elementor-widget elementor-widget-text-editor\" data-id=\"5fcba19\" data-element_type=\"widget\" data-widget_type=\"text-editor.default\">\n\t\t\t\t<div class=\"elementor-widget-container\">\n\t\t\t\t\t\t\t\t\t<h1 class=\"gold\">Programa JumpStart para el \u00c9xito<\/h1>\n\t\t\t\t\t\t\t\t<\/div>\n\t\t\t\t<\/div>\n\t\t\t\t<div class=\"elementor-element elementor-element-a131e1f paragraf-400 udarno elementor-widget elementor-widget-text-editor\" data-id=\"a131e1f\" data-element_type=\"widget\" data-widget_type=\"text-editor.default\">\n\t\t\t\t<div class=\"elementor-widget-container\">\n\t\t\t\t\t\t\t\t\t<p style=\"text-align: center;\"><span style=\"color: #1b3a5d; font-size: 24px;\">CyFrame ha desarrollado su programa JumpStart para asegurar que sus clientes implementen y hagan un uso total de su nuevo ERP con el fin de mejorar la rentabilidad y la eficiencia de su empresa.<\/span><\/p>\n<p style=\"text-align: center;\"><span style=\"color: #1b3a5d; font-size: 24px;\">El programa JumpStart est\u00e1 dise\u00f1ado para ofrecer una tasa de implementaci\u00f3n del 100% y aborda los numerosos problemas que llevan a que solo el 25% de los ERP se implementen completamente en diferentes industrias.<\/span><\/p>\n<p style=\"text-align: center;\"><span style=\"color: #1b3a5d; font-size: 24px;\">Gracias a nuestras d\u00e9cadas de experiencia en la implementaci\u00f3n de ERP y en la industria del pl\u00e1stico, podemos guiar a los fabricantes a trav\u00e9s de una serie de pasos secuenciales y estrat\u00e9gicos, con lo que podemos ayudarles a minimizar los riesgos iniciales, asegurar que su equipo est\u00e9 totalmente comprometido desde el comienzo y suministrar la capacitaci\u00f3n necesaria para asegurar un uso total y efectivo del ERP por parte de los empleados.<\/span><\/p>\n\t\t\t\t\t\t\t\t<\/div>\n\t\t\t\t<\/div>\n\t\t\t\t\t<\/div>\n\t\t<\/div>\n\t\t\t\t\t<\/div>\n\t\t<\/section>\n\t\t\t\t<section data-particle_enable=\"false\" data-particle-mobile-disabled=\"false\" class=\"elementor-section elementor-top-section elementor-element elementor-element-ee00755 wrap_padding-top elementor-section-boxed elementor-section-height-default elementor-section-height-default\" data-id=\"ee00755\" data-element_type=\"section\" data-settings=\"{&quot;background_background&quot;:&quot;classic&quot;}\">\n\t\t\t\t\t\t<div class=\"elementor-container elementor-column-gap-default\">\n\t\t\t\t\t<div class=\"elementor-column elementor-col-100 elementor-top-column elementor-element elementor-element-236b9d2\" data-id=\"236b9d2\" data-element_type=\"column\">\n\t\t\t<div class=\"elementor-widget-wrap elementor-element-populated\">\n\t\t\t\t\t\t<div class=\"elementor-element elementor-element-2e29773 elementor-widget elementor-widget-text-editor\" data-id=\"2e29773\" data-element_type=\"widget\" data-widget_type=\"text-editor.default\">\n\t\t\t\t<div class=\"elementor-widget-container\">\n\t\t\t\t\t\t\t\t\t<h1 class=\"blue\">Un enfoque paso a paso<\/h1>\n\t\t\t\t\t\t\t\t<\/div>\n\t\t\t\t<\/div>\n\t\t\t\t\t<\/div>\n\t\t<\/div>\n\t\t\t\t\t<\/div>\n\t\t<\/section>\n\t\t\t\t<section data-particle_enable=\"false\" data-particle-mobile-disabled=\"false\" class=\"elementor-section elementor-top-section elementor-element elementor-element-e02da59 blow_molding-threeicons wrap_padding-bottom elementor-section-boxed elementor-section-height-default elementor-section-height-default\" data-id=\"e02da59\" data-element_type=\"section\" data-settings=\"{&quot;background_background&quot;:&quot;classic&quot;}\">\n\t\t\t\t\t\t<div class=\"elementor-container elementor-column-gap-default\">\n\t\t\t\t\t<div class=\"elementor-column elementor-col-33 elementor-top-column elementor-element elementor-element-e38ecfa\" data-id=\"e38ecfa\" data-element_type=\"column\">\n\t\t\t<div class=\"elementor-widget-wrap elementor-element-populated\">\n\t\t\t\t\t\t<div class=\"elementor-element elementor-element-cfebbd9 osnovno-pe elementor-widget elementor-widget-text-editor\" data-id=\"cfebbd9\" data-element_type=\"widget\" data-widget_type=\"text-editor.default\">\n\t\t\t\t<div class=\"elementor-widget-container\">\n\t\t\t\t\t\t\t\t\t<h3>Eliminar los riesgos<\/h3>\n<p>CyFrame proporciona la asistencia inicial y continua que garantiza que su ERP cumpla con sus metas y objetivos de rendimiento. Seguimos los pasos que hemos dise\u00f1ado estrat\u00e9gicamente para abordar los problemas m\u00e1s comunes y los desaf\u00edos inesperados.<\/p>\n\t\t\t\t\t\t\t\t<\/div>\n\t\t\t\t<\/div>\n\t\t\t\t\t<\/div>\n\t\t<\/div>\n\t\t\t\t<div class=\"elementor-column elementor-col-33 elementor-top-column elementor-element elementor-element-412e33a\" data-id=\"412e33a\" data-element_type=\"column\">\n\t\t\t<div class=\"elementor-widget-wrap elementor-element-populated\">\n\t\t\t\t\t\t<div class=\"elementor-element elementor-element-5c3029f osnovno-pe elementor-widget elementor-widget-text-editor\" data-id=\"5c3029f\" data-element_type=\"widget\" data-widget_type=\"text-editor.default\">\n\t\t\t\t<div class=\"elementor-widget-container\">\n\t\t\t\t\t\t\t\t\t<h3>Impulsar el proyecto<\/h3>\n<p>CyFrame se alinea con la alta gerencia y con todos los miembros de alta influencia en el equipo para obtener el respaldo total para el ERP y as\u00ed fomentar el compromiso total para posibilitar la entrega de resultados concretos.<\/p>\n\t\t\t\t\t\t\t\t<\/div>\n\t\t\t\t<\/div>\n\t\t\t\t\t<\/div>\n\t\t<\/div>\n\t\t\t\t<div class=\"elementor-column elementor-col-33 elementor-top-column elementor-element elementor-element-0901a38\" data-id=\"0901a38\" data-element_type=\"column\">\n\t\t\t<div class=\"elementor-widget-wrap elementor-element-populated\">\n\t\t\t\t\t\t<div class=\"elementor-element elementor-element-717242f osnovno-pe elementor-widget elementor-widget-text-editor\" data-id=\"717242f\" data-element_type=\"widget\" data-widget_type=\"text-editor.default\">\n\t\t\t\t<div class=\"elementor-widget-container\">\n\t\t\t\t\t\t\t\t\t<h3>Asegurar el \u00e9xito<\/h3>\n<p>El riguroso programa JumpStart de CyFrame incluye m\u00faltiples simulaciones, m\u00e9todos eficientes de carga de datos y entrenamiento de \u00absupervivencia\u00bb para optimizar el rendimiento y maximizar el \u00e9xito a lo largo de su organizaci\u00f3n.<\/p>\n\t\t\t\t\t\t\t\t<\/div>\n\t\t\t\t<\/div>\n\t\t\t\t\t<\/div>\n\t\t<\/div>\n\t\t\t\t\t<\/div>\n\t\t<\/section>\n\t\t\t\t<section data-particle_enable=\"false\" data-particle-mobile-disabled=\"false\" class=\"elementor-section elementor-top-section elementor-element elementor-element-2705db8 wrap_padding-najdole elementor-section-boxed elementor-section-height-default elementor-section-height-default\" data-id=\"2705db8\" data-element_type=\"section\" data-settings=\"{&quot;background_background&quot;:&quot;classic&quot;}\">\n\t\t\t\t\t\t<div class=\"elementor-container elementor-column-gap-default\">\n\t\t\t\t\t<div class=\"elementor-column elementor-col-100 elementor-top-column elementor-element elementor-element-f5fb524\" data-id=\"f5fb524\" data-element_type=\"column\">\n\t\t\t<div class=\"elementor-widget-wrap elementor-element-populated\">\n\t\t\t\t\t\t<div class=\"elementor-element elementor-element-1dc3c59 elementor-widget elementor-widget-text-editor\" data-id=\"1dc3c59\" data-element_type=\"widget\" data-widget_type=\"text-editor.default\">\n\t\t\t\t<div class=\"elementor-widget-container\">\n\t\t\t\t\t\t\t\t\t<h1 class=\"gold\">Recursos relacionados importantes<\/h1>\n\t\t\t\t\t\t\t\t<\/div>\n\t\t\t\t<\/div>\n\t\t\t\t\t<\/div>\n\t\t<\/div>\n\t\t\t\t\t<\/div>\n\t\t<\/section>\n\t\t\t\t<section data-particle_enable=\"false\" data-particle-mobile-disabled=\"false\" class=\"elementor-section elementor-top-section elementor-element elementor-element-bf7ae39 wrap_padding-bottom elementor-section-boxed elementor-section-height-default elementor-section-height-default\" data-id=\"bf7ae39\" data-element_type=\"section\" data-settings=\"{&quot;background_background&quot;:&quot;classic&quot;}\">\n\t\t\t\t\t\t<div class=\"elementor-container elementor-column-gap-default\">\n\t\t\t\t\t<div class=\"elementor-column elementor-col-50 elementor-top-column elementor-element elementor-element-73e591c\" data-id=\"73e591c\" data-element_type=\"column\">\n\t\t\t<div class=\"elementor-widget-wrap elementor-element-populated\">\n\t\t\t\t\t\t<div class=\"elementor-element elementor-element-e5afd65 zatemneti_fotki elementor-widget elementor-widget-text-editor\" data-id=\"e5afd65\" data-element_type=\"widget\" data-widget_type=\"text-editor.default\">\n\t\t\t\t<div class=\"elementor-widget-container\">\n\t\t\t\t\t\t\t\t\t<h5><a href=\"\/es\/category\/recursos\/whitepapers-es\/\"> LIBROS BLANCOS,<\/a> <a href=\"\/es\/category\/recursos\/\" rel=\"category tag\"> RECURSOS <\/a><\/h5>\n<h3><a href=\"\/es\/logre-que-su-siguiente-planificacion-de-recursos-empresariales-erp-sea-la-toma-de-decision-mas-rentable-para-el-procesamiento-del-plastico\/\"> Logre que su siguiente ERP sea la decisi\u00f3n m\u00e1s rentable para su operaci\u00f3n de procesamiento del pl\u00e1stico <\/a><\/h3>\n<p><a href=\"\/es\/logre-que-su-siguiente-planificacion-de-recursos-empresariales-erp-sea-la-toma-de-decision-mas-rentable-para-el-procesamiento-del-plastico\/\"><button> Leer M\u00e1s<\/button><\/a><\/p>\n\t\t\t\t\t\t\t\t<\/div>\n\t\t\t\t<\/div>\n\t\t\t\t\t<\/div>\n\t\t<\/div>\n\t\t\t\t<div class=\"elementor-column elementor-col-50 elementor-top-column elementor-element elementor-element-e09a06e\" data-id=\"e09a06e\" data-element_type=\"column\">\n\t\t\t<div class=\"elementor-widget-wrap elementor-element-populated\">\n\t\t\t\t\t\t<div class=\"elementor-element elementor-element-dd125db zatemneti_fotki elementor-widget elementor-widget-text-editor\" data-id=\"dd125db\" data-element_type=\"widget\" data-widget_type=\"text-editor.default\">\n\t\t\t\t<div class=\"elementor-widget-container\">\n\t\t\t\t\t\t\t\t\t<h5><a href=\"\/es\/category\/recursos\/case-studies-es\/\"> CASOS DE ESTUDIO <\/a>, <a href=\"\/es\/category\/recursos\/\" rel=\"category tag\"> RECURSOS <\/a><\/h5>\n<h3><a href=\"\/es\/implementacion-para-extrusores-de-perfiles-en-tiempo-record\/\"> Implementaci\u00f3n para Extrusores de Perfiles en Tiempo R\u00e9cord <\/a><\/h3>\n<p><a href=\"\/es\/implementacion-para-extrusores-de-perfiles-en-tiempo-record\/\"><button> Leer M\u00e1s <\/button><\/a><\/p>\n\t\t\t\t\t\t\t\t<\/div>\n\t\t\t\t<\/div>\n\t\t\t\t\t<\/div>\n\t\t<\/div>\n\t\t\t\t\t<\/div>\n\t\t<\/section>\n\t\t\t\t<\/div>\n\t\t","protected":false},"excerpt":{"rendered":"<p>Implementaci\u00f3n de Proyectos Programa JumpStart para el \u00c9xito CyFrame ha desarrollado su programa JumpStart para asegurar que sus clientes implementen y hagan un uso total de su nuevo ERP con el fin de mejorar la rentabilidad y la eficiencia de su empresa. El programa JumpStart est\u00e1 dise\u00f1ado para ofrecer una tasa de implementaci\u00f3n del 100% [&hellip;]<\/p>\n","protected":false},"author":1,"featured_media":0,"parent":0,"menu_order":0,"comment_status":"closed","ping_status":"closed","template":"","meta":{"content-type":"","footnotes":""},"class_list":["post-2280","page","type-page","status-publish","hentry"],"_links":{"self":[{"href":"https:\/\/www.cyframe.com\/es\/wp-json\/wp\/v2\/pages\/2280","targetHints":{"allow":["GET"]}}],"collection":[{"href":"https:\/\/www.cyframe.com\/es\/wp-json\/wp\/v2\/pages"}],"about":[{"href":"https:\/\/www.cyframe.com\/es\/wp-json\/wp\/v2\/types\/page"}],"author":[{"embeddable":true,"href":"https:\/\/www.cyframe.com\/es\/wp-json\/wp\/v2\/users\/1"}],"replies":[{"embeddable":true,"href":"https:\/\/www.cyframe.com\/es\/wp-json\/wp\/v2\/comments?post=2280"}],"version-history":[{"count":8,"href":"https:\/\/www.cyframe.com\/es\/wp-json\/wp\/v2\/pages\/2280\/revisions"}],"predecessor-version":[{"id":6234,"href":"https:\/\/www.cyframe.com\/es\/wp-json\/wp\/v2\/pages\/2280\/revisions\/6234"}],"wp:attachment":[{"href":"https:\/\/www.cyframe.com\/es\/wp-json\/wp\/v2\/media?parent=2280"}],"curies":[{"name":"wp","href":"https:\/\/api.w.org\/{rel}","templated":true}]}}