{"id":2258,"date":"2020-10-14T11:31:14","date_gmt":"2020-10-14T11:31:14","guid":{"rendered":"https:\/\/www.cyframe.com\/special-projects\/"},"modified":"2020-12-22T15:17:37","modified_gmt":"2020-12-22T15:17:37","slug":"proyectos-especiales","status":"publish","type":"page","link":"https:\/\/www.cyframe.com\/es\/proyectos-especiales\/","title":{"rendered":"Proyectos Especiales"},"content":{"rendered":"\t\t<div data-elementor-type=\"wp-page\" data-elementor-id=\"2258\" class=\"elementor elementor-2258 elementor-312\" data-elementor-post-type=\"page\">\n\t\t\t\t\t\t<section data-particle_enable=\"false\" data-particle-mobile-disabled=\"false\" class=\"elementor-section elementor-top-section elementor-element elementor-element-e6d59f5 elementor-section-boxed elementor-section-height-default elementor-section-height-default\" data-id=\"e6d59f5\" data-element_type=\"section\" data-settings=\"{&quot;background_background&quot;:&quot;classic&quot;}\">\n\t\t\t\t\t\t<div class=\"elementor-container elementor-column-gap-default\">\n\t\t\t\t\t<div class=\"elementor-column elementor-col-100 elementor-top-column elementor-element elementor-element-57d9419\" data-id=\"57d9419\" data-element_type=\"column\">\n\t\t\t<div class=\"elementor-widget-wrap elementor-element-populated\">\n\t\t\t\t\t\t<div class=\"elementor-element elementor-element-4303a1e elementor-widget elementor-widget-heading\" data-id=\"4303a1e\" data-element_type=\"widget\" data-widget_type=\"heading.default\">\n\t\t\t\t<div class=\"elementor-widget-container\">\n\t\t\t\t\t<h1 class=\"elementor-heading-title elementor-size-default\">Proyectos Especiales<\/h1>\t\t\t\t<\/div>\n\t\t\t\t<\/div>\n\t\t\t\t\t<\/div>\n\t\t<\/div>\n\t\t\t\t\t<\/div>\n\t\t<\/section>\n\t\t\t\t<section data-particle_enable=\"false\" data-particle-mobile-disabled=\"false\" class=\"elementor-section elementor-top-section elementor-element elementor-element-8c3ec5a wrap_padding elementor-section-boxed elementor-section-height-default elementor-section-height-default\" data-id=\"8c3ec5a\" data-element_type=\"section\">\n\t\t\t\t\t\t<div class=\"elementor-container elementor-column-gap-default\">\n\t\t\t\t\t<div class=\"elementor-column elementor-col-100 elementor-top-column elementor-element elementor-element-1860f49\" data-id=\"1860f49\" data-element_type=\"column\">\n\t\t\t<div class=\"elementor-widget-wrap elementor-element-populated\">\n\t\t\t\t\t\t<div class=\"elementor-element elementor-element-5fcba19 elementor-widget elementor-widget-text-editor\" data-id=\"5fcba19\" data-element_type=\"widget\" data-widget_type=\"text-editor.default\">\n\t\t\t\t<div class=\"elementor-widget-container\">\n\t\t\t\t\t\t\t\t\t<h1 class=\"gold\"> Proyectos Especiales<\/h1>\n\t\t\t\t\t\t\t\t<\/div>\n\t\t\t\t<\/div>\n\t\t\t\t<div class=\"elementor-element elementor-element-a131e1f paragraf-400 udarno  elementor-widget elementor-widget-text-editor\" data-id=\"a131e1f\" data-element_type=\"widget\" data-widget_type=\"text-editor.default\">\n\t\t\t\t<div class=\"elementor-widget-container\">\n\t\t\t\t\t\t\t\t\t<p style=\"font-size:24px;\">En CyFrame convertimos los desaf\u00edos en oportunidades haciendo uso de nuestros servicios de proyectos especiales en los que adoptamos un enfoque prudente y confiable para validar los requisitos y para establecer un verdadero retorno de la inversi\u00f3n. Los pilotos y prototipos ERP cuestan una fracci\u00f3n de un proyecto completo y sin embargo hacen uso total del conocimiento y la experiencia vers\u00e1til de CyFrame para construir soluciones ERP y aplicaciones web robustas, escalables y mantenibles. Al iniciar un trabajo con nuestros clientes, nos tomamos el tiempo necesario para entender los objetivos del negocio y brindar servicios de asesoramiento adecuados para guiar a los directivos en la toma de decisiones y el planteamiento de la mejor estrategia para superar los retos y alcanzar las metas empresariales. Nuestro equipo de desarrolladores sigue las mejores pr\u00e1cticas y cumple con los est\u00e1ndares usando tecnolog\u00eda altamente innovadora.<\/p>\n\t\t\t\t\t\t\t\t<\/div>\n\t\t\t\t<\/div>\n\t\t\t\t\t<\/div>\n\t\t<\/div>\n\t\t\t\t\t<\/div>\n\t\t<\/section>\n\t\t\t\t<section data-particle_enable=\"false\" data-particle-mobile-disabled=\"false\" class=\"elementor-section elementor-top-section elementor-element elementor-element-e02da59 blow_molding-threeicons elementor-section-boxed elementor-section-height-default elementor-section-height-default\" data-id=\"e02da59\" data-element_type=\"section\" data-settings=\"{&quot;background_background&quot;:&quot;classic&quot;}\">\n\t\t\t\t\t\t<div class=\"elementor-container elementor-column-gap-default\">\n\t\t\t\t\t<div class=\"elementor-column elementor-col-33 elementor-top-column elementor-element elementor-element-e38ecfa\" data-id=\"e38ecfa\" data-element_type=\"column\">\n\t\t\t<div class=\"elementor-widget-wrap elementor-element-populated\">\n\t\t\t\t\t\t<div class=\"elementor-element elementor-element-cfebbd9 osnovno-pe elementor-widget elementor-widget-text-editor\" data-id=\"cfebbd9\" data-element_type=\"widget\" data-widget_type=\"text-editor.default\">\n\t\t\t\t<div class=\"elementor-widget-container\">\n\t\t\t\t\t\t\t\t\t<h3><strong>Piloto de ERP<\/strong><\/h3>\n<p>Cuando se requiere una mayor personalizaci\u00f3n para implementar un sistema ERP, el nivel de riesgo aumenta significativamente. En estos casos, se propone un piloto de ERP para implementar y capacitar a los usuarios clave en el sistema ERP actual y realizar una simulaci\u00f3n completa de todos los procesos clave del negocio para documentar las \u00e1reas cr\u00edticas y poder estimar de manera adecuada el costo total y las condiciones del proyecto. Este proceso permite establecer expectativas de manera efectiva y asegura que los clientes ganen la confianza necesaria en nuestro sistema, a una fracci\u00f3n del costo de un sistema ERP.<\/p>\n\t\t\t\t\t\t\t\t<\/div>\n\t\t\t\t<\/div>\n\t\t\t\t\t<\/div>\n\t\t<\/div>\n\t\t\t\t<div class=\"elementor-column elementor-col-33 elementor-top-column elementor-element elementor-element-412e33a\" data-id=\"412e33a\" data-element_type=\"column\">\n\t\t\t<div class=\"elementor-widget-wrap elementor-element-populated\">\n\t\t\t\t\t\t<div class=\"elementor-element elementor-element-5c3029f osnovno-pe elementor-widget elementor-widget-text-editor\" data-id=\"5c3029f\" data-element_type=\"widget\" data-widget_type=\"text-editor.default\">\n\t\t\t\t<div class=\"elementor-widget-container\">\n\t\t\t\t\t\t\t\t\t<h3><strong> Prototipos <\/strong><\/h3>\n<p>An\u00e1lisis de los procesos empresariales y generaci\u00f3n de diagramas (mapas de flujo de valor, diagramas de flujo de trabajo). Es posible desarrollar prototipos para ayudar a identificar las necesidades en escenarios en los que no se conocen en detalle todos los requisitos del proyecto con anticipaci\u00f3n. Estos prototipos brindan a nuestros clientes una mayor sensaci\u00f3n de participaci\u00f3n, apropiaci\u00f3n de las actividades de mejora y una mejor apreciaci\u00f3n de la soluci\u00f3n final; adem\u00e1s, \u00e9stos permiten confirmar los conceptos clave y definir los puntos de desarrollo necesarios para dichos proyectos.<\/p>\n\t\t\t\t\t\t\t\t<\/div>\n\t\t\t\t<\/div>\n\t\t\t\t\t<\/div>\n\t\t<\/div>\n\t\t\t\t<div class=\"elementor-column elementor-col-33 elementor-top-column elementor-element elementor-element-0901a38\" data-id=\"0901a38\" data-element_type=\"column\">\n\t\t\t<div class=\"elementor-widget-wrap elementor-element-populated\">\n\t\t\t\t\t\t<div class=\"elementor-element elementor-element-717242f osnovno-pe elementor-widget elementor-widget-text-editor\" data-id=\"717242f\" data-element_type=\"widget\" data-widget_type=\"text-editor.default\">\n\t\t\t\t<div class=\"elementor-widget-container\">\n\t\t\t\t\t\t\t\t\t<h3><strong>Desarrollo Web<\/strong><\/h3>\n<p>Nuestro equipo cuenta con la experiencia t\u00e9cnica, el desarrollo web y el conocimiento de la industria que usted necesita para transformar su negocio. Trabajaremos con usted para crear las herramientas que le permitir\u00e1n obtener los resultados esperados y a beneficiarse de una combinaci\u00f3n \u00fanica de especializaci\u00f3n t\u00e9cnica, funcional e industrial y de asociaciones con importantes partners tecnol\u00f3gicos para ejecutar su proyecto de manera exitosa.<\/p>\n\t\t\t\t\t\t\t\t<\/div>\n\t\t\t\t<\/div>\n\t\t\t\t\t<\/div>\n\t\t<\/div>\n\t\t\t\t\t<\/div>\n\t\t<\/section>\n\t\t\t\t<section data-particle_enable=\"false\" data-particle-mobile-disabled=\"false\" class=\"elementor-section elementor-top-section elementor-element elementor-element-66f5b47 wrap_padding-bottom elementor-section-boxed elementor-section-height-default elementor-section-height-default\" data-id=\"66f5b47\" data-element_type=\"section\" data-settings=\"{&quot;background_background&quot;:&quot;classic&quot;}\">\n\t\t\t\t\t\t<div class=\"elementor-container elementor-column-gap-default\">\n\t\t\t\t\t<div class=\"elementor-column elementor-col-100 elementor-top-column elementor-element elementor-element-6b16090\" data-id=\"6b16090\" data-element_type=\"column\">\n\t\t\t<div class=\"elementor-widget-wrap elementor-element-populated\">\n\t\t\t\t\t\t<div class=\"elementor-element elementor-element-4e74481 elementor-align-center gold-kopce elementor-widget elementor-widget-button\" data-id=\"4e74481\" data-element_type=\"widget\" data-widget_type=\"button.default\">\n\t\t\t\t<div class=\"elementor-widget-container\">\n\t\t\t\t\t\t\t\t\t<div class=\"elementor-button-wrapper\">\n\t\t\t\t\t<a class=\"elementor-button elementor-button-link elementor-size-sm\" href=\"https:\/\/www.cyframe.com\/es\/obtenga-una-presentacion-gratuita\/\">\n\t\t\t\t\t\t<span class=\"elementor-button-content-wrapper\">\n\t\t\t\t\t\t\t\t\t<span class=\"elementor-button-text\">SOLICITE UNA PRESENTACI\u00d3N HOY<\/span>\n\t\t\t\t\t<\/span>\n\t\t\t\t\t<\/a>\n\t\t\t\t<\/div>\n\t\t\t\t\t\t\t\t<\/div>\n\t\t\t\t<\/div>\n\t\t\t\t\t<\/div>\n\t\t<\/div>\n\t\t\t\t\t<\/div>\n\t\t<\/section>\n\t\t\t\t<\/div>\n\t\t","protected":false},"excerpt":{"rendered":"<p>Proyectos Especiales Proyectos Especiales En CyFrame convertimos los desaf\u00edos en oportunidades haciendo uso de nuestros servicios de proyectos especiales en los que adoptamos un enfoque prudente y confiable para validar los requisitos y para establecer un verdadero retorno de la inversi\u00f3n. Los pilotos y prototipos ERP cuestan una fracci\u00f3n de un proyecto completo y sin [&hellip;]<\/p>\n","protected":false},"author":1,"featured_media":0,"parent":0,"menu_order":0,"comment_status":"closed","ping_status":"closed","template":"","meta":{"content-type":"","footnotes":""},"class_list":["post-2258","page","type-page","status-publish","hentry"],"_links":{"self":[{"href":"https:\/\/www.cyframe.com\/es\/wp-json\/wp\/v2\/pages\/2258","targetHints":{"allow":["GET"]}}],"collection":[{"href":"https:\/\/www.cyframe.com\/es\/wp-json\/wp\/v2\/pages"}],"about":[{"href":"https:\/\/www.cyframe.com\/es\/wp-json\/wp\/v2\/types\/page"}],"author":[{"embeddable":true,"href":"https:\/\/www.cyframe.com\/es\/wp-json\/wp\/v2\/users\/1"}],"replies":[{"embeddable":true,"href":"https:\/\/www.cyframe.com\/es\/wp-json\/wp\/v2\/comments?post=2258"}],"version-history":[{"count":9,"href":"https:\/\/www.cyframe.com\/es\/wp-json\/wp\/v2\/pages\/2258\/revisions"}],"predecessor-version":[{"id":6429,"href":"https:\/\/www.cyframe.com\/es\/wp-json\/wp\/v2\/pages\/2258\/revisions\/6429"}],"wp:attachment":[{"href":"https:\/\/www.cyframe.com\/es\/wp-json\/wp\/v2\/media?parent=2258"}],"curies":[{"name":"wp","href":"https:\/\/api.w.org\/{rel}","templated":true}]}}