{"id":1714,"date":"2020-10-14T11:49:36","date_gmt":"2020-10-14T11:49:36","guid":{"rendered":"https:\/\/www.cyframe.com\/about-us\/"},"modified":"2021-01-12T14:52:39","modified_gmt":"2021-01-12T14:52:39","slug":"acerca-de-nosotros","status":"publish","type":"page","link":"https:\/\/www.cyframe.com\/es\/acerca-de-nosotros\/","title":{"rendered":"Acerca de Nosotros"},"content":{"rendered":"\t\t<div data-elementor-type=\"wp-page\" data-elementor-id=\"1714\" class=\"elementor elementor-1714 elementor-328\" data-elementor-post-type=\"page\">\n\t\t\t\t\t\t<section data-particle_enable=\"false\" data-particle-mobile-disabled=\"false\" class=\"elementor-section elementor-top-section elementor-element elementor-element-e6d59f5 elementor-section-boxed elementor-section-height-default elementor-section-height-default\" data-id=\"e6d59f5\" data-element_type=\"section\" data-settings=\"{&quot;background_background&quot;:&quot;classic&quot;}\">\n\t\t\t\t\t\t<div class=\"elementor-container elementor-column-gap-default\">\n\t\t\t\t\t<div class=\"elementor-column elementor-col-100 elementor-top-column elementor-element elementor-element-57d9419\" data-id=\"57d9419\" data-element_type=\"column\">\n\t\t\t<div class=\"elementor-widget-wrap elementor-element-populated\">\n\t\t\t\t\t\t<div class=\"elementor-element elementor-element-4303a1e elementor-widget elementor-widget-heading\" data-id=\"4303a1e\" data-element_type=\"widget\" data-widget_type=\"heading.default\">\n\t\t\t\t<div class=\"elementor-widget-container\">\n\t\t\t\t\t<h1 class=\"elementor-heading-title elementor-size-default\">Acerca de Nosotros<\/h1>\t\t\t\t<\/div>\n\t\t\t\t<\/div>\n\t\t\t\t\t<\/div>\n\t\t<\/div>\n\t\t\t\t\t<\/div>\n\t\t<\/section>\n\t\t\t\t<section data-particle_enable=\"false\" data-particle-mobile-disabled=\"false\" class=\"elementor-section elementor-top-section elementor-element elementor-element-8c3ec5a wrap_padding elementor-section-boxed elementor-section-height-default elementor-section-height-default\" data-id=\"8c3ec5a\" data-element_type=\"section\">\n\t\t\t\t\t\t<div class=\"elementor-container elementor-column-gap-default\">\n\t\t\t\t\t<div class=\"elementor-column elementor-col-100 elementor-top-column elementor-element elementor-element-1860f49\" data-id=\"1860f49\" data-element_type=\"column\">\n\t\t\t<div class=\"elementor-widget-wrap elementor-element-populated\">\n\t\t\t\t\t\t<div class=\"elementor-element elementor-element-5fcba19 elementor-widget elementor-widget-text-editor\" data-id=\"5fcba19\" data-element_type=\"widget\" data-widget_type=\"text-editor.default\">\n\t\t\t\t<div class=\"elementor-widget-container\">\n\t\t\t\t\t\t\t\t\t<h1 class=\"gold\">Soluciones Poderosas Espec\u00edficas para la Industria<\/h1>\n\t\t\t\t\t\t\t\t<\/div>\n\t\t\t\t<\/div>\n\t\t\t\t<div class=\"elementor-element elementor-element-a131e1f udarno paragraf-400 elementor-widget elementor-widget-text-editor\" data-id=\"a131e1f\" data-element_type=\"widget\" data-widget_type=\"text-editor.default\">\n\t\t\t\t<div class=\"elementor-widget-container\">\n\t\t\t\t\t\t\t\t\t<p>CyFrame es un proveedor \u00fanico de soluciones ERP personalizadas y espec\u00edficas para una industria, en particular para todos los diferentes tipos de procesadores en la industria del pl\u00e1stico. CyFrame invierte continuamente su capital para proporcionar la mejor soluci\u00f3n ERP espec\u00edfica para la industria de los pl\u00e1sticos a\u00f1o tras a\u00f1o para ayudar a los procesadores a evolucionar, pasando \u201cdel papel al conocimiento\u201d de la manera m\u00e1s sencilla posible y manteniendo un enfoque en las operaciones de fabricaci\u00f3n, \u00e1rea en la que fallan la mayor\u00eda de las soluciones ERP tradicionales.<\/p>\n\t\t\t\t\t\t\t\t<\/div>\n\t\t\t\t<\/div>\n\t\t\t\t\t<\/div>\n\t\t<\/div>\n\t\t\t\t\t<\/div>\n\t\t<\/section>\n\t\t\t\t<section data-particle_enable=\"false\" data-particle-mobile-disabled=\"false\" class=\"elementor-section elementor-top-section elementor-element elementor-element-5b21c8c the-journey-so-far wrap_padding elementor-section-boxed elementor-section-height-default elementor-section-height-default\" data-id=\"5b21c8c\" data-element_type=\"section\" data-settings=\"{&quot;background_background&quot;:&quot;classic&quot;}\">\n\t\t\t\t\t\t<div class=\"elementor-container elementor-column-gap-default\">\n\t\t\t\t\t<div class=\"elementor-column elementor-col-100 elementor-top-column elementor-element elementor-element-0c50da8\" data-id=\"0c50da8\" data-element_type=\"column\">\n\t\t\t<div class=\"elementor-widget-wrap elementor-element-populated\">\n\t\t\t\t\t\t<div class=\"elementor-element elementor-element-cba06b3 elementor-widget elementor-widget-text-editor\" data-id=\"cba06b3\" data-element_type=\"widget\" data-widget_type=\"text-editor.default\">\n\t\t\t\t<div class=\"elementor-widget-container\">\n\t\t\t\t\t\t\t\t\t<h1 class=\"blue\">El camino recorrido<\/h1>\n\t\t\t\t\t\t\t\t<\/div>\n\t\t\t\t<\/div>\n\t\t\t\t<div class=\"elementor-element elementor-element-6539a56 about-paragraf osnovno-pe elementor-widget elementor-widget-text-editor\" data-id=\"6539a56\" data-element_type=\"widget\" data-widget_type=\"text-editor.default\">\n\t\t\t\t<div class=\"elementor-widget-container\">\n\t\t\t\t\t\t\t\t\t<p>En 1987, bajo el nombre de CMA Soluciones, empezamos como una empresa local de desarrollo de software personalizado altamente capacitada e implementamos soluciones ERP financieras y de distribuci\u00f3n de primer nivel junto con soluciones de software personalizadas para procesos de fabricaci\u00f3n. En 1997, todo cambi\u00f3 cuando adquirimos uno de los sistemas l\u00edderes de ERP en el este de Canad\u00e1 y lo redise\u00f1amos con base en \u201cArquitectura web centric thin client\u201d con lo que en 2002 comenzamos la era Cyframe en la industria del pl\u00e1stico.<\/p>\n<p>Desde entonces, hemos prestado nuestros servicios a los procesadores de pl\u00e1stico en m\u00e1s de 10 pa\u00edses enfoc\u00e1ndonos en lograr una tasa de \u00e9xito de implementaci\u00f3n del 100%, un cliente a la vez. Deseamos establecer relaciones s\u00f3lidas a largo plazo con nuestros clientes, los miembros de nuestro equipo y los socios externos con base en nuestro fuerte sentido de lealtad y trabajo arduo.<\/p>\n\t\t\t\t\t\t\t\t<\/div>\n\t\t\t\t<\/div>\n\t\t\t\t<div class=\"elementor-element elementor-element-3080aa5 elementor-align-center gold-kopce elementor-widget elementor-widget-button\" data-id=\"3080aa5\" data-element_type=\"widget\" data-widget_type=\"button.default\">\n\t\t\t\t<div class=\"elementor-widget-container\">\n\t\t\t\t\t\t\t\t\t<div class=\"elementor-button-wrapper\">\n\t\t\t\t\t<a class=\"elementor-button elementor-button-link elementor-size-sm\" href=\"https:\/\/www.cyframe.com\/wp-content\/uploads\/2021\/01\/CyFrame-Corporate-Profile-ESP.pdf\" target=\"_blank\">\n\t\t\t\t\t\t<span class=\"elementor-button-content-wrapper\">\n\t\t\t\t\t\t\t\t\t<span class=\"elementor-button-text\">DESCARGUE EL PERFIL EMPRESARIAL<\/span>\n\t\t\t\t\t<\/span>\n\t\t\t\t\t<\/a>\n\t\t\t\t<\/div>\n\t\t\t\t\t\t\t\t<\/div>\n\t\t\t\t<\/div>\n\t\t\t\t\t<\/div>\n\t\t<\/div>\n\t\t\t\t\t<\/div>\n\t\t<\/section>\n\t\t\t\t<section data-particle_enable=\"false\" data-particle-mobile-disabled=\"false\" class=\"elementor-section elementor-top-section elementor-element elementor-element-fff041e the-quest-for-success wrap_padding elementor-section-boxed elementor-section-height-default elementor-section-height-default\" data-id=\"fff041e\" data-element_type=\"section\" data-settings=\"{&quot;background_background&quot;:&quot;classic&quot;}\">\n\t\t\t\t\t\t<div class=\"elementor-container elementor-column-gap-default\">\n\t\t\t\t\t<div class=\"elementor-column elementor-col-100 elementor-top-column elementor-element elementor-element-a2c2b0c\" data-id=\"a2c2b0c\" data-element_type=\"column\">\n\t\t\t<div class=\"elementor-widget-wrap elementor-element-populated\">\n\t\t\t\t\t\t<div class=\"elementor-element elementor-element-bd3d91c elementor-widget elementor-widget-text-editor\" data-id=\"bd3d91c\" data-element_type=\"widget\" data-widget_type=\"text-editor.default\">\n\t\t\t\t<div class=\"elementor-widget-container\">\n\t\t\t\t\t\t\t\t\t<h1 class=\"gold\" style=\"color:#fff !important;\">En la b\u00fasqueda de una tasa de \u00e9xito del 100%<\/h1>\n\t\t\t\t\t\t\t\t<\/div>\n\t\t\t\t<\/div>\n\t\t\t\t<div class=\"elementor-element elementor-element-0c76f02 about-paragraf osnovno-pe elementor-widget elementor-widget-text-editor\" data-id=\"0c76f02\" data-element_type=\"widget\" data-widget_type=\"text-editor.default\">\n\t\t\t\t<div class=\"elementor-widget-container\">\n\t\t\t\t\t\t\t\t\t<p>La misi\u00f3n de CyFrame es alcanzar un \u00edndice de \u00e9xito del 100% en la implementaci\u00f3n de nuestra soluci\u00f3n ERP para la industria del pl\u00e1stico. Durante 15 a\u00f1os de implementaci\u00f3n, hemos aprendido y mejorado continuamente nuestros m\u00e9todos y procesos para alcanzar la mayor tasa de \u00e9xito en la industria adem\u00e1s de esto, nuestro proceso JumpStart 2018 eliminar\u00e1 significativamente los riesgos y, al mismo tiempo, les proporcionar\u00e1 a nuestros clientes resultados de manera mucho m\u00e1s r\u00e1pida.<\/p>\n\t\t\t\t\t\t\t\t<\/div>\n\t\t\t\t<\/div>\n\t\t\t\t\t<\/div>\n\t\t<\/div>\n\t\t\t\t\t<\/div>\n\t\t<\/section>\n\t\t\t\t<section data-particle_enable=\"false\" data-particle-mobile-disabled=\"false\" class=\"elementor-section elementor-top-section elementor-element elementor-element-3589643 growth-and-profitability wrap_padding elementor-section-boxed elementor-section-height-default elementor-section-height-default\" data-id=\"3589643\" data-element_type=\"section\">\n\t\t\t\t\t\t<div class=\"elementor-container elementor-column-gap-default\">\n\t\t\t\t\t<div class=\"elementor-column elementor-col-100 elementor-top-column elementor-element elementor-element-e951d67\" data-id=\"e951d67\" data-element_type=\"column\">\n\t\t\t<div class=\"elementor-widget-wrap elementor-element-populated\">\n\t\t\t\t\t\t<div class=\"elementor-element elementor-element-d0bb041 elementor-widget elementor-widget-text-editor\" data-id=\"d0bb041\" data-element_type=\"widget\" data-widget_type=\"text-editor.default\">\n\t\t\t\t<div class=\"elementor-widget-container\">\n\t\t\t\t\t\t\t\t\t<h1 class=\"blue\">Crecimiento y rentabilidad enmarcados por nuestros valores<\/h1>\n\t\t\t\t\t\t\t\t<\/div>\n\t\t\t\t<\/div>\n\t\t\t\t<div class=\"elementor-element elementor-element-33b89a1 about-paragraf osnovno-pe elementor-widget elementor-widget-text-editor\" data-id=\"33b89a1\" data-element_type=\"widget\" data-widget_type=\"text-editor.default\">\n\t\t\t\t<div class=\"elementor-widget-container\">\n\t\t\t\t\t\t\t\t\t<p>CyFrame, sus propietarios y la alta direcci\u00f3n est\u00e1n comprometidos con la prestaci\u00f3n de un excelente servicio a nuestros clientes de la manera m\u00e1s r\u00e1pida posible para obtener los mejores resultados compartiendo la prosperidad de nuestra compa\u00f1\u00eda con todos los miembros de nuestro equipo, buscando diversidad internacional con pr\u00e1cticas de contrataci\u00f3n sin discriminaci\u00f3n; as\u00ed como con el desarrollo de relaciones s\u00f3lidas con consultores externos y, finalmente, con ser un modelo a seguir en nuestra comunidad al buscar constantemente alcanzar metas cada vez m\u00e1s altas.<\/p>\n<p><p>Para evaluar nuestros logros en Mejores Pr\u00e1cticas de Gesti\u00f3n \u00c9tica, as\u00ed como el Desempe\u00f1o Financiero en comparaci\u00f3n con nuestros pares, participamos en el concurso por el premio que otorga el Banco Nacional de Canad\u00e1 cada 5 a\u00f1os para la regi\u00f3n de Montreal con base en una evaluaci\u00f3n del crecimiento, rentabilidad, condiciones de recursos humanos y comportamiento social \u00e9tico, y las dos veces que nos presentamos ganamos el Gold Award entre las m\u00e1s de 20,000 empresas en nuestra \u00e1rea en Montreal. Con el cambiante sistema de valores de la sociedad actual, CyFrame reconoce que debe evolucionar constantemente para enfrentar estos desaf\u00edos cuanto antes por medio de la innovaci\u00f3n y actualizaci\u00f3n de nuestras pol\u00edticas y nuestras pr\u00e1cticas.<\/p>\n\t\t\t\t\t\t\t\t<\/div>\n\t\t\t\t<\/div>\n\t\t\t\t\t<\/div>\n\t\t<\/div>\n\t\t\t\t\t<\/div>\n\t\t<\/section>\n\t\t\t\t<\/div>\n\t\t","protected":false},"excerpt":{"rendered":"<p>Acerca de Nosotros Soluciones Poderosas Espec\u00edficas para la Industria CyFrame es un proveedor \u00fanico de soluciones ERP personalizadas y espec\u00edficas para una industria, en particular para todos los diferentes tipos de procesadores en la industria del pl\u00e1stico. CyFrame invierte continuamente su capital para proporcionar la mejor soluci\u00f3n ERP espec\u00edfica para la industria de los pl\u00e1sticos [&hellip;]<\/p>\n","protected":false},"author":1,"featured_media":0,"parent":0,"menu_order":0,"comment_status":"closed","ping_status":"closed","template":"","meta":{"content-type":"","footnotes":""},"class_list":["post-1714","page","type-page","status-publish","hentry"],"_links":{"self":[{"href":"https:\/\/www.cyframe.com\/es\/wp-json\/wp\/v2\/pages\/1714","targetHints":{"allow":["GET"]}}],"collection":[{"href":"https:\/\/www.cyframe.com\/es\/wp-json\/wp\/v2\/pages"}],"about":[{"href":"https:\/\/www.cyframe.com\/es\/wp-json\/wp\/v2\/types\/page"}],"author":[{"embeddable":true,"href":"https:\/\/www.cyframe.com\/es\/wp-json\/wp\/v2\/users\/1"}],"replies":[{"embeddable":true,"href":"https:\/\/www.cyframe.com\/es\/wp-json\/wp\/v2\/comments?post=1714"}],"version-history":[{"count":10,"href":"https:\/\/www.cyframe.com\/es\/wp-json\/wp\/v2\/pages\/1714\/revisions"}],"predecessor-version":[{"id":6785,"href":"https:\/\/www.cyframe.com\/es\/wp-json\/wp\/v2\/pages\/1714\/revisions\/6785"}],"wp:attachment":[{"href":"https:\/\/www.cyframe.com\/es\/wp-json\/wp\/v2\/media?parent=1714"}],"curies":[{"name":"wp","href":"https:\/\/api.w.org\/{rel}","templated":true}]}}